{"id":133499,"date":"2025-05-18T22:35:23","date_gmt":"2025-05-18T22:35:23","guid":{"rendered":"https:\/\/staging2.stylingagenten.com\/fi\/produkt\/head-elite-edt-50ml\/"},"modified":"2026-04-08T15:29:42","modified_gmt":"2026-04-08T15:29:42","slug":"head-elite-edt-50ml","status":"publish","type":"product","link":"https:\/\/stylingagenten.com\/fi\/tuote\/head-elite-edt-50ml\/","title":{"rendered":"HEAD Elite Edt 50ml"},"content":{"rendered":"<p>Koe eleganssia ja lumoavaa vieh\u00e4tysvoimaa HEAD Eliten kanssa, herkk\u00e4 kukkais- ja hedelm\u00e4inen tuoksu, joka avautuu raikkailla bergamotin ja sitruunan vivahteilla, sekoitettuna pinkkien marjojen kanssa. Persikan ja vadelman hedelm\u00e4iset syd\u00e4nuotit l\u00e4mpenev\u00e4t varovasti santelipuun ja kuivan puun kanssa, kun taas ruusun s\u00e4vyt tuovat ripauksen klassismia ja eleganssia. Tonkapavun, benjoinin ja myskin pohjatuoksut levitt\u00e4v\u00e4t pehme\u00e4n ja lumoavan ilmapiirin, joka t\u00e4ydent\u00e4\u00e4 tuoksun hienostuneen luonteen.<\/p>\n<p>YL\u00c4NUOTIT: Bergamotti, Sitruuna, Pinkki marjat<br \/>\n<br \/>SYD\u00c4NNOTIT: Persikka, Vadelma, Ruusu, Santelipuu, Kuiva puu<br \/>\n<br \/>P\u00d5HJANUOTIT: Tonkapapu, Benzoiini, Musk<\/p>\n<p>50ml<\/p>\n","protected":false},"excerpt":{"rendered":"<p>Koe eleganssia ja lumoavaa vieh\u00e4tysvoimaa HEAD Eliten kanssa, herkk\u00e4 kukkais- ja hedelm\u00e4inen tuoksu, joka avautuu raikkailla bergamotin ja sitruunan vivahteilla, sekoitettuna pinkkien marjojen kanssa. Persikan ja vadelman hedelm\u00e4iset syd\u00e4nuotit l\u00e4mpenev\u00e4t varovasti santelipuun ja kuivan puun kanssa, kun taas ruusun s\u00e4vyt tuovat ripauksen klassismia ja eleganssia. Tonkapavun, benjoinin ja myskin pohjatuoksut levitt\u00e4v\u00e4t pehme\u00e4n ja lumoavan ilmapiirin, [&hellip;]<\/p>\n","protected":false},"featured_media":133488,"comment_status":"open","ping_status":"closed","template":"","meta":{"_trash_the_other_posts":false},"product_brand":[],"product_cat":[999,707,735],"product_tag":[],"berocket_brand":[1416],"class_list":{"0":"post-133499","1":"product","2":"type-product","3":"status-publish","4":"has-post-thumbnail","6":"product_cat-kampanjatarjous-naiselle","7":"product_cat-naisten-eau-de-toilette","8":"product_cat-kampanjamme","9":"pa_brand-head","10":"berocket_brand-head","12":"first","13":"instock","14":"sale","15":"taxable","16":"shipping-taxable","17":"purchasable","18":"product-type-simple"},"_links":{"self":[{"href":"https:\/\/stylingagenten.com\/fi\/wp-json\/wp\/v2\/product\/133499","targetHints":{"allow":["GET"]}}],"collection":[{"href":"https:\/\/stylingagenten.com\/fi\/wp-json\/wp\/v2\/product"}],"about":[{"href":"https:\/\/stylingagenten.com\/fi\/wp-json\/wp\/v2\/types\/product"}],"replies":[{"embeddable":true,"href":"https:\/\/stylingagenten.com\/fi\/wp-json\/wp\/v2\/comments?post=133499"}],"version-history":[{"count":0,"href":"https:\/\/stylingagenten.com\/fi\/wp-json\/wp\/v2\/product\/133499\/revisions"}],"wp:featuredmedia":[{"embeddable":true,"href":"https:\/\/stylingagenten.com\/fi\/wp-json\/wp\/v2\/media\/133488"}],"wp:attachment":[{"href":"https:\/\/stylingagenten.com\/fi\/wp-json\/wp\/v2\/media?parent=133499"}],"wp:term":[{"taxonomy":"product_brand","embeddable":true,"href":"https:\/\/stylingagenten.com\/fi\/wp-json\/wp\/v2\/product_brand?post=133499"},{"taxonomy":"product_cat","embeddable":true,"href":"https:\/\/stylingagenten.com\/fi\/wp-json\/wp\/v2\/product_cat?post=133499"},{"taxonomy":"product_tag","embeddable":true,"href":"https:\/\/stylingagenten.com\/fi\/wp-json\/wp\/v2\/product_tag?post=133499"},{"taxonomy":"berocket_brand","embeddable":true,"href":"https:\/\/stylingagenten.com\/fi\/wp-json\/wp\/v2\/berocket_brand?post=133499"}],"curies":[{"name":"wp","href":"https:\/\/api.w.org\/{rel}","templated":true}]}}