{"id":133476,"date":"2025-05-18T22:35:19","date_gmt":"2025-05-18T22:35:19","guid":{"rendered":"https:\/\/staging2.stylingagenten.com\/fi\/produkt\/versace-crystal-noir-edp-50ml\/"},"modified":"2026-04-14T10:58:41","modified_gmt":"2026-04-14T10:58:41","slug":"versace-crystal-noir-edp-50ml","status":"publish","type":"product","link":"https:\/\/stylingagenten.com\/fi\/tuote\/versace-crystal-noir-edp-50ml\/","title":{"rendered":"Versace Crystal Noir Edp 50ml"},"content":{"rendered":"<p>Versace Crystal Noir Parfum on tuoksu, joka on luotu naiselle, jolla on kiistaton l\u00e4sn\u00e4olo, itsevarmuus ja heikkous haute couturelle. T\u00e4m\u00e4 ylellinen tuoksu heijastaa ylellist\u00e4 iltapukua \u2013 aistillinen mestariteos, joka on saanut inspiraationsa Versacen luovuudesta ja modernista ylellisyydest\u00e4. Sukella olemukseen, jossa tumma ja mystinen vetovoima kohtaa rohkean t\u00e4ytel\u00e4isyyden. Tuoksu avautuu s\u00e4teilevill\u00e4 sitrushedelmill\u00e4, jotka muistuttavat L\u00e4hi-id\u00e4n auringonlaskuista, ja sekoittuvat eksoottisiin mausteisiin, jotka antavat rohkean s\u00e4vyn. Syd\u00e4n paljastaa lumoavan kukkaisen sinfonian, jota t\u00e4ydent\u00e4v\u00e4t koukuttavat nuotit, jotka luovat ymp\u00e4r\u00f6iv\u00e4n makeuden. Lopulta puumainen ja it\u00e4mainen pohja kehittyy ja viimeistelee tuoksun syvyydell\u00e4 ja intensiteetill\u00e4.<\/p>\n<p>Toppituoksut: Keltainen mandariini, ros\u00e9pippuri, mustaherukka<br \/>\n<br \/>Syd\u00e4ntuoksut: Tuberose, kielo, karamelli<br \/>\n<br \/>Pohjatuoksut: Santelipuu, akigalatree, meripihka, vaniljaorkidea<\/p>\n<p>50ml<\/p>\n","protected":false},"excerpt":{"rendered":"<p>Versace Crystal Noir Parfum on tuoksu, joka on luotu naiselle, jolla on kiistaton l\u00e4sn\u00e4olo, itsevarmuus ja heikkous haute couturelle. T\u00e4m\u00e4 ylellinen tuoksu heijastaa ylellist\u00e4 iltapukua \u2013 aistillinen mestariteos, joka on saanut inspiraationsa Versacen luovuudesta ja modernista ylellisyydest\u00e4. Sukella olemukseen, jossa tumma ja mystinen vetovoima kohtaa rohkean t\u00e4ytel\u00e4isyyden. Tuoksu avautuu s\u00e4teilevill\u00e4 sitrushedelmill\u00e4, jotka muistuttavat L\u00e4hi-id\u00e4n auringonlaskuista, [&hellip;]<\/p>\n","protected":false},"featured_media":133470,"comment_status":"open","ping_status":"closed","template":"","meta":{"_trash_the_other_posts":false},"product_brand":[],"product_cat":[999,706,735],"product_tag":[4041],"berocket_brand":[1083],"class_list":{"0":"post-133476","1":"product","2":"type-product","3":"status-publish","4":"has-post-thumbnail","6":"product_cat-kampanjatarjous-naiselle","7":"product_cat-naisten-eau-de-parfum","8":"product_cat-kampanjamme","9":"product_tag-versace-crystal-noir-edp","10":"pa_brand-versace","11":"pa_variantti-50ml","12":"berocket_brand-versace","14":"first","15":"instock","16":"sale","17":"taxable","18":"shipping-taxable","19":"purchasable","20":"product-type-simple"},"_links":{"self":[{"href":"https:\/\/stylingagenten.com\/fi\/wp-json\/wp\/v2\/product\/133476","targetHints":{"allow":["GET"]}}],"collection":[{"href":"https:\/\/stylingagenten.com\/fi\/wp-json\/wp\/v2\/product"}],"about":[{"href":"https:\/\/stylingagenten.com\/fi\/wp-json\/wp\/v2\/types\/product"}],"replies":[{"embeddable":true,"href":"https:\/\/stylingagenten.com\/fi\/wp-json\/wp\/v2\/comments?post=133476"}],"version-history":[{"count":1,"href":"https:\/\/stylingagenten.com\/fi\/wp-json\/wp\/v2\/product\/133476\/revisions"}],"predecessor-version":[{"id":443166,"href":"https:\/\/stylingagenten.com\/fi\/wp-json\/wp\/v2\/product\/133476\/revisions\/443166"}],"wp:featuredmedia":[{"embeddable":true,"href":"https:\/\/stylingagenten.com\/fi\/wp-json\/wp\/v2\/media\/133470"}],"wp:attachment":[{"href":"https:\/\/stylingagenten.com\/fi\/wp-json\/wp\/v2\/media?parent=133476"}],"wp:term":[{"taxonomy":"product_brand","embeddable":true,"href":"https:\/\/stylingagenten.com\/fi\/wp-json\/wp\/v2\/product_brand?post=133476"},{"taxonomy":"product_cat","embeddable":true,"href":"https:\/\/stylingagenten.com\/fi\/wp-json\/wp\/v2\/product_cat?post=133476"},{"taxonomy":"product_tag","embeddable":true,"href":"https:\/\/stylingagenten.com\/fi\/wp-json\/wp\/v2\/product_tag?post=133476"},{"taxonomy":"berocket_brand","embeddable":true,"href":"https:\/\/stylingagenten.com\/fi\/wp-json\/wp\/v2\/berocket_brand?post=133476"}],"curies":[{"name":"wp","href":"https:\/\/api.w.org\/{rel}","templated":true}]}}