{"id":133464,"date":"2025-05-18T22:35:18","date_gmt":"2025-05-18T22:35:18","guid":{"rendered":"https:\/\/staging2.stylingagenten.com\/fi\/produkt\/issey-miyake-a-drop-dissey-edp-50ml\/"},"modified":"2026-03-25T18:48:27","modified_gmt":"2026-03-25T18:48:27","slug":"issey-miyake-a-drop-dissey-edp-50ml","status":"publish","type":"product","link":"https:\/\/stylingagenten.com\/fi\/tuote\/issey-miyake-a-drop-dissey-edp-50ml\/","title":{"rendered":"Issey Miyake A Drop d&#8217;Issey Edp 50ml"},"content":{"rendered":"<p>Issey Miyake A Drop d\u2019Issey eau de parfum on kutsu l\u00f6yt\u00e4\u00e4 luonnon kauneus. Eau de parfum, jonka kukkainen signatuuri yhdist\u00e4\u00e4 auringonl\u00e4mpim\u00e4n syreenin, kermaisen mantelimaidon ja aistillisen myskin.<\/p>\n<p>A Drop d\u2019Issey avautuu puhtaimmalla damaskonruusulla. Syd\u00e4mess\u00e4 kukkaiset syreenin s\u00e4vyt korostuvat yhdess\u00e4 kermaisen mantelimaidon ja appelsiininkukan vivahteiden kanssa. Tuoksun pohja viimeistell\u00e4\u00e4n setripuulla ja myskiakordilla, joka on rakennettu Ambrox Superin ja bio-vanilliinin ymp\u00e4rille.<\/p>\n<p>50ml<\/p>\n","protected":false},"excerpt":{"rendered":"<p>Issey Miyake A Drop d\u2019Issey eau de parfum on kutsu l\u00f6yt\u00e4\u00e4 luonnon kauneus. Eau de parfum, jonka kukkainen signatuuri yhdist\u00e4\u00e4 auringonl\u00e4mpim\u00e4n syreenin, kermaisen mantelimaidon ja aistillisen myskin. A Drop d\u2019Issey avautuu puhtaimmalla damaskonruusulla. Syd\u00e4mess\u00e4 kukkaiset syreenin s\u00e4vyt korostuvat yhdess\u00e4 kermaisen mantelimaidon ja appelsiininkukan vivahteiden kanssa. Tuoksun pohja viimeistell\u00e4\u00e4n setripuulla ja myskiakordilla, joka on rakennettu Ambrox [&hellip;]<\/p>\n","protected":false},"featured_media":133435,"comment_status":"open","ping_status":"closed","template":"","meta":{"_trash_the_other_posts":false},"product_brand":[],"product_cat":[706],"product_tag":[],"berocket_brand":[1348],"class_list":{"0":"post-133464","1":"product","2":"type-product","3":"status-publish","4":"has-post-thumbnail","6":"product_cat-naisten-eau-de-parfum","7":"pa_brand-issey-miyake","8":"berocket_brand-issey-miyake","10":"first","11":"outofstock","12":"sale","13":"taxable","14":"shipping-taxable","15":"purchasable","16":"product-type-simple"},"_links":{"self":[{"href":"https:\/\/stylingagenten.com\/fi\/wp-json\/wp\/v2\/product\/133464","targetHints":{"allow":["GET"]}}],"collection":[{"href":"https:\/\/stylingagenten.com\/fi\/wp-json\/wp\/v2\/product"}],"about":[{"href":"https:\/\/stylingagenten.com\/fi\/wp-json\/wp\/v2\/types\/product"}],"replies":[{"embeddable":true,"href":"https:\/\/stylingagenten.com\/fi\/wp-json\/wp\/v2\/comments?post=133464"}],"version-history":[{"count":0,"href":"https:\/\/stylingagenten.com\/fi\/wp-json\/wp\/v2\/product\/133464\/revisions"}],"wp:featuredmedia":[{"embeddable":true,"href":"https:\/\/stylingagenten.com\/fi\/wp-json\/wp\/v2\/media\/133435"}],"wp:attachment":[{"href":"https:\/\/stylingagenten.com\/fi\/wp-json\/wp\/v2\/media?parent=133464"}],"wp:term":[{"taxonomy":"product_brand","embeddable":true,"href":"https:\/\/stylingagenten.com\/fi\/wp-json\/wp\/v2\/product_brand?post=133464"},{"taxonomy":"product_cat","embeddable":true,"href":"https:\/\/stylingagenten.com\/fi\/wp-json\/wp\/v2\/product_cat?post=133464"},{"taxonomy":"product_tag","embeddable":true,"href":"https:\/\/stylingagenten.com\/fi\/wp-json\/wp\/v2\/product_tag?post=133464"},{"taxonomy":"berocket_brand","embeddable":true,"href":"https:\/\/stylingagenten.com\/fi\/wp-json\/wp\/v2\/berocket_brand?post=133464"}],"curies":[{"name":"wp","href":"https:\/\/api.w.org\/{rel}","templated":true}]}}