{"id":133459,"date":"2025-05-18T22:35:17","date_gmt":"2025-05-18T22:35:17","guid":{"rendered":"https:\/\/staging2.stylingagenten.com\/fi\/produkt\/elizabeth-arden-white-tea-mandarin-blossom-edt-50ml\/"},"modified":"2026-04-08T20:28:33","modified_gmt":"2026-04-08T20:28:33","slug":"elizabeth-arden-white-tea-mandarin-blossom-edt-50ml","status":"publish","type":"product","link":"https:\/\/stylingagenten.com\/fi\/tuote\/elizabeth-arden-white-tea-mandarin-blossom-edt-50ml\/","title":{"rendered":"Elizabeth Arden White Tea Mandarin Blossom Edt 50ml"},"content":{"rendered":"<p>Elizabeth Arden White Tea Mandarin Blossom EdT luo onnen ja energian tunteen avaamalla huippunuotin mandariinilla ja bergamotilla, jota seuraa syd\u00e4n, joka sis\u00e4lt\u00e4\u00e4 appelsiininkukkia, jasmiinia ja valkoista teet\u00e4. Pohjatuoksuina myski ja setripuu antavat l\u00e4mpim\u00e4n ja raikkaan syvyyden.<\/p>\n<p>50ml<\/p>\n","protected":false},"excerpt":{"rendered":"<p>Elizabeth Arden White Tea Mandarin Blossom EdT luo onnen ja energian tunteen avaamalla huippunuotin mandariinilla ja bergamotilla, jota seuraa syd\u00e4n, joka sis\u00e4lt\u00e4\u00e4 appelsiininkukkia, jasmiinia ja valkoista teet\u00e4. Pohjatuoksuina myski ja setripuu antavat l\u00e4mpim\u00e4n ja raikkaan syvyyden. 50ml<\/p>\n","protected":false},"featured_media":133455,"comment_status":"open","ping_status":"closed","template":"","meta":{"_trash_the_other_posts":false},"product_brand":[],"product_cat":[999,707,735],"product_tag":[2876],"berocket_brand":[1303],"class_list":{"0":"post-133459","1":"product","2":"type-product","3":"status-publish","4":"has-post-thumbnail","6":"product_cat-kampanjatarjous-naiselle","7":"product_cat-naisten-eau-de-toilette","8":"product_cat-kampanjamme","9":"product_tag-elizabeth-arden-white-tea-mandarin-blossom-edt","10":"pa_brand-elizabeth-arden","11":"pa_variantti-50ml","12":"berocket_brand-elizabeth-arden","14":"first","15":"instock","16":"sale","17":"taxable","18":"shipping-taxable","19":"purchasable","20":"product-type-simple"},"_links":{"self":[{"href":"https:\/\/stylingagenten.com\/fi\/wp-json\/wp\/v2\/product\/133459","targetHints":{"allow":["GET"]}}],"collection":[{"href":"https:\/\/stylingagenten.com\/fi\/wp-json\/wp\/v2\/product"}],"about":[{"href":"https:\/\/stylingagenten.com\/fi\/wp-json\/wp\/v2\/types\/product"}],"replies":[{"embeddable":true,"href":"https:\/\/stylingagenten.com\/fi\/wp-json\/wp\/v2\/comments?post=133459"}],"version-history":[{"count":0,"href":"https:\/\/stylingagenten.com\/fi\/wp-json\/wp\/v2\/product\/133459\/revisions"}],"wp:featuredmedia":[{"embeddable":true,"href":"https:\/\/stylingagenten.com\/fi\/wp-json\/wp\/v2\/media\/133455"}],"wp:attachment":[{"href":"https:\/\/stylingagenten.com\/fi\/wp-json\/wp\/v2\/media?parent=133459"}],"wp:term":[{"taxonomy":"product_brand","embeddable":true,"href":"https:\/\/stylingagenten.com\/fi\/wp-json\/wp\/v2\/product_brand?post=133459"},{"taxonomy":"product_cat","embeddable":true,"href":"https:\/\/stylingagenten.com\/fi\/wp-json\/wp\/v2\/product_cat?post=133459"},{"taxonomy":"product_tag","embeddable":true,"href":"https:\/\/stylingagenten.com\/fi\/wp-json\/wp\/v2\/product_tag?post=133459"},{"taxonomy":"berocket_brand","embeddable":true,"href":"https:\/\/stylingagenten.com\/fi\/wp-json\/wp\/v2\/berocket_brand?post=133459"}],"curies":[{"name":"wp","href":"https:\/\/api.w.org\/{rel}","templated":true}]}}