{"id":133453,"date":"2025-05-18T22:35:15","date_gmt":"2025-05-18T22:35:15","guid":{"rendered":"https:\/\/staging2.stylingagenten.com\/fi\/produkt\/billie-eilish-eilish-no-2-edp-50ml\/"},"modified":"2026-04-09T17:58:28","modified_gmt":"2026-04-09T17:58:28","slug":"billie-eilish-eilish-no-2-edp-50ml","status":"publish","type":"product","link":"https:\/\/stylingagenten.com\/fi\/tuote\/billie-eilish-eilish-no-2-edp-50ml\/","title":{"rendered":"Billie Eilish Eilish No.2 Edp 50ml"},"content":{"rendered":"<p>Billie Eilish Eilish No.2 Edp on sensuelli ja magneettinen tuoksu, joka kannustaa sinua tutkimaan henkil\u00f6kohtaista, rohkeaa ja viettelev\u00e4\u00e4 puoltasi. Parfyymi avautuu raikkailla italialaisen bergamotin ja omenankukan nuoteilla. Syd\u00e4mess\u00e4 on puumainen, maanl\u00e4heinen mausteisuus papyruksen ja mustapippurin kanssa, vastakohtana villit, kosteudelta tuoksuvat unikkokukat. Pohjanuotit puumaisesta palo santosta ja ebeneist\u00e4 on taitavasti kiedottu metalliseen, vivahteikkaaseen myskiverhoon, joka viimeistelee kokemuksen.<\/p>\n<p>Ykk\u00f6nen: Bergamotti, omenankukka Syd\u00e4n: Papyrus, mustapippuri, unikkokukka Pohja: Palo santo, ebenpuu, myski<\/p>\n<p>50ml<\/p>\n","protected":false},"excerpt":{"rendered":"<p>Billie Eilish Eilish No.2 Edp on sensuelli ja magneettinen tuoksu, joka kannustaa sinua tutkimaan henkil\u00f6kohtaista, rohkeaa ja viettelev\u00e4\u00e4 puoltasi. Parfyymi avautuu raikkailla italialaisen bergamotin ja omenankukan nuoteilla. Syd\u00e4mess\u00e4 on puumainen, maanl\u00e4heinen mausteisuus papyruksen ja mustapippurin kanssa, vastakohtana villit, kosteudelta tuoksuvat unikkokukat. Pohjanuotit puumaisesta palo santosta ja ebeneist\u00e4 on taitavasti kiedottu metalliseen, vivahteikkaaseen myskiverhoon, joka viimeistelee [&hellip;]<\/p>\n","protected":false},"featured_media":133429,"comment_status":"open","ping_status":"closed","template":"","meta":{"_trash_the_other_posts":false},"product_brand":[],"product_cat":[999,706,735],"product_tag":[2552],"berocket_brand":[1419],"class_list":{"0":"post-133453","1":"product","2":"type-product","3":"status-publish","4":"has-post-thumbnail","6":"product_cat-kampanjatarjous-naiselle","7":"product_cat-naisten-eau-de-parfum","8":"product_cat-kampanjamme","9":"product_tag-billie-eilish-eilish-no-2-edp","10":"pa_brand-billie-eilish","11":"pa_variantti-50ml","12":"berocket_brand-billie-eilish","14":"first","15":"outofstock","16":"sale","17":"taxable","18":"shipping-taxable","19":"purchasable","20":"product-type-simple"},"_links":{"self":[{"href":"https:\/\/stylingagenten.com\/fi\/wp-json\/wp\/v2\/product\/133453","targetHints":{"allow":["GET"]}}],"collection":[{"href":"https:\/\/stylingagenten.com\/fi\/wp-json\/wp\/v2\/product"}],"about":[{"href":"https:\/\/stylingagenten.com\/fi\/wp-json\/wp\/v2\/types\/product"}],"replies":[{"embeddable":true,"href":"https:\/\/stylingagenten.com\/fi\/wp-json\/wp\/v2\/comments?post=133453"}],"version-history":[{"count":0,"href":"https:\/\/stylingagenten.com\/fi\/wp-json\/wp\/v2\/product\/133453\/revisions"}],"wp:featuredmedia":[{"embeddable":true,"href":"https:\/\/stylingagenten.com\/fi\/wp-json\/wp\/v2\/media\/133429"}],"wp:attachment":[{"href":"https:\/\/stylingagenten.com\/fi\/wp-json\/wp\/v2\/media?parent=133453"}],"wp:term":[{"taxonomy":"product_brand","embeddable":true,"href":"https:\/\/stylingagenten.com\/fi\/wp-json\/wp\/v2\/product_brand?post=133453"},{"taxonomy":"product_cat","embeddable":true,"href":"https:\/\/stylingagenten.com\/fi\/wp-json\/wp\/v2\/product_cat?post=133453"},{"taxonomy":"product_tag","embeddable":true,"href":"https:\/\/stylingagenten.com\/fi\/wp-json\/wp\/v2\/product_tag?post=133453"},{"taxonomy":"berocket_brand","embeddable":true,"href":"https:\/\/stylingagenten.com\/fi\/wp-json\/wp\/v2\/berocket_brand?post=133453"}],"curies":[{"name":"wp","href":"https:\/\/api.w.org\/{rel}","templated":true}]}}