{"id":133450,"date":"2025-05-18T22:35:15","date_gmt":"2025-05-18T22:35:15","guid":{"rendered":"https:\/\/staging2.stylingagenten.com\/fi\/produkt\/laura-biagiotti-forever-edp-30ml\/"},"modified":"2026-04-14T13:58:26","modified_gmt":"2026-04-14T13:58:26","slug":"laura-biagiotti-forever-edp-30ml","status":"publish","type":"product","link":"https:\/\/stylingagenten.com\/fi\/tuote\/laura-biagiotti-forever-edp-30ml\/","title":{"rendered":"Laura Biagiotti Forever Edp 30ml"},"content":{"rendered":"<p>Laura Biagiotti Forever Edp on naisellinen, energinen ja kukkainen tuoksu aurinkoisilla sitrushedelm\u00e4nuoteilla ja v\u00e4rikk\u00e4\u00e4ll\u00e4 hedelm\u00e4isyydell\u00e4. Pullon muoto symboloi ikuisuutta, aivan kuten nimi vihjaa.<\/p>\n<p>Toppituoksut: bergamotti, omena, p\u00e4\u00e4ryn\u00e4, punaherukka<br \/>\n<br \/>Syd\u00e4ntuoksut: ruusu, violetti, kielo<br \/>\n<br \/>Pohjatuoksut: vanilja, myski, mustaherukka, tonkapavut<\/p>\n<p>30ml<\/p>\n","protected":false},"excerpt":{"rendered":"<p>Laura Biagiotti Forever Edp on naisellinen, energinen ja kukkainen tuoksu aurinkoisilla sitrushedelm\u00e4nuoteilla ja v\u00e4rikk\u00e4\u00e4ll\u00e4 hedelm\u00e4isyydell\u00e4. Pullon muoto symboloi ikuisuutta, aivan kuten nimi vihjaa. Toppituoksut: bergamotti, omena, p\u00e4\u00e4ryn\u00e4, punaherukka Syd\u00e4ntuoksut: ruusu, violetti, kielo Pohjatuoksut: vanilja, myski, mustaherukka, tonkapavut 30ml<\/p>\n","protected":false},"featured_media":133444,"comment_status":"open","ping_status":"closed","template":"","meta":{"_trash_the_other_posts":false},"product_brand":[],"product_cat":[999,706,735],"product_tag":[],"berocket_brand":[1112],"class_list":{"0":"post-133450","1":"product","2":"type-product","3":"status-publish","4":"has-post-thumbnail","6":"product_cat-kampanjatarjous-naiselle","7":"product_cat-naisten-eau-de-parfum","8":"product_cat-kampanjamme","9":"pa_brand-laura-biagiotti","10":"berocket_brand-laura-biagiotti","12":"first","13":"outofstock","14":"sale","15":"taxable","16":"shipping-taxable","17":"purchasable","18":"product-type-simple"},"_links":{"self":[{"href":"https:\/\/stylingagenten.com\/fi\/wp-json\/wp\/v2\/product\/133450","targetHints":{"allow":["GET"]}}],"collection":[{"href":"https:\/\/stylingagenten.com\/fi\/wp-json\/wp\/v2\/product"}],"about":[{"href":"https:\/\/stylingagenten.com\/fi\/wp-json\/wp\/v2\/types\/product"}],"replies":[{"embeddable":true,"href":"https:\/\/stylingagenten.com\/fi\/wp-json\/wp\/v2\/comments?post=133450"}],"version-history":[{"count":1,"href":"https:\/\/stylingagenten.com\/fi\/wp-json\/wp\/v2\/product\/133450\/revisions"}],"predecessor-version":[{"id":443170,"href":"https:\/\/stylingagenten.com\/fi\/wp-json\/wp\/v2\/product\/133450\/revisions\/443170"}],"wp:featuredmedia":[{"embeddable":true,"href":"https:\/\/stylingagenten.com\/fi\/wp-json\/wp\/v2\/media\/133444"}],"wp:attachment":[{"href":"https:\/\/stylingagenten.com\/fi\/wp-json\/wp\/v2\/media?parent=133450"}],"wp:term":[{"taxonomy":"product_brand","embeddable":true,"href":"https:\/\/stylingagenten.com\/fi\/wp-json\/wp\/v2\/product_brand?post=133450"},{"taxonomy":"product_cat","embeddable":true,"href":"https:\/\/stylingagenten.com\/fi\/wp-json\/wp\/v2\/product_cat?post=133450"},{"taxonomy":"product_tag","embeddable":true,"href":"https:\/\/stylingagenten.com\/fi\/wp-json\/wp\/v2\/product_tag?post=133450"},{"taxonomy":"berocket_brand","embeddable":true,"href":"https:\/\/stylingagenten.com\/fi\/wp-json\/wp\/v2\/berocket_brand?post=133450"}],"curies":[{"name":"wp","href":"https:\/\/api.w.org\/{rel}","templated":true}]}}