{"id":133438,"date":"2025-05-18T22:35:14","date_gmt":"2025-05-18T22:35:14","guid":{"rendered":"https:\/\/staging2.stylingagenten.com\/fi\/produkt\/boucheron-place-vendome-edp-100ml\/"},"modified":"2026-04-13T12:10:33","modified_gmt":"2026-04-13T12:10:33","slug":"boucheron-place-vendome-edp-100ml","status":"publish","type":"product","link":"https:\/\/stylingagenten.com\/fi\/tuote\/boucheron-place-vendome-edp-100ml\/","title":{"rendered":"Boucheron Place Vendome Edp 100ml"},"content":{"rendered":"<p>Boucheron Place Vendome Edp on tuoksu, joka syleilee aistejasi kuplivalla energialla ja eleganssilla! Boucheron Place Vend\u00f4me eau de parfum on t\u00e4ydellinen kumppani jokaiselle naiselle, joka etsii ripauksen ylellisyytt\u00e4 arkeensa. T\u00e4m\u00e4 ambrosiaalinen kukkaistuoksu on luotu lahjakkaan parfyymintekij\u00e4n Olivier Crespin toimesta, joka on vanginnut naisellisen voiman ja kauneuden olemuksen.<\/p>\n<p>Yl\u00e4osat: Raikas r\u00e4j\u00e4hdys p\u00e4\u00e4ryn\u00e4\u00e4, mandariinia ja vaaleanpunaista pippuria antaa kuplivan alun.<br \/>\n<br \/>Syd\u00e4ntuoksut: Kukat kaikissa muodoissaan, jasmiini, appelsiininkukka ja ruusu kudovat romanttisen ja elegantin melodian.<br \/>\n<br \/>Pohjatuoksut: L\u00e4mmin lopetus ruusupuulla ja vaniljalla, joka syleilee ihoa makealla ja puumaisella tunteella.<\/p>\n<p>100ml<\/p>\n","protected":false},"excerpt":{"rendered":"<p>Boucheron Place Vendome Edp on tuoksu, joka syleilee aistejasi kuplivalla energialla ja eleganssilla! Boucheron Place Vend\u00f4me eau de parfum on t\u00e4ydellinen kumppani jokaiselle naiselle, joka etsii ripauksen ylellisyytt\u00e4 arkeensa. T\u00e4m\u00e4 ambrosiaalinen kukkaistuoksu on luotu lahjakkaan parfyymintekij\u00e4n Olivier Crespin toimesta, joka on vanginnut naisellisen voiman ja kauneuden olemuksen. Yl\u00e4osat: Raikas r\u00e4j\u00e4hdys p\u00e4\u00e4ryn\u00e4\u00e4, mandariinia ja vaaleanpunaista pippuria [&hellip;]<\/p>\n","protected":false},"featured_media":133432,"comment_status":"open","ping_status":"closed","template":"","meta":{"_trash_the_other_posts":false},"product_brand":[],"product_cat":[706],"product_tag":[],"berocket_brand":[1148],"class_list":{"0":"post-133438","1":"product","2":"type-product","3":"status-publish","4":"has-post-thumbnail","6":"product_cat-naisten-eau-de-parfum","7":"pa_brand-boucheron","8":"berocket_brand-boucheron","10":"first","11":"instock","12":"sale","13":"taxable","14":"shipping-taxable","15":"purchasable","16":"product-type-simple"},"_links":{"self":[{"href":"https:\/\/stylingagenten.com\/fi\/wp-json\/wp\/v2\/product\/133438","targetHints":{"allow":["GET"]}}],"collection":[{"href":"https:\/\/stylingagenten.com\/fi\/wp-json\/wp\/v2\/product"}],"about":[{"href":"https:\/\/stylingagenten.com\/fi\/wp-json\/wp\/v2\/types\/product"}],"replies":[{"embeddable":true,"href":"https:\/\/stylingagenten.com\/fi\/wp-json\/wp\/v2\/comments?post=133438"}],"version-history":[{"count":0,"href":"https:\/\/stylingagenten.com\/fi\/wp-json\/wp\/v2\/product\/133438\/revisions"}],"wp:featuredmedia":[{"embeddable":true,"href":"https:\/\/stylingagenten.com\/fi\/wp-json\/wp\/v2\/media\/133432"}],"wp:attachment":[{"href":"https:\/\/stylingagenten.com\/fi\/wp-json\/wp\/v2\/media?parent=133438"}],"wp:term":[{"taxonomy":"product_brand","embeddable":true,"href":"https:\/\/stylingagenten.com\/fi\/wp-json\/wp\/v2\/product_brand?post=133438"},{"taxonomy":"product_cat","embeddable":true,"href":"https:\/\/stylingagenten.com\/fi\/wp-json\/wp\/v2\/product_cat?post=133438"},{"taxonomy":"product_tag","embeddable":true,"href":"https:\/\/stylingagenten.com\/fi\/wp-json\/wp\/v2\/product_tag?post=133438"},{"taxonomy":"berocket_brand","embeddable":true,"href":"https:\/\/stylingagenten.com\/fi\/wp-json\/wp\/v2\/berocket_brand?post=133438"}],"curies":[{"name":"wp","href":"https:\/\/api.w.org\/{rel}","templated":true}]}}