{"id":133402,"date":"2025-05-18T22:35:07","date_gmt":"2025-05-18T22:35:07","guid":{"rendered":"https:\/\/staging2.stylingagenten.com\/fi\/produkt\/zadig-voltaire-this-is-us-leau-for-all-edt-50ml\/"},"modified":"2026-03-26T09:18:24","modified_gmt":"2026-03-26T09:18:24","slug":"zadig-voltaire-this-is-us-leau-for-all-edt-50ml","status":"publish","type":"product","link":"https:\/\/stylingagenten.com\/fi\/tuote\/zadig-voltaire-this-is-us-leau-for-all-edt-50ml\/","title":{"rendered":"Zadig &amp; Voltaire This is Us! L&#8217;eau For All Edt 50ml"},"content":{"rendered":"<p>Uuden Vibes of Freedom -linjan my\u00f6t\u00e4 Zadig &amp; Voltaire osoittaa, ett\u00e4 vapaus on vaisto ja tunne, joka on syv\u00e4sti yhteydess\u00e4 luontoon \u2013 tunne, johon meid\u00e4n on p\u00e4\u00e4st\u00e4v\u00e4 uudelleen kosketuksiin.<\/p>\n<p>This is Us L&#8217;eau for All on kutsu antaa aistien vaeltaa. Raikas tuulahdus, joka t\u00e4ytt\u00e4\u00e4 koko kehon energialla ja rauhalla. Eau de Toilette sek\u00e4 naisille ett\u00e4 miehille, jossa on ripaus s\u00e4teilev\u00e4\u00e4 bergamottia ja kevytt\u00e4 nerolia, yhdistettyn\u00e4 energiseen laventeli\u00f6ljyyn. Pohjatuoksu, jossa on kermaista santelipuuta ja sensuellia myski\u00e4, antaa tuoksulle sen j\u00e4nnitt\u00e4v\u00e4n ja raikkaan, puumaisen luonteen.<\/p>\n<p>50ml<\/p>\n","protected":false},"excerpt":{"rendered":"<p>Uuden Vibes of Freedom -linjan my\u00f6t\u00e4 Zadig &amp; Voltaire osoittaa, ett\u00e4 vapaus on vaisto ja tunne, joka on syv\u00e4sti yhteydess\u00e4 luontoon \u2013 tunne, johon meid\u00e4n on p\u00e4\u00e4st\u00e4v\u00e4 uudelleen kosketuksiin. This is Us L&#8217;eau for All on kutsu antaa aistien vaeltaa. Raikas tuulahdus, joka t\u00e4ytt\u00e4\u00e4 koko kehon energialla ja rauhalla. Eau de Toilette sek\u00e4 naisille ett\u00e4 [&hellip;]<\/p>\n","protected":false},"featured_media":133379,"comment_status":"open","ping_status":"closed","template":"","meta":{"_trash_the_other_posts":false},"product_brand":[],"product_cat":[999,707,735],"product_tag":[],"berocket_brand":[1153],"class_list":{"0":"post-133402","1":"product","2":"type-product","3":"status-publish","4":"has-post-thumbnail","6":"product_cat-kampanjatarjous-naiselle","7":"product_cat-naisten-eau-de-toilette","8":"product_cat-kampanjamme","9":"pa_brand-zadig-voltaire","10":"berocket_brand-zadig-voltaire","12":"first","13":"outofstock","14":"sale","15":"taxable","16":"shipping-taxable","17":"purchasable","18":"product-type-simple"},"_links":{"self":[{"href":"https:\/\/stylingagenten.com\/fi\/wp-json\/wp\/v2\/product\/133402","targetHints":{"allow":["GET"]}}],"collection":[{"href":"https:\/\/stylingagenten.com\/fi\/wp-json\/wp\/v2\/product"}],"about":[{"href":"https:\/\/stylingagenten.com\/fi\/wp-json\/wp\/v2\/types\/product"}],"replies":[{"embeddable":true,"href":"https:\/\/stylingagenten.com\/fi\/wp-json\/wp\/v2\/comments?post=133402"}],"version-history":[{"count":0,"href":"https:\/\/stylingagenten.com\/fi\/wp-json\/wp\/v2\/product\/133402\/revisions"}],"wp:featuredmedia":[{"embeddable":true,"href":"https:\/\/stylingagenten.com\/fi\/wp-json\/wp\/v2\/media\/133379"}],"wp:attachment":[{"href":"https:\/\/stylingagenten.com\/fi\/wp-json\/wp\/v2\/media?parent=133402"}],"wp:term":[{"taxonomy":"product_brand","embeddable":true,"href":"https:\/\/stylingagenten.com\/fi\/wp-json\/wp\/v2\/product_brand?post=133402"},{"taxonomy":"product_cat","embeddable":true,"href":"https:\/\/stylingagenten.com\/fi\/wp-json\/wp\/v2\/product_cat?post=133402"},{"taxonomy":"product_tag","embeddable":true,"href":"https:\/\/stylingagenten.com\/fi\/wp-json\/wp\/v2\/product_tag?post=133402"},{"taxonomy":"berocket_brand","embeddable":true,"href":"https:\/\/stylingagenten.com\/fi\/wp-json\/wp\/v2\/berocket_brand?post=133402"}],"curies":[{"name":"wp","href":"https:\/\/api.w.org\/{rel}","templated":true}]}}