{"id":133372,"date":"2025-05-18T22:35:02","date_gmt":"2025-05-18T22:35:02","guid":{"rendered":"https:\/\/staging2.stylingagenten.com\/fi\/produkt\/lattafa-ameerat-al-arab-prive-rose-edp-100ml\/"},"modified":"2026-03-17T16:37:34","modified_gmt":"2026-03-17T16:37:34","slug":"lattafa-ameerat-al-arab-prive-rose-edp-100ml","status":"publish","type":"product","link":"https:\/\/stylingagenten.com\/fi\/tuote\/lattafa-ameerat-al-arab-prive-rose-edp-100ml\/","title":{"rendered":"Lattafa Ameerat Al Arab Prive Rose Edp 100ml"},"content":{"rendered":"<p>Lattafa Ameerat Al Arab Prive Rose Edp naisille tulee nopeasti uudeksi intohimoksesi ja on vaikea luopua siit\u00e4. Se lumoaa sinut ensi hetkest\u00e4 ja vakuuttaa sinut siit\u00e4, ett\u00e4 se ansaitsee paikkansa kampausp\u00f6yd\u00e4ll\u00e4si.<\/p>\n<p>Yl\u00e4vivahteet: Mansikka, Myski, Persikka<br \/>\n<br \/>Syd\u00e4nvivahteet: Ruusu, Vanilja, Omena<br \/>\n<br \/>Pohjavivahteet: Valkoinen myski, Kashmir<\/p>\n<p>100ml<\/p>\n","protected":false},"excerpt":{"rendered":"<p>Lattafa Ameerat Al Arab Prive Rose Edp naisille tulee nopeasti uudeksi intohimoksesi ja on vaikea luopua siit\u00e4. Se lumoaa sinut ensi hetkest\u00e4 ja vakuuttaa sinut siit\u00e4, ett\u00e4 se ansaitsee paikkansa kampausp\u00f6yd\u00e4ll\u00e4si. Yl\u00e4vivahteet: Mansikka, Myski, Persikka Syd\u00e4nvivahteet: Ruusu, Vanilja, Omena Pohjavivahteet: Valkoinen myski, Kashmir 100ml<\/p>\n","protected":false},"featured_media":133366,"comment_status":"open","ping_status":"closed","template":"","meta":{"_trash_the_other_posts":false},"product_brand":[],"product_cat":[999,706,735],"product_tag":[],"berocket_brand":[1414],"class_list":{"0":"post-133372","1":"product","2":"type-product","3":"status-publish","4":"has-post-thumbnail","6":"product_cat-kampanjatarjous-naiselle","7":"product_cat-naisten-eau-de-parfum","8":"product_cat-kampanjamme","9":"pa_brand-lattafa","10":"berocket_brand-lattafa","12":"first","13":"outofstock","14":"sale","15":"taxable","16":"shipping-taxable","17":"purchasable","18":"product-type-simple"},"_links":{"self":[{"href":"https:\/\/stylingagenten.com\/fi\/wp-json\/wp\/v2\/product\/133372","targetHints":{"allow":["GET"]}}],"collection":[{"href":"https:\/\/stylingagenten.com\/fi\/wp-json\/wp\/v2\/product"}],"about":[{"href":"https:\/\/stylingagenten.com\/fi\/wp-json\/wp\/v2\/types\/product"}],"replies":[{"embeddable":true,"href":"https:\/\/stylingagenten.com\/fi\/wp-json\/wp\/v2\/comments?post=133372"}],"version-history":[{"count":0,"href":"https:\/\/stylingagenten.com\/fi\/wp-json\/wp\/v2\/product\/133372\/revisions"}],"wp:featuredmedia":[{"embeddable":true,"href":"https:\/\/stylingagenten.com\/fi\/wp-json\/wp\/v2\/media\/133366"}],"wp:attachment":[{"href":"https:\/\/stylingagenten.com\/fi\/wp-json\/wp\/v2\/media?parent=133372"}],"wp:term":[{"taxonomy":"product_brand","embeddable":true,"href":"https:\/\/stylingagenten.com\/fi\/wp-json\/wp\/v2\/product_brand?post=133372"},{"taxonomy":"product_cat","embeddable":true,"href":"https:\/\/stylingagenten.com\/fi\/wp-json\/wp\/v2\/product_cat?post=133372"},{"taxonomy":"product_tag","embeddable":true,"href":"https:\/\/stylingagenten.com\/fi\/wp-json\/wp\/v2\/product_tag?post=133372"},{"taxonomy":"berocket_brand","embeddable":true,"href":"https:\/\/stylingagenten.com\/fi\/wp-json\/wp\/v2\/berocket_brand?post=133372"}],"curies":[{"name":"wp","href":"https:\/\/api.w.org\/{rel}","templated":true}]}}