{"id":133363,"date":"2025-05-18T22:35:01","date_gmt":"2025-05-18T22:35:01","guid":{"rendered":"https:\/\/staging2.stylingagenten.com\/fi\/produkt\/lattafa-jasoor-edp-100ml\/"},"modified":"2026-03-20T10:27:40","modified_gmt":"2026-03-20T10:27:40","slug":"lattafa-jasoor-edp-100ml","status":"publish","type":"product","link":"https:\/\/stylingagenten.com\/fi\/tuote\/lattafa-jasoor-edp-100ml\/","title":{"rendered":"Lattafa Jasoor Edp 100ml"},"content":{"rendered":"<p>Uusi p\u00e4iv\u00e4, uudet mahdollisuudet. Unisex Eau de Parfum Lattafa Jasoor virkist\u00e4\u00e4 mielt\u00e4 ja kannustaa sinua seuraamaan vaistojasi. Odota innolla jokap\u00e4iv\u00e4isi\u00e4 seikkailuja.<\/p>\n<p>Yl\u00e4vivahteet: Bergamotti, Kardemumma, Omena<br \/>\n<br \/>Syd\u00e4nvivahteet: Laventeli, Pelargoni, Tupakka<br \/>\n<br \/>Pohjavivahteet: Patsuli, Nahka, Vetiver, Tonkapapu<\/p>\n<p>100ml<\/p>\n","protected":false},"excerpt":{"rendered":"<p>Uusi p\u00e4iv\u00e4, uudet mahdollisuudet. Unisex Eau de Parfum Lattafa Jasoor virkist\u00e4\u00e4 mielt\u00e4 ja kannustaa sinua seuraamaan vaistojasi. Odota innolla jokap\u00e4iv\u00e4isi\u00e4 seikkailuja. Yl\u00e4vivahteet: Bergamotti, Kardemumma, Omena Syd\u00e4nvivahteet: Laventeli, Pelargoni, Tupakka Pohjavivahteet: Patsuli, Nahka, Vetiver, Tonkapapu 100ml<\/p>\n","protected":false},"featured_media":133358,"comment_status":"open","ping_status":"closed","template":"","meta":{"_trash_the_other_posts":false},"product_brand":[],"product_cat":[729,999,735],"product_tag":[],"berocket_brand":[1414],"class_list":{"0":"post-133363","1":"product","2":"type-product","3":"status-publish","4":"has-post-thumbnail","6":"product_cat-eau-de-parfum-unisex","7":"product_cat-kampanjatarjous-naiselle","8":"product_cat-kampanjamme","9":"pa_brand-lattafa","10":"berocket_brand-lattafa","12":"first","13":"instock","14":"sale","15":"taxable","16":"shipping-taxable","17":"purchasable","18":"product-type-simple"},"_links":{"self":[{"href":"https:\/\/stylingagenten.com\/fi\/wp-json\/wp\/v2\/product\/133363","targetHints":{"allow":["GET"]}}],"collection":[{"href":"https:\/\/stylingagenten.com\/fi\/wp-json\/wp\/v2\/product"}],"about":[{"href":"https:\/\/stylingagenten.com\/fi\/wp-json\/wp\/v2\/types\/product"}],"replies":[{"embeddable":true,"href":"https:\/\/stylingagenten.com\/fi\/wp-json\/wp\/v2\/comments?post=133363"}],"version-history":[{"count":0,"href":"https:\/\/stylingagenten.com\/fi\/wp-json\/wp\/v2\/product\/133363\/revisions"}],"wp:featuredmedia":[{"embeddable":true,"href":"https:\/\/stylingagenten.com\/fi\/wp-json\/wp\/v2\/media\/133358"}],"wp:attachment":[{"href":"https:\/\/stylingagenten.com\/fi\/wp-json\/wp\/v2\/media?parent=133363"}],"wp:term":[{"taxonomy":"product_brand","embeddable":true,"href":"https:\/\/stylingagenten.com\/fi\/wp-json\/wp\/v2\/product_brand?post=133363"},{"taxonomy":"product_cat","embeddable":true,"href":"https:\/\/stylingagenten.com\/fi\/wp-json\/wp\/v2\/product_cat?post=133363"},{"taxonomy":"product_tag","embeddable":true,"href":"https:\/\/stylingagenten.com\/fi\/wp-json\/wp\/v2\/product_tag?post=133363"},{"taxonomy":"berocket_brand","embeddable":true,"href":"https:\/\/stylingagenten.com\/fi\/wp-json\/wp\/v2\/berocket_brand?post=133363"}],"curies":[{"name":"wp","href":"https:\/\/api.w.org\/{rel}","templated":true}]}}