{"id":133350,"date":"2025-05-18T22:34:58","date_gmt":"2025-05-18T22:34:58","guid":{"rendered":"https:\/\/staging2.stylingagenten.com\/fi\/produkt\/lattafa-ana-abiyedh-rouge-edp-100ml\/"},"modified":"2026-04-09T13:44:26","modified_gmt":"2026-04-09T13:44:26","slug":"lattafa-ana-abiyedh-rouge-edp-100ml","status":"publish","type":"product","link":"https:\/\/stylingagenten.com\/fi\/tuote\/lattafa-ana-abiyedh-rouge-edp-100ml\/","title":{"rendered":"Lattafa Ana Abiyedh Rouge Edp 100ml"},"content":{"rendered":"<p>L\u00f6yd\u00e4 huumaava ja eteerinen tuoksu, jonka voit jakaa kumppanisi kanssa. Lattafa Ana Abiyedh Rouge on eau de parfum, joka on t\u00e4ydellinen syntym\u00e4p\u00e4iv\u00e4n tai yhteisen juhlap\u00e4iv\u00e4n juhlistamiseen. Se ei vain paranna mielialaasi, vaan my\u00f6s itseluottamustasi, koska siin\u00e4 on mausteista sahramia ja katkeraa mantelia.<\/p>\n<p>Yl\u00e4vivahteet: P\u00e4\u00e4ryn\u00e4, Kumkvat, Bergamotti<br \/>Syd\u00e4nvivahteet: Pelargonia, Kardemumma, Korianteri<br \/>Pohjavivahteet: Ambergris, Nahkanahka, Tahitilainen vetiveri<\/p>\n<p>100ml<\/p>\n","protected":false},"excerpt":{"rendered":"<p>L\u00f6yd\u00e4 huumaava ja eteerinen tuoksu, jonka voit jakaa kumppanisi kanssa. Lattafa Ana Abiyedh Rouge on eau de parfum, joka on t\u00e4ydellinen syntym\u00e4p\u00e4iv\u00e4n tai yhteisen juhlap\u00e4iv\u00e4n juhlistamiseen. Se ei vain paranna mielialaasi, vaan my\u00f6s itseluottamustasi, koska siin\u00e4 on mausteista sahramia ja katkeraa mantelia. Yl\u00e4vivahteet: P\u00e4\u00e4ryn\u00e4, Kumkvat, BergamottiSyd\u00e4nvivahteet: Pelargonia, Kardemumma, KorianteriPohjavivahteet: Ambergris, Nahkanahka, Tahitilainen vetiveri 100ml<\/p>\n","protected":false},"featured_media":133342,"comment_status":"open","ping_status":"closed","template":"","meta":{"_trash_the_other_posts":false},"product_brand":[],"product_cat":[729,999,735],"product_tag":[],"berocket_brand":[1414],"class_list":{"0":"post-133350","1":"product","2":"type-product","3":"status-publish","4":"has-post-thumbnail","6":"product_cat-eau-de-parfum-unisex","7":"product_cat-kampanjatarjous-naiselle","8":"product_cat-kampanjamme","9":"pa_brand-lattafa","10":"berocket_brand-lattafa","12":"first","13":"outofstock","14":"sale","15":"taxable","16":"shipping-taxable","17":"purchasable","18":"product-type-simple"},"_links":{"self":[{"href":"https:\/\/stylingagenten.com\/fi\/wp-json\/wp\/v2\/product\/133350","targetHints":{"allow":["GET"]}}],"collection":[{"href":"https:\/\/stylingagenten.com\/fi\/wp-json\/wp\/v2\/product"}],"about":[{"href":"https:\/\/stylingagenten.com\/fi\/wp-json\/wp\/v2\/types\/product"}],"replies":[{"embeddable":true,"href":"https:\/\/stylingagenten.com\/fi\/wp-json\/wp\/v2\/comments?post=133350"}],"version-history":[{"count":0,"href":"https:\/\/stylingagenten.com\/fi\/wp-json\/wp\/v2\/product\/133350\/revisions"}],"wp:featuredmedia":[{"embeddable":true,"href":"https:\/\/stylingagenten.com\/fi\/wp-json\/wp\/v2\/media\/133342"}],"wp:attachment":[{"href":"https:\/\/stylingagenten.com\/fi\/wp-json\/wp\/v2\/media?parent=133350"}],"wp:term":[{"taxonomy":"product_brand","embeddable":true,"href":"https:\/\/stylingagenten.com\/fi\/wp-json\/wp\/v2\/product_brand?post=133350"},{"taxonomy":"product_cat","embeddable":true,"href":"https:\/\/stylingagenten.com\/fi\/wp-json\/wp\/v2\/product_cat?post=133350"},{"taxonomy":"product_tag","embeddable":true,"href":"https:\/\/stylingagenten.com\/fi\/wp-json\/wp\/v2\/product_tag?post=133350"},{"taxonomy":"berocket_brand","embeddable":true,"href":"https:\/\/stylingagenten.com\/fi\/wp-json\/wp\/v2\/berocket_brand?post=133350"}],"curies":[{"name":"wp","href":"https:\/\/api.w.org\/{rel}","templated":true}]}}