{"id":133346,"date":"2025-05-18T22:34:58","date_gmt":"2025-05-18T22:34:58","guid":{"rendered":"https:\/\/staging2.stylingagenten.com\/fi\/produkt\/lattafa-rave-now-edp-100ml\/"},"modified":"2026-04-13T14:48:26","modified_gmt":"2026-04-13T14:48:26","slug":"lattafa-rave-now-edp-100ml","status":"publish","type":"product","link":"https:\/\/stylingagenten.com\/fi\/tuote\/lattafa-rave-now-edp-100ml\/","title":{"rendered":"Lattafa Rave Now Edp 100ml"},"content":{"rendered":"<p>Lattafa Rave Now on tuoksu naisille, vastustamaton parfyymi, joka vangitsee kaikki ik\u00e4ryhm\u00e4t ainutlaatuisella tuoksuyhdistelm\u00e4ll\u00e4\u00e4n.<\/p>\n<p>Yl\u00e4vivahteet: Punaiset hedelm\u00e4t ja Appelsiini<br \/>\n<br \/>Syd\u00e4nvivahteet: Vaahtokarkki, Kielo ja Jasmiini<br \/>\n<br \/>Pohjavivahteet: Vanilja, Sammal ja Myski<\/p>\n<p>100ml<\/p>\n","protected":false},"excerpt":{"rendered":"<p>Lattafa Rave Now on tuoksu naisille, vastustamaton parfyymi, joka vangitsee kaikki ik\u00e4ryhm\u00e4t ainutlaatuisella tuoksuyhdistelm\u00e4ll\u00e4\u00e4n. Yl\u00e4vivahteet: Punaiset hedelm\u00e4t ja Appelsiini Syd\u00e4nvivahteet: Vaahtokarkki, Kielo ja Jasmiini Pohjavivahteet: Vanilja, Sammal ja Myski 100ml<\/p>\n","protected":false},"featured_media":133340,"comment_status":"open","ping_status":"closed","template":"","meta":{"_trash_the_other_posts":false},"product_brand":[],"product_cat":[999,706,735],"product_tag":[],"berocket_brand":[1414],"class_list":{"0":"post-133346","1":"product","2":"type-product","3":"status-publish","4":"has-post-thumbnail","6":"product_cat-kampanjatarjous-naiselle","7":"product_cat-naisten-eau-de-parfum","8":"product_cat-kampanjamme","9":"pa_brand-lattafa","10":"berocket_brand-lattafa","12":"first","13":"instock","14":"sale","15":"taxable","16":"shipping-taxable","17":"purchasable","18":"product-type-simple"},"_links":{"self":[{"href":"https:\/\/stylingagenten.com\/fi\/wp-json\/wp\/v2\/product\/133346","targetHints":{"allow":["GET"]}}],"collection":[{"href":"https:\/\/stylingagenten.com\/fi\/wp-json\/wp\/v2\/product"}],"about":[{"href":"https:\/\/stylingagenten.com\/fi\/wp-json\/wp\/v2\/types\/product"}],"replies":[{"embeddable":true,"href":"https:\/\/stylingagenten.com\/fi\/wp-json\/wp\/v2\/comments?post=133346"}],"version-history":[{"count":0,"href":"https:\/\/stylingagenten.com\/fi\/wp-json\/wp\/v2\/product\/133346\/revisions"}],"wp:featuredmedia":[{"embeddable":true,"href":"https:\/\/stylingagenten.com\/fi\/wp-json\/wp\/v2\/media\/133340"}],"wp:attachment":[{"href":"https:\/\/stylingagenten.com\/fi\/wp-json\/wp\/v2\/media?parent=133346"}],"wp:term":[{"taxonomy":"product_brand","embeddable":true,"href":"https:\/\/stylingagenten.com\/fi\/wp-json\/wp\/v2\/product_brand?post=133346"},{"taxonomy":"product_cat","embeddable":true,"href":"https:\/\/stylingagenten.com\/fi\/wp-json\/wp\/v2\/product_cat?post=133346"},{"taxonomy":"product_tag","embeddable":true,"href":"https:\/\/stylingagenten.com\/fi\/wp-json\/wp\/v2\/product_tag?post=133346"},{"taxonomy":"berocket_brand","embeddable":true,"href":"https:\/\/stylingagenten.com\/fi\/wp-json\/wp\/v2\/berocket_brand?post=133346"}],"curies":[{"name":"wp","href":"https:\/\/api.w.org\/{rel}","templated":true}]}}