{"id":133334,"date":"2025-05-18T22:34:56","date_gmt":"2025-05-18T22:34:56","guid":{"rendered":"https:\/\/staging2.stylingagenten.com\/fi\/produkt\/antonio-banderas-the-icon-splendid-edp-100ml\/"},"modified":"2026-04-11T21:18:25","modified_gmt":"2026-04-11T21:18:25","slug":"antonio-banderas-the-icon-splendid-edp-100ml","status":"publish","type":"product","link":"https:\/\/stylingagenten.com\/fi\/tuote\/antonio-banderas-the-icon-splendid-edp-100ml\/","title":{"rendered":"Antonio Banderas The Icon Splendid Edp 100ml"},"content":{"rendered":"<p>Antonio Banderas The Icon Splendid Edp yhdist\u00e4\u00e4 kukkaisia, hedelm\u00e4isi\u00e4 ja it\u00e4maisia vivahteita luodakseen lumoavan tuoksuel\u00e4myksen.<\/p>\n<p>Alkutuoksu: Bergamotti, Mustaherukka<br \/>\n<br \/>Syd\u00e4ntuoksu: Iiris, Ruusu, Jasmiini<br \/>\n<br \/>Pohjatuoksu: Patsuli, Vanilja, Santelipuu<\/p>\n<p>100ml<\/p>\n","protected":false},"excerpt":{"rendered":"<p>Antonio Banderas The Icon Splendid Edp yhdist\u00e4\u00e4 kukkaisia, hedelm\u00e4isi\u00e4 ja it\u00e4maisia vivahteita luodakseen lumoavan tuoksuel\u00e4myksen. Alkutuoksu: Bergamotti, Mustaherukka Syd\u00e4ntuoksu: Iiris, Ruusu, Jasmiini Pohjatuoksu: Patsuli, Vanilja, Santelipuu 100ml<\/p>\n","protected":false},"featured_media":133325,"comment_status":"open","ping_status":"closed","template":"","meta":{"_trash_the_other_posts":false},"product_brand":[],"product_cat":[999,706,735],"product_tag":[2385],"berocket_brand":[1072],"class_list":{"0":"post-133334","1":"product","2":"type-product","3":"status-publish","4":"has-post-thumbnail","6":"product_cat-kampanjatarjous-naiselle","7":"product_cat-naisten-eau-de-parfum","8":"product_cat-kampanjamme","9":"product_tag-antonio-banderas-the-icon-splendid-edp","10":"pa_brand-antonio-banderas","11":"pa_variantti-100ml","12":"berocket_brand-antonio-banderas","14":"first","15":"instock","16":"sale","17":"taxable","18":"shipping-taxable","19":"purchasable","20":"product-type-simple"},"_links":{"self":[{"href":"https:\/\/stylingagenten.com\/fi\/wp-json\/wp\/v2\/product\/133334","targetHints":{"allow":["GET"]}}],"collection":[{"href":"https:\/\/stylingagenten.com\/fi\/wp-json\/wp\/v2\/product"}],"about":[{"href":"https:\/\/stylingagenten.com\/fi\/wp-json\/wp\/v2\/types\/product"}],"replies":[{"embeddable":true,"href":"https:\/\/stylingagenten.com\/fi\/wp-json\/wp\/v2\/comments?post=133334"}],"version-history":[{"count":0,"href":"https:\/\/stylingagenten.com\/fi\/wp-json\/wp\/v2\/product\/133334\/revisions"}],"wp:featuredmedia":[{"embeddable":true,"href":"https:\/\/stylingagenten.com\/fi\/wp-json\/wp\/v2\/media\/133325"}],"wp:attachment":[{"href":"https:\/\/stylingagenten.com\/fi\/wp-json\/wp\/v2\/media?parent=133334"}],"wp:term":[{"taxonomy":"product_brand","embeddable":true,"href":"https:\/\/stylingagenten.com\/fi\/wp-json\/wp\/v2\/product_brand?post=133334"},{"taxonomy":"product_cat","embeddable":true,"href":"https:\/\/stylingagenten.com\/fi\/wp-json\/wp\/v2\/product_cat?post=133334"},{"taxonomy":"product_tag","embeddable":true,"href":"https:\/\/stylingagenten.com\/fi\/wp-json\/wp\/v2\/product_tag?post=133334"},{"taxonomy":"berocket_brand","embeddable":true,"href":"https:\/\/stylingagenten.com\/fi\/wp-json\/wp\/v2\/berocket_brand?post=133334"}],"curies":[{"name":"wp","href":"https:\/\/api.w.org\/{rel}","templated":true}]}}