{"id":133312,"date":"2025-05-18T22:34:51","date_gmt":"2025-05-18T22:34:51","guid":{"rendered":"https:\/\/staging2.stylingagenten.com\/fi\/produkt\/lattafa-rave-pure-desire-gold-edp-100ml\/"},"modified":"2026-04-13T07:09:40","modified_gmt":"2026-04-13T07:09:40","slug":"lattafa-rave-pure-desire-gold-edp-100ml","status":"publish","type":"product","link":"https:\/\/stylingagenten.com\/fi\/tuote\/lattafa-rave-pure-desire-gold-edp-100ml\/","title":{"rendered":"Lattafa Rave Pure Desire Gold Edp 100ml"},"content":{"rendered":"<p>Lattafa Rave Pure Desire Gold Edp on lumoava Eau de Parfum, joka on suunniteltu naisille. T\u00e4m\u00e4 ylellinen tuoksu sis\u00e4lt\u00e4\u00e4 rikkaan ja vieh\u00e4tt\u00e4v\u00e4n sekoituksen kukkaisia ja makeita s\u00e4vyj\u00e4. Sen glamour-tyylinen kultainen pakkaus tekee siit\u00e4 t\u00e4ydellisen tuoksun rohkean vaikutelman luomiseen.<\/p>\n<p>Huippunuotit: Mandariinit, Amber<\/p>\n<p>Syd\u00e4ntuoksut: Neilikat, Neilikka, Liljekonvalj, Valkoiset kukat<\/p>\n<p>Pohjatuoksut: Harmaa amber, Vanilja, Karamelli<\/p>\n<p>100ml<\/p>\n","protected":false},"excerpt":{"rendered":"<p>Lattafa Rave Pure Desire Gold Edp on lumoava Eau de Parfum, joka on suunniteltu naisille. T\u00e4m\u00e4 ylellinen tuoksu sis\u00e4lt\u00e4\u00e4 rikkaan ja vieh\u00e4tt\u00e4v\u00e4n sekoituksen kukkaisia ja makeita s\u00e4vyj\u00e4. Sen glamour-tyylinen kultainen pakkaus tekee siit\u00e4 t\u00e4ydellisen tuoksun rohkean vaikutelman luomiseen. Huippunuotit: Mandariinit, Amber Syd\u00e4ntuoksut: Neilikat, Neilikka, Liljekonvalj, Valkoiset kukat Pohjatuoksut: Harmaa amber, Vanilja, Karamelli 100ml<\/p>\n","protected":false},"featured_media":133308,"comment_status":"open","ping_status":"closed","template":"","meta":{"_trash_the_other_posts":false},"product_brand":[],"product_cat":[999,706,735],"product_tag":[],"berocket_brand":[1414],"class_list":{"0":"post-133312","1":"product","2":"type-product","3":"status-publish","4":"has-post-thumbnail","6":"product_cat-kampanjatarjous-naiselle","7":"product_cat-naisten-eau-de-parfum","8":"product_cat-kampanjamme","9":"pa_brand-lattafa","10":"berocket_brand-lattafa","12":"first","13":"instock","14":"sale","15":"taxable","16":"shipping-taxable","17":"purchasable","18":"product-type-simple"},"_links":{"self":[{"href":"https:\/\/stylingagenten.com\/fi\/wp-json\/wp\/v2\/product\/133312","targetHints":{"allow":["GET"]}}],"collection":[{"href":"https:\/\/stylingagenten.com\/fi\/wp-json\/wp\/v2\/product"}],"about":[{"href":"https:\/\/stylingagenten.com\/fi\/wp-json\/wp\/v2\/types\/product"}],"replies":[{"embeddable":true,"href":"https:\/\/stylingagenten.com\/fi\/wp-json\/wp\/v2\/comments?post=133312"}],"version-history":[{"count":0,"href":"https:\/\/stylingagenten.com\/fi\/wp-json\/wp\/v2\/product\/133312\/revisions"}],"wp:featuredmedia":[{"embeddable":true,"href":"https:\/\/stylingagenten.com\/fi\/wp-json\/wp\/v2\/media\/133308"}],"wp:attachment":[{"href":"https:\/\/stylingagenten.com\/fi\/wp-json\/wp\/v2\/media?parent=133312"}],"wp:term":[{"taxonomy":"product_brand","embeddable":true,"href":"https:\/\/stylingagenten.com\/fi\/wp-json\/wp\/v2\/product_brand?post=133312"},{"taxonomy":"product_cat","embeddable":true,"href":"https:\/\/stylingagenten.com\/fi\/wp-json\/wp\/v2\/product_cat?post=133312"},{"taxonomy":"product_tag","embeddable":true,"href":"https:\/\/stylingagenten.com\/fi\/wp-json\/wp\/v2\/product_tag?post=133312"},{"taxonomy":"berocket_brand","embeddable":true,"href":"https:\/\/stylingagenten.com\/fi\/wp-json\/wp\/v2\/berocket_brand?post=133312"}],"curies":[{"name":"wp","href":"https:\/\/api.w.org\/{rel}","templated":true}]}}