{"id":133311,"date":"2025-05-18T22:34:51","date_gmt":"2025-05-18T22:34:51","guid":{"rendered":"https:\/\/staging2.stylingagenten.com\/fi\/produkt\/lattafa-haya-edp-100ml\/"},"modified":"2026-03-25T15:08:51","modified_gmt":"2026-03-25T15:08:51","slug":"lattafa-haya-edp-100ml","status":"publish","type":"product","link":"https:\/\/stylingagenten.com\/fi\/tuote\/lattafa-haya-edp-100ml\/","title":{"rendered":"Lattafa Haya Edp 100ml"},"content":{"rendered":"<p>Lattafa Haya Edp:n ainutlaatuinen tuoksu luo t\u00e4ydellisen tasapainon leikkisyyden ja eleganssin v\u00e4lill\u00e4, suunniteltu naisille, jotka rakastavat ilmaista karismansa ja tyylins\u00e4.<\/p>\n<p>Huipputuoksut: Shampanja, Mansikka, Ruusu, Mandariini ja Veriapelsiini<\/p>\n<p>Syd\u00e4ntuoksut: Gardenia, Jasmiini ja Vaniljaorkidea<\/p>\n<p>Pohjatuoksut: Amber, Santelipuu ja Kastanja<\/p>\n<p>100ml<\/p>\n","protected":false},"excerpt":{"rendered":"<p>Lattafa Haya Edp:n ainutlaatuinen tuoksu luo t\u00e4ydellisen tasapainon leikkisyyden ja eleganssin v\u00e4lill\u00e4, suunniteltu naisille, jotka rakastavat ilmaista karismansa ja tyylins\u00e4. Huipputuoksut: Shampanja, Mansikka, Ruusu, Mandariini ja Veriapelsiini Syd\u00e4ntuoksut: Gardenia, Jasmiini ja Vaniljaorkidea Pohjatuoksut: Amber, Santelipuu ja Kastanja 100ml<\/p>\n","protected":false},"featured_media":133305,"comment_status":"open","ping_status":"closed","template":"","meta":{"_trash_the_other_posts":false},"product_brand":[],"product_cat":[999,706,735],"product_tag":[],"berocket_brand":[1414],"class_list":{"0":"post-133311","1":"product","2":"type-product","3":"status-publish","4":"has-post-thumbnail","6":"product_cat-kampanjatarjous-naiselle","7":"product_cat-naisten-eau-de-parfum","8":"product_cat-kampanjamme","9":"pa_brand-lattafa","10":"berocket_brand-lattafa","12":"first","13":"instock","14":"sale","15":"taxable","16":"shipping-taxable","17":"purchasable","18":"product-type-simple"},"_links":{"self":[{"href":"https:\/\/stylingagenten.com\/fi\/wp-json\/wp\/v2\/product\/133311","targetHints":{"allow":["GET"]}}],"collection":[{"href":"https:\/\/stylingagenten.com\/fi\/wp-json\/wp\/v2\/product"}],"about":[{"href":"https:\/\/stylingagenten.com\/fi\/wp-json\/wp\/v2\/types\/product"}],"replies":[{"embeddable":true,"href":"https:\/\/stylingagenten.com\/fi\/wp-json\/wp\/v2\/comments?post=133311"}],"version-history":[{"count":0,"href":"https:\/\/stylingagenten.com\/fi\/wp-json\/wp\/v2\/product\/133311\/revisions"}],"wp:featuredmedia":[{"embeddable":true,"href":"https:\/\/stylingagenten.com\/fi\/wp-json\/wp\/v2\/media\/133305"}],"wp:attachment":[{"href":"https:\/\/stylingagenten.com\/fi\/wp-json\/wp\/v2\/media?parent=133311"}],"wp:term":[{"taxonomy":"product_brand","embeddable":true,"href":"https:\/\/stylingagenten.com\/fi\/wp-json\/wp\/v2\/product_brand?post=133311"},{"taxonomy":"product_cat","embeddable":true,"href":"https:\/\/stylingagenten.com\/fi\/wp-json\/wp\/v2\/product_cat?post=133311"},{"taxonomy":"product_tag","embeddable":true,"href":"https:\/\/stylingagenten.com\/fi\/wp-json\/wp\/v2\/product_tag?post=133311"},{"taxonomy":"berocket_brand","embeddable":true,"href":"https:\/\/stylingagenten.com\/fi\/wp-json\/wp\/v2\/berocket_brand?post=133311"}],"curies":[{"name":"wp","href":"https:\/\/api.w.org\/{rel}","templated":true}]}}