{"id":133307,"date":"2025-05-18T22:34:51","date_gmt":"2025-05-18T22:34:51","guid":{"rendered":"https:\/\/staging2.stylingagenten.com\/fi\/produkt\/gucci-bloom-edp-10ml\/"},"modified":"2025-11-19T12:48:56","modified_gmt":"2025-11-19T12:48:56","slug":"gucci-bloom-edp-10ml","status":"publish","type":"product","link":"https:\/\/stylingagenten.com\/fi\/tuote\/gucci-bloom-edp-10ml\/","title":{"rendered":"Gucci Bloom Edp 10ml"},"content":{"rendered":"<p>Gucci Bloom Eau de Parfum vangitsee modernien, monipuolisten ja aitojen Gucci-naisten hengen. Luonnollisen tuoksuyrtin ja jasmiinin vivahteet luovat odottamattoman t\u00e4ytel\u00e4isen, valkoisen kukkaistuoksun iholle. Rangoon Creeper, kasvi, joka l\u00f6ydettiin Etel\u00e4-Intiasta ja joka muuttaa v\u00e4ri\u00e4\u00e4n valkoisesta vaaleanpunaiseen ja lopulta punaiseen kukkiessaan, lis\u00e4\u00e4 tuoksuun puuterimaisen, kukkaisen s\u00e4vyn.<\/p>\n<p>Yl\u00e4nuotti: Jasmiini<br \/>\n<br \/>Syd\u00e4nnuotti: Tuoksuyrtti (Tuberose)<br \/>\n<br \/>Pohjanuotti: Rangoon Creeper<\/p>\n<p>10 ml<\/p>\n","protected":false},"excerpt":{"rendered":"<p>Gucci Bloom Eau de Parfum vangitsee modernien, monipuolisten ja aitojen Gucci-naisten hengen. Luonnollisen tuoksuyrtin ja jasmiinin vivahteet luovat odottamattoman t\u00e4ytel\u00e4isen, valkoisen kukkaistuoksun iholle. Rangoon Creeper, kasvi, joka l\u00f6ydettiin Etel\u00e4-Intiasta ja joka muuttaa v\u00e4ri\u00e4\u00e4n valkoisesta vaaleanpunaiseen ja lopulta punaiseen kukkiessaan, lis\u00e4\u00e4 tuoksuun puuterimaisen, kukkaisen s\u00e4vyn. Yl\u00e4nuotti: Jasmiini Syd\u00e4nnuotti: Tuoksuyrtti (Tuberose) Pohjanuotti: Rangoon Creeper 10 ml<\/p>\n","protected":false},"featured_media":133302,"comment_status":"open","ping_status":"closed","template":"","meta":{"_trash_the_other_posts":false},"product_brand":[],"product_cat":[706],"product_tag":[2935],"berocket_brand":[1329],"class_list":{"0":"post-133307","1":"product","2":"type-product","3":"status-publish","4":"has-post-thumbnail","6":"product_cat-naisten-eau-de-parfum","7":"product_tag-gucci-bloom-edp","8":"pa_brand-gucci","9":"pa_variantti-10ml","10":"berocket_brand-gucci","12":"first","13":"outofstock","14":"sale","15":"taxable","16":"shipping-taxable","17":"purchasable","18":"product-type-simple"},"_links":{"self":[{"href":"https:\/\/stylingagenten.com\/fi\/wp-json\/wp\/v2\/product\/133307","targetHints":{"allow":["GET"]}}],"collection":[{"href":"https:\/\/stylingagenten.com\/fi\/wp-json\/wp\/v2\/product"}],"about":[{"href":"https:\/\/stylingagenten.com\/fi\/wp-json\/wp\/v2\/types\/product"}],"replies":[{"embeddable":true,"href":"https:\/\/stylingagenten.com\/fi\/wp-json\/wp\/v2\/comments?post=133307"}],"version-history":[{"count":0,"href":"https:\/\/stylingagenten.com\/fi\/wp-json\/wp\/v2\/product\/133307\/revisions"}],"wp:featuredmedia":[{"embeddable":true,"href":"https:\/\/stylingagenten.com\/fi\/wp-json\/wp\/v2\/media\/133302"}],"wp:attachment":[{"href":"https:\/\/stylingagenten.com\/fi\/wp-json\/wp\/v2\/media?parent=133307"}],"wp:term":[{"taxonomy":"product_brand","embeddable":true,"href":"https:\/\/stylingagenten.com\/fi\/wp-json\/wp\/v2\/product_brand?post=133307"},{"taxonomy":"product_cat","embeddable":true,"href":"https:\/\/stylingagenten.com\/fi\/wp-json\/wp\/v2\/product_cat?post=133307"},{"taxonomy":"product_tag","embeddable":true,"href":"https:\/\/stylingagenten.com\/fi\/wp-json\/wp\/v2\/product_tag?post=133307"},{"taxonomy":"berocket_brand","embeddable":true,"href":"https:\/\/stylingagenten.com\/fi\/wp-json\/wp\/v2\/berocket_brand?post=133307"}],"curies":[{"name":"wp","href":"https:\/\/api.w.org\/{rel}","templated":true}]}}