{"id":133301,"date":"2025-05-18T22:34:49","date_gmt":"2025-05-18T22:34:49","guid":{"rendered":"https:\/\/staging2.stylingagenten.com\/fi\/produkt\/marc-jacobs-perfect-elixir-edp-50ml\/"},"modified":"2026-03-11T22:04:38","modified_gmt":"2026-03-11T22:04:38","slug":"marc-jacobs-perfect-elixir-edp-50ml","status":"publish","type":"product","link":"https:\/\/stylingagenten.com\/fi\/tuote\/marc-jacobs-perfect-elixir-edp-50ml\/","title":{"rendered":"Marc Jacobs Perfect Elixir Edp 50ml"},"content":{"rendered":"<p>L\u00f6yd\u00e4 tie t\u00e4ydelliseen itsearvostukseen Marc Jacobs Perfect Elixir -tuoksulla, l\u00e4mpim\u00e4ll\u00e4 ja aidoilla tuoksulla kaikille. Astu maailmaan, jossa kaikki on mahdollista: paikka, jossa positiiviset ajatuksesi ja energiasi tekev\u00e4t toiveista todellisuutta. Hedelm\u00e4inen tuoksusointu raparperista, syv\u00e4 kultaisen meripuun nuotti ja herkullinen vaniljapapu yhdistyv\u00e4t rikkaaksi kukkaiseksi tuoksuksi, joka osoittaa, ett\u00e4 tied\u00e4t, kuka olet, ja rakastat tuota henkil\u00f6\u00e4 t\u00e4ydellisesti. T\u00e4m\u00e4 Marc Jacobs Perfect -tuoksun tulkinta omaa t\u00e4ytel\u00e4isyytt\u00e4 ja intensiteetti\u00e4, joka kertoo, ett\u00e4 luotat ja uskot itseesi.<\/p>\n<p>50ml<\/p>\n","protected":false},"excerpt":{"rendered":"<p>L\u00f6yd\u00e4 tie t\u00e4ydelliseen itsearvostukseen Marc Jacobs Perfect Elixir -tuoksulla, l\u00e4mpim\u00e4ll\u00e4 ja aidoilla tuoksulla kaikille. Astu maailmaan, jossa kaikki on mahdollista: paikka, jossa positiiviset ajatuksesi ja energiasi tekev\u00e4t toiveista todellisuutta. Hedelm\u00e4inen tuoksusointu raparperista, syv\u00e4 kultaisen meripuun nuotti ja herkullinen vaniljapapu yhdistyv\u00e4t rikkaaksi kukkaiseksi tuoksuksi, joka osoittaa, ett\u00e4 tied\u00e4t, kuka olet, ja rakastat tuota henkil\u00f6\u00e4 t\u00e4ydellisesti. T\u00e4m\u00e4 [&hellip;]<\/p>\n","protected":false},"featured_media":133288,"comment_status":"open","ping_status":"closed","template":"","meta":{"_trash_the_other_posts":false},"product_brand":[],"product_cat":[999,706,735],"product_tag":[3389],"berocket_brand":[1069],"class_list":{"0":"post-133301","1":"product","2":"type-product","3":"status-publish","4":"has-post-thumbnail","6":"product_cat-kampanjatarjous-naiselle","7":"product_cat-naisten-eau-de-parfum","8":"product_cat-kampanjamme","9":"product_tag-marc-jacobs-perfect-elixir-edp","10":"pa_brand-marc-jacobs","11":"pa_variantti-50ml","12":"berocket_brand-marc-jacobs","14":"first","15":"instock","16":"sale","17":"taxable","18":"shipping-taxable","19":"purchasable","20":"product-type-simple"},"_links":{"self":[{"href":"https:\/\/stylingagenten.com\/fi\/wp-json\/wp\/v2\/product\/133301","targetHints":{"allow":["GET"]}}],"collection":[{"href":"https:\/\/stylingagenten.com\/fi\/wp-json\/wp\/v2\/product"}],"about":[{"href":"https:\/\/stylingagenten.com\/fi\/wp-json\/wp\/v2\/types\/product"}],"replies":[{"embeddable":true,"href":"https:\/\/stylingagenten.com\/fi\/wp-json\/wp\/v2\/comments?post=133301"}],"version-history":[{"count":0,"href":"https:\/\/stylingagenten.com\/fi\/wp-json\/wp\/v2\/product\/133301\/revisions"}],"wp:featuredmedia":[{"embeddable":true,"href":"https:\/\/stylingagenten.com\/fi\/wp-json\/wp\/v2\/media\/133288"}],"wp:attachment":[{"href":"https:\/\/stylingagenten.com\/fi\/wp-json\/wp\/v2\/media?parent=133301"}],"wp:term":[{"taxonomy":"product_brand","embeddable":true,"href":"https:\/\/stylingagenten.com\/fi\/wp-json\/wp\/v2\/product_brand?post=133301"},{"taxonomy":"product_cat","embeddable":true,"href":"https:\/\/stylingagenten.com\/fi\/wp-json\/wp\/v2\/product_cat?post=133301"},{"taxonomy":"product_tag","embeddable":true,"href":"https:\/\/stylingagenten.com\/fi\/wp-json\/wp\/v2\/product_tag?post=133301"},{"taxonomy":"berocket_brand","embeddable":true,"href":"https:\/\/stylingagenten.com\/fi\/wp-json\/wp\/v2\/berocket_brand?post=133301"}],"curies":[{"name":"wp","href":"https:\/\/api.w.org\/{rel}","templated":true}]}}