{"id":133103,"date":"2025-05-18T22:34:13","date_gmt":"2025-05-18T22:34:13","guid":{"rendered":"https:\/\/staging2.stylingagenten.com\/fi\/produkt\/wet-n-wild-wild-shine-nail-color-matte-top-coat\/"},"modified":"2026-04-08T23:47:44","modified_gmt":"2026-04-08T23:47:44","slug":"wet-n-wild-wild-shine-nail-color-matte-top-coat","status":"publish","type":"product","link":"https:\/\/stylingagenten.com\/fi\/tuote\/wet-n-wild-wild-shine-nail-color-matte-top-coat\/","title":{"rendered":"Wet n Wild Wild Shine Nail Color Matte Top Coat"},"content":{"rendered":"<p>Wet n Wild Shine Nail Color on nopeasti kuivuva lakka useissa tyylikk\u00e4iss\u00e4 s\u00e4vyiss\u00e4, kaikkea kimaltelevasta peitt\u00e4v\u00e4st\u00e4 lakkasta rohkeisiin metallis\u00e4vyihin, joissa on eloisia tehosteita. Erityisesti suunniteltu ManiCurve&trade; kynnen ymp\u00e4rille kiertyv\u00e4 sivellin tarkkaan levitykseen.<\/p>\n<p>12,3 ml<\/p>\n","protected":false},"excerpt":{"rendered":"<p>Wet n Wild Shine Nail Color on nopeasti kuivuva lakka useissa tyylikk\u00e4iss\u00e4 s\u00e4vyiss\u00e4, kaikkea kimaltelevasta peitt\u00e4v\u00e4st\u00e4 lakkasta rohkeisiin metallis\u00e4vyihin, joissa on eloisia tehosteita. Erityisesti suunniteltu ManiCurve&trade; kynnen ymp\u00e4rille kiertyv\u00e4 sivellin tarkkaan levitykseen. 12,3 ml<\/p>\n","protected":false},"featured_media":133095,"comment_status":"open","ping_status":"closed","template":"","meta":{"_trash_the_other_posts":false},"product_brand":[],"product_cat":[569],"product_tag":[4117],"berocket_brand":[1035],"class_list":{"0":"post-133103","1":"product","2":"type-product","3":"status-publish","4":"has-post-thumbnail","6":"product_cat-kynsilakka","7":"product_tag-wet-n-wild-wild-shine-nail-color","8":"pa_brand-wet-n-wild","9":"pa_variantti-matte-top-coat","10":"berocket_brand-wet-n-wild","12":"first","13":"outofstock","14":"sale","15":"taxable","16":"shipping-taxable","17":"purchasable","18":"product-type-simple"},"_links":{"self":[{"href":"https:\/\/stylingagenten.com\/fi\/wp-json\/wp\/v2\/product\/133103","targetHints":{"allow":["GET"]}}],"collection":[{"href":"https:\/\/stylingagenten.com\/fi\/wp-json\/wp\/v2\/product"}],"about":[{"href":"https:\/\/stylingagenten.com\/fi\/wp-json\/wp\/v2\/types\/product"}],"replies":[{"embeddable":true,"href":"https:\/\/stylingagenten.com\/fi\/wp-json\/wp\/v2\/comments?post=133103"}],"version-history":[{"count":0,"href":"https:\/\/stylingagenten.com\/fi\/wp-json\/wp\/v2\/product\/133103\/revisions"}],"wp:featuredmedia":[{"embeddable":true,"href":"https:\/\/stylingagenten.com\/fi\/wp-json\/wp\/v2\/media\/133095"}],"wp:attachment":[{"href":"https:\/\/stylingagenten.com\/fi\/wp-json\/wp\/v2\/media?parent=133103"}],"wp:term":[{"taxonomy":"product_brand","embeddable":true,"href":"https:\/\/stylingagenten.com\/fi\/wp-json\/wp\/v2\/product_brand?post=133103"},{"taxonomy":"product_cat","embeddable":true,"href":"https:\/\/stylingagenten.com\/fi\/wp-json\/wp\/v2\/product_cat?post=133103"},{"taxonomy":"product_tag","embeddable":true,"href":"https:\/\/stylingagenten.com\/fi\/wp-json\/wp\/v2\/product_tag?post=133103"},{"taxonomy":"berocket_brand","embeddable":true,"href":"https:\/\/stylingagenten.com\/fi\/wp-json\/wp\/v2\/berocket_brand?post=133103"}],"curies":[{"name":"wp","href":"https:\/\/api.w.org\/{rel}","templated":true}]}}