{"id":133072,"date":"2025-05-18T22:34:08","date_gmt":"2025-05-18T22:34:08","guid":{"rendered":"https:\/\/staging2.stylingagenten.com\/fi\/produkt\/beauty-uk-ultra-gloss-topcoat\/"},"modified":"2025-11-23T22:31:35","modified_gmt":"2025-11-23T22:31:35","slug":"beauty-uk-ultra-gloss-topcoat","status":"publish","type":"product","link":"https:\/\/stylingagenten.com\/fi\/tuote\/beauty-uk-ultra-gloss-topcoat\/","title":{"rendered":"Beauty UK Ultra Gloss Topcoat"},"content":{"rendered":"<p>Beauty UK Ultra Gloss Topcoat on tehokas pintamaali, joka antaa \u00e4\u00e4rimm\u00e4isen kiillon ja voimakkaan kiillon ja jonka on kliinisesti todistettu lis\u00e4\u00e4v\u00e4n kynsilakan kulutuskest\u00e4vyytt\u00e4. T\u00e4m\u00e4 huippuluokan koostumus sis\u00e4lt\u00e4\u00e4 my\u00f6s UV-suodattimen v\u00e4rj\u00e4ytymisen est\u00e4miseksi.<\/p>\n","protected":false},"excerpt":{"rendered":"<p>Beauty UK Ultra Gloss Topcoat on tehokas pintamaali, joka antaa \u00e4\u00e4rimm\u00e4isen kiillon ja voimakkaan kiillon ja jonka on kliinisesti todistettu lis\u00e4\u00e4v\u00e4n kynsilakan kulutuskest\u00e4vyytt\u00e4. T\u00e4m\u00e4 huippuluokan koostumus sis\u00e4lt\u00e4\u00e4 my\u00f6s UV-suodattimen v\u00e4rj\u00e4ytymisen est\u00e4miseksi.<\/p>\n","protected":false},"featured_media":133070,"comment_status":"open","ping_status":"closed","template":"","meta":{"_trash_the_other_posts":false},"product_brand":[],"product_cat":[569],"product_tag":[],"berocket_brand":[1059],"class_list":{"0":"post-133072","1":"product","2":"type-product","3":"status-publish","4":"has-post-thumbnail","6":"product_cat-kynsilakka","7":"pa_brand-beautyuk","8":"berocket_brand-beautyuk","10":"first","11":"instock","12":"sale","13":"taxable","14":"shipping-taxable","15":"purchasable","16":"product-type-simple"},"_links":{"self":[{"href":"https:\/\/stylingagenten.com\/fi\/wp-json\/wp\/v2\/product\/133072","targetHints":{"allow":["GET"]}}],"collection":[{"href":"https:\/\/stylingagenten.com\/fi\/wp-json\/wp\/v2\/product"}],"about":[{"href":"https:\/\/stylingagenten.com\/fi\/wp-json\/wp\/v2\/types\/product"}],"replies":[{"embeddable":true,"href":"https:\/\/stylingagenten.com\/fi\/wp-json\/wp\/v2\/comments?post=133072"}],"version-history":[{"count":0,"href":"https:\/\/stylingagenten.com\/fi\/wp-json\/wp\/v2\/product\/133072\/revisions"}],"wp:featuredmedia":[{"embeddable":true,"href":"https:\/\/stylingagenten.com\/fi\/wp-json\/wp\/v2\/media\/133070"}],"wp:attachment":[{"href":"https:\/\/stylingagenten.com\/fi\/wp-json\/wp\/v2\/media?parent=133072"}],"wp:term":[{"taxonomy":"product_brand","embeddable":true,"href":"https:\/\/stylingagenten.com\/fi\/wp-json\/wp\/v2\/product_brand?post=133072"},{"taxonomy":"product_cat","embeddable":true,"href":"https:\/\/stylingagenten.com\/fi\/wp-json\/wp\/v2\/product_cat?post=133072"},{"taxonomy":"product_tag","embeddable":true,"href":"https:\/\/stylingagenten.com\/fi\/wp-json\/wp\/v2\/product_tag?post=133072"},{"taxonomy":"berocket_brand","embeddable":true,"href":"https:\/\/stylingagenten.com\/fi\/wp-json\/wp\/v2\/berocket_brand?post=133072"}],"curies":[{"name":"wp","href":"https:\/\/api.w.org\/{rel}","templated":true}]}}