{"id":133064,"date":"2025-05-18T22:34:05","date_gmt":"2025-05-18T22:34:05","guid":{"rendered":"https:\/\/staging2.stylingagenten.com\/fi\/produkt\/beauty-uk-matte-top-coat\/"},"modified":"2026-02-16T08:46:40","modified_gmt":"2026-02-16T08:46:40","slug":"beauty-uk-matte-top-coat","status":"publish","type":"product","link":"https:\/\/stylingagenten.com\/fi\/tuote\/beauty-uk-matte-top-coat\/","title":{"rendered":"Beauty UK Matte Top Coat"},"content":{"rendered":"<p>Beauty UK Matte Top Coat pident\u00e4\u00e4 tulosta ja v\u00e4hent\u00e4\u00e4 kynsilakkasi kulumista. T\u00e4ll\u00e4 nopeasti kuivuvalla koostumuksella saavutat pehme\u00e4n ja mattapintaisen lopputuloksen yhdell\u00e4 kerroksella.<\/p>\n","protected":false},"excerpt":{"rendered":"<p>Beauty UK Matte Top Coat pident\u00e4\u00e4 tulosta ja v\u00e4hent\u00e4\u00e4 kynsilakkasi kulumista. T\u00e4ll\u00e4 nopeasti kuivuvalla koostumuksella saavutat pehme\u00e4n ja mattapintaisen lopputuloksen yhdell\u00e4 kerroksella.<\/p>\n","protected":false},"featured_media":133059,"comment_status":"open","ping_status":"closed","template":"","meta":{"_trash_the_other_posts":false},"product_brand":[],"product_cat":[569],"product_tag":[],"berocket_brand":[1059],"class_list":{"0":"post-133064","1":"product","2":"type-product","3":"status-publish","4":"has-post-thumbnail","6":"product_cat-kynsilakka","7":"pa_brand-beautyuk","8":"berocket_brand-beautyuk","10":"first","11":"instock","12":"sale","13":"taxable","14":"shipping-taxable","15":"purchasable","16":"product-type-simple"},"_links":{"self":[{"href":"https:\/\/stylingagenten.com\/fi\/wp-json\/wp\/v2\/product\/133064","targetHints":{"allow":["GET"]}}],"collection":[{"href":"https:\/\/stylingagenten.com\/fi\/wp-json\/wp\/v2\/product"}],"about":[{"href":"https:\/\/stylingagenten.com\/fi\/wp-json\/wp\/v2\/types\/product"}],"replies":[{"embeddable":true,"href":"https:\/\/stylingagenten.com\/fi\/wp-json\/wp\/v2\/comments?post=133064"}],"version-history":[{"count":0,"href":"https:\/\/stylingagenten.com\/fi\/wp-json\/wp\/v2\/product\/133064\/revisions"}],"wp:featuredmedia":[{"embeddable":true,"href":"https:\/\/stylingagenten.com\/fi\/wp-json\/wp\/v2\/media\/133059"}],"wp:attachment":[{"href":"https:\/\/stylingagenten.com\/fi\/wp-json\/wp\/v2\/media?parent=133064"}],"wp:term":[{"taxonomy":"product_brand","embeddable":true,"href":"https:\/\/stylingagenten.com\/fi\/wp-json\/wp\/v2\/product_brand?post=133064"},{"taxonomy":"product_cat","embeddable":true,"href":"https:\/\/stylingagenten.com\/fi\/wp-json\/wp\/v2\/product_cat?post=133064"},{"taxonomy":"product_tag","embeddable":true,"href":"https:\/\/stylingagenten.com\/fi\/wp-json\/wp\/v2\/product_tag?post=133064"},{"taxonomy":"berocket_brand","embeddable":true,"href":"https:\/\/stylingagenten.com\/fi\/wp-json\/wp\/v2\/berocket_brand?post=133064"}],"curies":[{"name":"wp","href":"https:\/\/api.w.org\/{rel}","templated":true}]}}