{"id":133062,"date":"2025-05-18T22:34:05","date_gmt":"2025-05-18T22:34:05","guid":{"rendered":"https:\/\/staging2.stylingagenten.com\/fi\/produkt\/beauty-uk-black-diamond-hardener\/"},"modified":"2026-03-15T17:27:31","modified_gmt":"2026-03-15T17:27:31","slug":"beauty-uk-black-diamond-hardener","status":"publish","type":"product","link":"https:\/\/stylingagenten.com\/fi\/tuote\/beauty-uk-black-diamond-hardener\/","title":{"rendered":"Beauty UK Black Diamond Hardener"},"content":{"rendered":"<p>Beauty UK Black Diamond Hardener on rikastettu mustilla timanttihiukkasilla, jotka kovettavat ja vahvistavat heikkoja ja hauraita kynsi\u00e4, kun taas UV-suodatin est\u00e4\u00e4 kynsien v\u00e4rj\u00e4ytymist\u00e4 ja kellastumista.<\/p>\n","protected":false},"excerpt":{"rendered":"<p>Beauty UK Black Diamond Hardener on rikastettu mustilla timanttihiukkasilla, jotka kovettavat ja vahvistavat heikkoja ja hauraita kynsi\u00e4, kun taas UV-suodatin est\u00e4\u00e4 kynsien v\u00e4rj\u00e4ytymist\u00e4 ja kellastumista.<\/p>\n","protected":false},"featured_media":133058,"comment_status":"open","ping_status":"closed","template":"","meta":{"_trash_the_other_posts":false},"product_brand":[],"product_cat":[569],"product_tag":[],"berocket_brand":[1059],"class_list":{"0":"post-133062","1":"product","2":"type-product","3":"status-publish","4":"has-post-thumbnail","6":"product_cat-kynsilakka","7":"pa_brand-beautyuk","8":"berocket_brand-beautyuk","10":"first","11":"instock","12":"sale","13":"taxable","14":"shipping-taxable","15":"purchasable","16":"product-type-simple"},"_links":{"self":[{"href":"https:\/\/stylingagenten.com\/fi\/wp-json\/wp\/v2\/product\/133062","targetHints":{"allow":["GET"]}}],"collection":[{"href":"https:\/\/stylingagenten.com\/fi\/wp-json\/wp\/v2\/product"}],"about":[{"href":"https:\/\/stylingagenten.com\/fi\/wp-json\/wp\/v2\/types\/product"}],"replies":[{"embeddable":true,"href":"https:\/\/stylingagenten.com\/fi\/wp-json\/wp\/v2\/comments?post=133062"}],"version-history":[{"count":0,"href":"https:\/\/stylingagenten.com\/fi\/wp-json\/wp\/v2\/product\/133062\/revisions"}],"wp:featuredmedia":[{"embeddable":true,"href":"https:\/\/stylingagenten.com\/fi\/wp-json\/wp\/v2\/media\/133058"}],"wp:attachment":[{"href":"https:\/\/stylingagenten.com\/fi\/wp-json\/wp\/v2\/media?parent=133062"}],"wp:term":[{"taxonomy":"product_brand","embeddable":true,"href":"https:\/\/stylingagenten.com\/fi\/wp-json\/wp\/v2\/product_brand?post=133062"},{"taxonomy":"product_cat","embeddable":true,"href":"https:\/\/stylingagenten.com\/fi\/wp-json\/wp\/v2\/product_cat?post=133062"},{"taxonomy":"product_tag","embeddable":true,"href":"https:\/\/stylingagenten.com\/fi\/wp-json\/wp\/v2\/product_tag?post=133062"},{"taxonomy":"berocket_brand","embeddable":true,"href":"https:\/\/stylingagenten.com\/fi\/wp-json\/wp\/v2\/berocket_brand?post=133062"}],"curies":[{"name":"wp","href":"https:\/\/api.w.org\/{rel}","templated":true}]}}