{"id":132983,"date":"2025-05-18T22:33:49","date_gmt":"2025-05-18T22:33:49","guid":{"rendered":"https:\/\/staging2.stylingagenten.com\/fi\/produkt\/beauty-uk-nails-wild-things-lemur-2x11ml\/"},"modified":"2025-11-19T11:48:40","modified_gmt":"2025-11-19T11:48:40","slug":"beauty-uk-nails-wild-things-lemur-2x11ml","status":"publish","type":"product","link":"https:\/\/stylingagenten.com\/fi\/tuote\/beauty-uk-nails-wild-things-lemur-2x11ml\/","title":{"rendered":"Beauty UK Nails Wild Things &#8211; Lemur 2x11ml"},"content":{"rendered":"<p>P\u00e4\u00e4st\u00e4 sis\u00e4inen &#039;villi asiasi valloilleen. Wild Thingin kynsilakkalla<\/p>\n<p>Levit\u00e4 kerros Wild Thing Base Coloria ja anna kuivua<\/p>\n<p>Levit\u00e4 ohut kerros Wild Thing Top Coatia<\/p>\n<p>N&amp;auml kun pintamaali kuivuu, el\u00e4inpainatus n\u00e4ytt\u00e4\u00e4 taikalta<\/p>\n<p>Viimeistele kiilt\u00e4v\u00e4ll\u00e4 pintamaalilla lis\u00e4\u00e4 kiiltoa varten<\/p>\n<p>Vegan 2x11ml<\/p>\n<p>Marlin sis\u00e4lt\u00e4\u00e4 valkoisen ja mustan kynsilakan<\/p>\n","protected":false},"excerpt":{"rendered":"<p>P\u00e4\u00e4st\u00e4 sis\u00e4inen &#039;villi asiasi valloilleen. Wild Thingin kynsilakkalla Levit\u00e4 kerros Wild Thing Base Coloria ja anna kuivua Levit\u00e4 ohut kerros Wild Thing Top Coatia N&amp;auml kun pintamaali kuivuu, el\u00e4inpainatus n\u00e4ytt\u00e4\u00e4 taikalta Viimeistele kiilt\u00e4v\u00e4ll\u00e4 pintamaalilla lis\u00e4\u00e4 kiiltoa varten Vegan 2x11ml Marlin sis\u00e4lt\u00e4\u00e4 valkoisen ja mustan kynsilakan<\/p>\n","protected":false},"featured_media":132980,"comment_status":"open","ping_status":"closed","template":"","meta":{"_trash_the_other_posts":false},"product_brand":[],"product_cat":[569],"product_tag":[2514],"berocket_brand":[1059],"class_list":{"0":"post-132983","1":"product","2":"type-product","3":"status-publish","4":"has-post-thumbnail","6":"product_cat-kynsilakka","7":"product_tag-beauty-uk-nails-wild-things-2x11ml","8":"pa_brand-beautyuk","9":"pa_variantti-lemur","10":"berocket_brand-beautyuk","12":"first","13":"instock","14":"sale","15":"taxable","16":"shipping-taxable","17":"purchasable","18":"product-type-simple"},"_links":{"self":[{"href":"https:\/\/stylingagenten.com\/fi\/wp-json\/wp\/v2\/product\/132983","targetHints":{"allow":["GET"]}}],"collection":[{"href":"https:\/\/stylingagenten.com\/fi\/wp-json\/wp\/v2\/product"}],"about":[{"href":"https:\/\/stylingagenten.com\/fi\/wp-json\/wp\/v2\/types\/product"}],"replies":[{"embeddable":true,"href":"https:\/\/stylingagenten.com\/fi\/wp-json\/wp\/v2\/comments?post=132983"}],"version-history":[{"count":0,"href":"https:\/\/stylingagenten.com\/fi\/wp-json\/wp\/v2\/product\/132983\/revisions"}],"wp:featuredmedia":[{"embeddable":true,"href":"https:\/\/stylingagenten.com\/fi\/wp-json\/wp\/v2\/media\/132980"}],"wp:attachment":[{"href":"https:\/\/stylingagenten.com\/fi\/wp-json\/wp\/v2\/media?parent=132983"}],"wp:term":[{"taxonomy":"product_brand","embeddable":true,"href":"https:\/\/stylingagenten.com\/fi\/wp-json\/wp\/v2\/product_brand?post=132983"},{"taxonomy":"product_cat","embeddable":true,"href":"https:\/\/stylingagenten.com\/fi\/wp-json\/wp\/v2\/product_cat?post=132983"},{"taxonomy":"product_tag","embeddable":true,"href":"https:\/\/stylingagenten.com\/fi\/wp-json\/wp\/v2\/product_tag?post=132983"},{"taxonomy":"berocket_brand","embeddable":true,"href":"https:\/\/stylingagenten.com\/fi\/wp-json\/wp\/v2\/berocket_brand?post=132983"}],"curies":[{"name":"wp","href":"https:\/\/api.w.org\/{rel}","templated":true}]}}