{"id":132970,"date":"2025-05-18T22:33:46","date_gmt":"2025-05-18T22:33:46","guid":{"rendered":"https:\/\/staging2.stylingagenten.com\/fi\/produkt\/beauty-uk-neon-nail-polish-blue\/"},"modified":"2026-04-08T17:28:35","modified_gmt":"2026-04-08T17:28:35","slug":"beauty-uk-neon-nail-polish-blue","status":"publish","type":"product","link":"https:\/\/stylingagenten.com\/fi\/tuote\/beauty-uk-neon-nail-polish-blue\/","title":{"rendered":"Beauty UK Neon Nail Polish &#8211; Blue"},"content":{"rendered":"<p>Luo j\u00e4nnitt\u00e4v\u00e4 ilme n\u00e4ill\u00e4 upouusilla neonkynsilakoilla. Saatavana kahdeksassa rohkeassa ja kirkkaassa v\u00e4riss\u00e4.<\/p>\n<p>Loistavasta keltaisesta h\u00e4ik\u00e4isev\u00e4n vihre\u00e4\u00e4n. N\u00e4m\u00e4 loistavat v\u00e4rit hehkuvat UV-valossa. T\u00e4ydellinen pirist\u00e4m\u00e4\u00e4n joka p\u00e4iv\u00e4!<\/p>\n<p>Sis\u00e4lt\u00f6: 9 ml&nbsp;<\/p>\n<p>vegaaninen<\/p>\n","protected":false},"excerpt":{"rendered":"<p>Luo j\u00e4nnitt\u00e4v\u00e4 ilme n\u00e4ill\u00e4 upouusilla neonkynsilakoilla. Saatavana kahdeksassa rohkeassa ja kirkkaassa v\u00e4riss\u00e4. Loistavasta keltaisesta h\u00e4ik\u00e4isev\u00e4n vihre\u00e4\u00e4n. N\u00e4m\u00e4 loistavat v\u00e4rit hehkuvat UV-valossa. T\u00e4ydellinen pirist\u00e4m\u00e4\u00e4n joka p\u00e4iv\u00e4! Sis\u00e4lt\u00f6: 9 ml&nbsp; vegaaninen<\/p>\n","protected":false},"featured_media":132968,"comment_status":"open","ping_status":"closed","template":"","meta":{"_trash_the_other_posts":false},"product_brand":[],"product_cat":[569],"product_tag":[2515],"berocket_brand":[1059],"class_list":{"0":"post-132970","1":"product","2":"type-product","3":"status-publish","4":"has-post-thumbnail","6":"product_cat-kynsilakka","7":"product_tag-beauty-uk-neon-nail-polish","8":"pa_brand-beautyuk","9":"pa_variantti-blue","10":"berocket_brand-beautyuk","12":"first","13":"instock","14":"sale","15":"taxable","16":"shipping-taxable","17":"purchasable","18":"product-type-simple"},"_links":{"self":[{"href":"https:\/\/stylingagenten.com\/fi\/wp-json\/wp\/v2\/product\/132970","targetHints":{"allow":["GET"]}}],"collection":[{"href":"https:\/\/stylingagenten.com\/fi\/wp-json\/wp\/v2\/product"}],"about":[{"href":"https:\/\/stylingagenten.com\/fi\/wp-json\/wp\/v2\/types\/product"}],"replies":[{"embeddable":true,"href":"https:\/\/stylingagenten.com\/fi\/wp-json\/wp\/v2\/comments?post=132970"}],"version-history":[{"count":0,"href":"https:\/\/stylingagenten.com\/fi\/wp-json\/wp\/v2\/product\/132970\/revisions"}],"wp:featuredmedia":[{"embeddable":true,"href":"https:\/\/stylingagenten.com\/fi\/wp-json\/wp\/v2\/media\/132968"}],"wp:attachment":[{"href":"https:\/\/stylingagenten.com\/fi\/wp-json\/wp\/v2\/media?parent=132970"}],"wp:term":[{"taxonomy":"product_brand","embeddable":true,"href":"https:\/\/stylingagenten.com\/fi\/wp-json\/wp\/v2\/product_brand?post=132970"},{"taxonomy":"product_cat","embeddable":true,"href":"https:\/\/stylingagenten.com\/fi\/wp-json\/wp\/v2\/product_cat?post=132970"},{"taxonomy":"product_tag","embeddable":true,"href":"https:\/\/stylingagenten.com\/fi\/wp-json\/wp\/v2\/product_tag?post=132970"},{"taxonomy":"berocket_brand","embeddable":true,"href":"https:\/\/stylingagenten.com\/fi\/wp-json\/wp\/v2\/berocket_brand?post=132970"}],"curies":[{"name":"wp","href":"https:\/\/api.w.org\/{rel}","templated":true}]}}