{"id":132957,"date":"2025-05-18T22:33:42","date_gmt":"2025-05-18T22:33:42","guid":{"rendered":"https:\/\/staging2.stylingagenten.com\/fi\/produkt\/beauty-uk-glitter-nail-polish-aurora-dream-green\/"},"modified":"2025-12-28T20:36:31","modified_gmt":"2025-12-28T20:36:31","slug":"beauty-uk-glitter-nail-polish-aurora-dream-green","status":"publish","type":"product","link":"https:\/\/stylingagenten.com\/fi\/tuote\/beauty-uk-glitter-nail-polish-aurora-dream-green\/","title":{"rendered":"Beauty UK Glitter Nail Polish &#8211; Aurora Dream Green"},"content":{"rendered":"<p>Loosta ja kimaltele kuin t\u00e4hti t\u00e4m\u00e4n uuden &#039;Galaxy&#039; glitter-kynsilakkavalikoima saatavilla 6 s\u00e4vyss\u00e4. Jokainen niist\u00e4 kimaltelee, loistaa ja heijastaa eri v\u00e4rej\u00e4; kyntesi.<\/p>\n<p>K\u00e4yt\u00e4 sellaisenaan tai p\u00e4\u00e4llyslakana suosikkikynsilakkasi p\u00e4\u00e4lle.<\/p>\n<p>Sis\u00e4lt\u00e4\u00e4: 9 ml<\/p>\n<p>vegaaninen<\/p>\n","protected":false},"excerpt":{"rendered":"<p>Loosta ja kimaltele kuin t\u00e4hti t\u00e4m\u00e4n uuden &#039;Galaxy&#039; glitter-kynsilakkavalikoima saatavilla 6 s\u00e4vyss\u00e4. Jokainen niist\u00e4 kimaltelee, loistaa ja heijastaa eri v\u00e4rej\u00e4; kyntesi. K\u00e4yt\u00e4 sellaisenaan tai p\u00e4\u00e4llyslakana suosikkikynsilakkasi p\u00e4\u00e4lle. Sis\u00e4lt\u00e4\u00e4: 9 ml vegaaninen<\/p>\n","protected":false},"featured_media":132955,"comment_status":"open","ping_status":"closed","template":"","meta":{"_trash_the_other_posts":false},"product_brand":[],"product_cat":[569],"product_tag":[2498],"berocket_brand":[1059],"class_list":{"0":"post-132957","1":"product","2":"type-product","3":"status-publish","4":"has-post-thumbnail","6":"product_cat-kynsilakka","7":"product_tag-beauty-uk-glitter-nail-polish","8":"pa_brand-beautyuk","9":"pa_variantti-aurora-dream-green","10":"berocket_brand-beautyuk","12":"first","13":"instock","14":"sale","15":"taxable","16":"shipping-taxable","17":"purchasable","18":"product-type-simple"},"_links":{"self":[{"href":"https:\/\/stylingagenten.com\/fi\/wp-json\/wp\/v2\/product\/132957","targetHints":{"allow":["GET"]}}],"collection":[{"href":"https:\/\/stylingagenten.com\/fi\/wp-json\/wp\/v2\/product"}],"about":[{"href":"https:\/\/stylingagenten.com\/fi\/wp-json\/wp\/v2\/types\/product"}],"replies":[{"embeddable":true,"href":"https:\/\/stylingagenten.com\/fi\/wp-json\/wp\/v2\/comments?post=132957"}],"version-history":[{"count":0,"href":"https:\/\/stylingagenten.com\/fi\/wp-json\/wp\/v2\/product\/132957\/revisions"}],"wp:featuredmedia":[{"embeddable":true,"href":"https:\/\/stylingagenten.com\/fi\/wp-json\/wp\/v2\/media\/132955"}],"wp:attachment":[{"href":"https:\/\/stylingagenten.com\/fi\/wp-json\/wp\/v2\/media?parent=132957"}],"wp:term":[{"taxonomy":"product_brand","embeddable":true,"href":"https:\/\/stylingagenten.com\/fi\/wp-json\/wp\/v2\/product_brand?post=132957"},{"taxonomy":"product_cat","embeddable":true,"href":"https:\/\/stylingagenten.com\/fi\/wp-json\/wp\/v2\/product_cat?post=132957"},{"taxonomy":"product_tag","embeddable":true,"href":"https:\/\/stylingagenten.com\/fi\/wp-json\/wp\/v2\/product_tag?post=132957"},{"taxonomy":"berocket_brand","embeddable":true,"href":"https:\/\/stylingagenten.com\/fi\/wp-json\/wp\/v2\/berocket_brand?post=132957"}],"curies":[{"name":"wp","href":"https:\/\/api.w.org\/{rel}","templated":true}]}}