{"id":132937,"date":"2025-05-18T22:33:38","date_gmt":"2025-05-18T22:33:38","guid":{"rendered":"https:\/\/staging2.stylingagenten.com\/fi\/produkt\/beauty-uk-candy-pearl-nail-polish-lemon\/"},"modified":"2025-11-19T11:49:08","modified_gmt":"2025-11-19T11:49:08","slug":"beauty-uk-candy-pearl-nail-polish-lemon","status":"publish","type":"product","link":"https:\/\/stylingagenten.com\/fi\/tuote\/beauty-uk-candy-pearl-nail-polish-lemon\/","title":{"rendered":"Beauty UK Candy Pearl Nail Polish &#8211; Lemon"},"content":{"rendered":"<p>Katso n\u00e4it\u00e4 upouusia Candy Pearl -kynsilakkoja. Saatavana kuudessa kauniissa ja kiilt\u00e4v\u00e4ss\u00e4 v\u00e4riss\u00e4.<\/p>\n<p>Kiilt\u00e4v\u00e4st\u00e4 helmi\u00e4isest\u00e4 pehme\u00e4\u00e4n laventeliin. T\u00e4ydellinen aurinkoisiin kev\u00e4t- ja kes\u00e4p\u00e4iviin!<\/p>\n<p>Vegaaninen <br \/>Sis\u00e4lt\u00e4\u00e4 9 ml<\/p>\n","protected":false},"excerpt":{"rendered":"<p>Katso n\u00e4it\u00e4 upouusia Candy Pearl -kynsilakkoja. Saatavana kuudessa kauniissa ja kiilt\u00e4v\u00e4ss\u00e4 v\u00e4riss\u00e4. Kiilt\u00e4v\u00e4st\u00e4 helmi\u00e4isest\u00e4 pehme\u00e4\u00e4n laventeliin. T\u00e4ydellinen aurinkoisiin kev\u00e4t- ja kes\u00e4p\u00e4iviin! Vegaaninen Sis\u00e4lt\u00e4\u00e4 9 ml<\/p>\n","protected":false},"featured_media":132936,"comment_status":"open","ping_status":"closed","template":"","meta":{"_trash_the_other_posts":false},"product_brand":[],"product_cat":[569],"product_tag":[2488],"berocket_brand":[1059],"class_list":{"0":"post-132937","1":"product","2":"type-product","3":"status-publish","4":"has-post-thumbnail","6":"product_cat-kynsilakka","7":"product_tag-beauty-uk-candy-pearl-nail-polish","8":"pa_brand-beautyuk","9":"pa_variantti-lemon","10":"berocket_brand-beautyuk","12":"first","13":"instock","14":"sale","15":"taxable","16":"shipping-taxable","17":"purchasable","18":"product-type-simple"},"_links":{"self":[{"href":"https:\/\/stylingagenten.com\/fi\/wp-json\/wp\/v2\/product\/132937","targetHints":{"allow":["GET"]}}],"collection":[{"href":"https:\/\/stylingagenten.com\/fi\/wp-json\/wp\/v2\/product"}],"about":[{"href":"https:\/\/stylingagenten.com\/fi\/wp-json\/wp\/v2\/types\/product"}],"replies":[{"embeddable":true,"href":"https:\/\/stylingagenten.com\/fi\/wp-json\/wp\/v2\/comments?post=132937"}],"version-history":[{"count":0,"href":"https:\/\/stylingagenten.com\/fi\/wp-json\/wp\/v2\/product\/132937\/revisions"}],"wp:featuredmedia":[{"embeddable":true,"href":"https:\/\/stylingagenten.com\/fi\/wp-json\/wp\/v2\/media\/132936"}],"wp:attachment":[{"href":"https:\/\/stylingagenten.com\/fi\/wp-json\/wp\/v2\/media?parent=132937"}],"wp:term":[{"taxonomy":"product_brand","embeddable":true,"href":"https:\/\/stylingagenten.com\/fi\/wp-json\/wp\/v2\/product_brand?post=132937"},{"taxonomy":"product_cat","embeddable":true,"href":"https:\/\/stylingagenten.com\/fi\/wp-json\/wp\/v2\/product_cat?post=132937"},{"taxonomy":"product_tag","embeddable":true,"href":"https:\/\/stylingagenten.com\/fi\/wp-json\/wp\/v2\/product_tag?post=132937"},{"taxonomy":"berocket_brand","embeddable":true,"href":"https:\/\/stylingagenten.com\/fi\/wp-json\/wp\/v2\/berocket_brand?post=132937"}],"curies":[{"name":"wp","href":"https:\/\/api.w.org\/{rel}","templated":true}]}}