{"id":132776,"date":"2025-05-18T22:33:00","date_gmt":"2025-05-18T22:33:00","guid":{"rendered":"https:\/\/staging2.stylingagenten.com\/fi\/produkt\/beauty-uk-nails-no-19-cherry-bomb-9ml\/"},"modified":"2025-12-29T15:05:28","modified_gmt":"2025-12-29T15:05:28","slug":"beauty-uk-nails-no-19-cherry-bomb-9ml","status":"publish","type":"product","link":"https:\/\/stylingagenten.com\/fi\/tuote\/beauty-uk-nails-no-19-cherry-bomb-9ml\/","title":{"rendered":"Beauty UK Nails no.19 &#8211; Cherry Bomb 9ml"},"content":{"rendered":"<p>Beauty UK Nails no.7 &#8211; Cherry Bomb on nopeasti kuivuva, pitk\u00e4kestoinen, kiilt\u00e4v\u00e4 kynsilakka.<br \/>T\u00e4m\u00e4 fantastinen monipuolinen koostumus on kehitetty tarjoamaan t\u00e4ydellisen peitt\u00e4vyyden ja v\u00e4rin tasapainon. , kiiltoa ja kulumista. Jokainen s\u00e4vy on helppo levitt\u00e4\u00e4 ja antaa intensiivisen peitt\u00e4vyyden, joka kest\u00e4\u00e4 p\u00e4ivi\u00e4 haalistumatta tai halkeilematta.<\/p>\n<p>Sis\u00e4lt\u00f6: 9 ml<\/p><\/p>\n","protected":false},"excerpt":{"rendered":"<p>Beauty UK Nails no.7 &#8211; Cherry Bomb on nopeasti kuivuva, pitk\u00e4kestoinen, kiilt\u00e4v\u00e4 kynsilakka.T\u00e4m\u00e4 fantastinen monipuolinen koostumus on kehitetty tarjoamaan t\u00e4ydellisen peitt\u00e4vyyden ja v\u00e4rin tasapainon. , kiiltoa ja kulumista. Jokainen s\u00e4vy on helppo levitt\u00e4\u00e4 ja antaa intensiivisen peitt\u00e4vyyden, joka kest\u00e4\u00e4 p\u00e4ivi\u00e4 haalistumatta tai halkeilematta. Sis\u00e4lt\u00f6: 9 ml<\/p>\n","protected":false},"featured_media":132774,"comment_status":"open","ping_status":"closed","template":"","meta":{"_trash_the_other_posts":false},"product_brand":[],"product_cat":[569],"product_tag":[2484],"berocket_brand":[1059],"class_list":{"0":"post-132776","1":"product","2":"type-product","3":"status-publish","4":"has-post-thumbnail","6":"product_cat-kynsilakka","7":"product_tag-beauty-uk-nail-polish","8":"pa_brand-beautyuk","9":"pa_variantti-no-19-cherry-bomb","10":"berocket_brand-beautyuk","12":"first","13":"instock","14":"sale","15":"taxable","16":"shipping-taxable","17":"purchasable","18":"product-type-simple"},"_links":{"self":[{"href":"https:\/\/stylingagenten.com\/fi\/wp-json\/wp\/v2\/product\/132776","targetHints":{"allow":["GET"]}}],"collection":[{"href":"https:\/\/stylingagenten.com\/fi\/wp-json\/wp\/v2\/product"}],"about":[{"href":"https:\/\/stylingagenten.com\/fi\/wp-json\/wp\/v2\/types\/product"}],"replies":[{"embeddable":true,"href":"https:\/\/stylingagenten.com\/fi\/wp-json\/wp\/v2\/comments?post=132776"}],"version-history":[{"count":0,"href":"https:\/\/stylingagenten.com\/fi\/wp-json\/wp\/v2\/product\/132776\/revisions"}],"wp:featuredmedia":[{"embeddable":true,"href":"https:\/\/stylingagenten.com\/fi\/wp-json\/wp\/v2\/media\/132774"}],"wp:attachment":[{"href":"https:\/\/stylingagenten.com\/fi\/wp-json\/wp\/v2\/media?parent=132776"}],"wp:term":[{"taxonomy":"product_brand","embeddable":true,"href":"https:\/\/stylingagenten.com\/fi\/wp-json\/wp\/v2\/product_brand?post=132776"},{"taxonomy":"product_cat","embeddable":true,"href":"https:\/\/stylingagenten.com\/fi\/wp-json\/wp\/v2\/product_cat?post=132776"},{"taxonomy":"product_tag","embeddable":true,"href":"https:\/\/stylingagenten.com\/fi\/wp-json\/wp\/v2\/product_tag?post=132776"},{"taxonomy":"berocket_brand","embeddable":true,"href":"https:\/\/stylingagenten.com\/fi\/wp-json\/wp\/v2\/berocket_brand?post=132776"}],"curies":[{"name":"wp","href":"https:\/\/api.w.org\/{rel}","templated":true}]}}