{"id":132768,"date":"2025-05-18T22:32:58","date_gmt":"2025-05-18T22:32:58","guid":{"rendered":"https:\/\/staging2.stylingagenten.com\/fi\/produkt\/beauty-uk-nails-no-16-pink-pop-9ml\/"},"modified":"2025-11-19T10:57:56","modified_gmt":"2025-11-19T10:57:56","slug":"beauty-uk-nails-no-16-pink-pop-9ml","status":"publish","type":"product","link":"https:\/\/stylingagenten.com\/fi\/tuote\/beauty-uk-nails-no-16-pink-pop-9ml\/","title":{"rendered":"Beauty UK Nails no.16 &#8211; Pink Pop 9ml"},"content":{"rendered":"<p>Beauty UK Nails no.7 &#8211; Pink Pop on nopeasti kuivuva, pitk\u00e4kestoinen, kiilt\u00e4v\u00e4 kynsilakka.<br \/>T\u00e4m\u00e4 fantastinen monipuolinen koostumus on kehitetty tarjoamaan t\u00e4ydellinen tasapaino peitt\u00e4vyyden, ;rg:n ja kiillon v\u00e4lill\u00e4 ja kulutuskest\u00e4vyys. Jokainen s\u00e4vy on helppo levitt\u00e4\u00e4 ja antaa intensiivisen peitt\u00e4vyyden, joka kest\u00e4\u00e4. useita p\u00e4ivi\u00e4 haalistumatta tai halkeilematta.<\/p>\n<p>Sis\u00e4lt\u00f6&aring;ll: 9 ml<\/p>\n<p>&nbsp;<\/p>\n","protected":false},"excerpt":{"rendered":"<p>Beauty UK Nails no.7 &#8211; Pink Pop on nopeasti kuivuva, pitk\u00e4kestoinen, kiilt\u00e4v\u00e4 kynsilakka.T\u00e4m\u00e4 fantastinen monipuolinen koostumus on kehitetty tarjoamaan t\u00e4ydellinen tasapaino peitt\u00e4vyyden, ;rg:n ja kiillon v\u00e4lill\u00e4 ja kulutuskest\u00e4vyys. Jokainen s\u00e4vy on helppo levitt\u00e4\u00e4 ja antaa intensiivisen peitt\u00e4vyyden, joka kest\u00e4\u00e4. useita p\u00e4ivi\u00e4 haalistumatta tai halkeilematta. Sis\u00e4lt\u00f6&aring;ll: 9 ml &nbsp;<\/p>\n","protected":false},"featured_media":132767,"comment_status":"open","ping_status":"closed","template":"","meta":{"_trash_the_other_posts":false},"product_brand":[],"product_cat":[569],"product_tag":[2484],"berocket_brand":[1059],"class_list":{"0":"post-132768","1":"product","2":"type-product","3":"status-publish","4":"has-post-thumbnail","6":"product_cat-kynsilakka","7":"product_tag-beauty-uk-nail-polish","8":"pa_brand-beautyuk","9":"pa_variantti-no-16-pink-pop","10":"berocket_brand-beautyuk","12":"first","13":"instock","14":"sale","15":"taxable","16":"shipping-taxable","17":"purchasable","18":"product-type-simple"},"_links":{"self":[{"href":"https:\/\/stylingagenten.com\/fi\/wp-json\/wp\/v2\/product\/132768","targetHints":{"allow":["GET"]}}],"collection":[{"href":"https:\/\/stylingagenten.com\/fi\/wp-json\/wp\/v2\/product"}],"about":[{"href":"https:\/\/stylingagenten.com\/fi\/wp-json\/wp\/v2\/types\/product"}],"replies":[{"embeddable":true,"href":"https:\/\/stylingagenten.com\/fi\/wp-json\/wp\/v2\/comments?post=132768"}],"version-history":[{"count":0,"href":"https:\/\/stylingagenten.com\/fi\/wp-json\/wp\/v2\/product\/132768\/revisions"}],"wp:featuredmedia":[{"embeddable":true,"href":"https:\/\/stylingagenten.com\/fi\/wp-json\/wp\/v2\/media\/132767"}],"wp:attachment":[{"href":"https:\/\/stylingagenten.com\/fi\/wp-json\/wp\/v2\/media?parent=132768"}],"wp:term":[{"taxonomy":"product_brand","embeddable":true,"href":"https:\/\/stylingagenten.com\/fi\/wp-json\/wp\/v2\/product_brand?post=132768"},{"taxonomy":"product_cat","embeddable":true,"href":"https:\/\/stylingagenten.com\/fi\/wp-json\/wp\/v2\/product_cat?post=132768"},{"taxonomy":"product_tag","embeddable":true,"href":"https:\/\/stylingagenten.com\/fi\/wp-json\/wp\/v2\/product_tag?post=132768"},{"taxonomy":"berocket_brand","embeddable":true,"href":"https:\/\/stylingagenten.com\/fi\/wp-json\/wp\/v2\/berocket_brand?post=132768"}],"curies":[{"name":"wp","href":"https:\/\/api.w.org\/{rel}","templated":true}]}}