{"id":132763,"date":"2025-05-18T22:32:57","date_gmt":"2025-05-18T22:32:57","guid":{"rendered":"https:\/\/staging2.stylingagenten.com\/fi\/produkt\/beauty-uk-nail-polish-no-6-lady-lavender\/"},"modified":"2026-03-08T12:37:36","modified_gmt":"2026-03-08T12:37:36","slug":"beauty-uk-nail-polish-no-6-lady-lavender","status":"publish","type":"product","link":"https:\/\/stylingagenten.com\/fi\/tuote\/beauty-uk-nail-polish-no-6-lady-lavender\/","title":{"rendered":"Beauty UK Nail Polish no.6 &#8211; Lady Lavender"},"content":{"rendered":"<p>Tutustu Beauty UK:n uuteen kynsilakkamallistoon &ndash; Saatavana useissa kauniissa s\u00e4vyiss\u00e4, parannetulla koostumuksella, joka tarjoaa intensiivisen peitt\u00e4vyyden!<\/p>\n","protected":false},"excerpt":{"rendered":"<p>Tutustu Beauty UK:n uuteen kynsilakkamallistoon &ndash; Saatavana useissa kauniissa s\u00e4vyiss\u00e4, parannetulla koostumuksella, joka tarjoaa intensiivisen peitt\u00e4vyyden!<\/p>\n","protected":false},"featured_media":132762,"comment_status":"open","ping_status":"closed","template":"","meta":{"_trash_the_other_posts":false},"product_brand":[],"product_cat":[569,1005],"product_tag":[2484],"berocket_brand":[1059],"class_list":{"0":"post-132763","1":"product","2":"type-product","3":"status-publish","4":"has-post-thumbnail","6":"product_cat-kynsilakka","7":"product_cat-outlet","8":"product_tag-beauty-uk-nail-polish","9":"pa_brand-beautyuk","10":"pa_variantti-no-6-lady-lavender","11":"berocket_brand-beautyuk","13":"first","14":"instock","15":"sale","16":"taxable","17":"shipping-taxable","18":"purchasable","19":"product-type-simple"},"_links":{"self":[{"href":"https:\/\/stylingagenten.com\/fi\/wp-json\/wp\/v2\/product\/132763","targetHints":{"allow":["GET"]}}],"collection":[{"href":"https:\/\/stylingagenten.com\/fi\/wp-json\/wp\/v2\/product"}],"about":[{"href":"https:\/\/stylingagenten.com\/fi\/wp-json\/wp\/v2\/types\/product"}],"replies":[{"embeddable":true,"href":"https:\/\/stylingagenten.com\/fi\/wp-json\/wp\/v2\/comments?post=132763"}],"version-history":[{"count":0,"href":"https:\/\/stylingagenten.com\/fi\/wp-json\/wp\/v2\/product\/132763\/revisions"}],"wp:featuredmedia":[{"embeddable":true,"href":"https:\/\/stylingagenten.com\/fi\/wp-json\/wp\/v2\/media\/132762"}],"wp:attachment":[{"href":"https:\/\/stylingagenten.com\/fi\/wp-json\/wp\/v2\/media?parent=132763"}],"wp:term":[{"taxonomy":"product_brand","embeddable":true,"href":"https:\/\/stylingagenten.com\/fi\/wp-json\/wp\/v2\/product_brand?post=132763"},{"taxonomy":"product_cat","embeddable":true,"href":"https:\/\/stylingagenten.com\/fi\/wp-json\/wp\/v2\/product_cat?post=132763"},{"taxonomy":"product_tag","embeddable":true,"href":"https:\/\/stylingagenten.com\/fi\/wp-json\/wp\/v2\/product_tag?post=132763"},{"taxonomy":"berocket_brand","embeddable":true,"href":"https:\/\/stylingagenten.com\/fi\/wp-json\/wp\/v2\/berocket_brand?post=132763"}],"curies":[{"name":"wp","href":"https:\/\/api.w.org\/{rel}","templated":true}]}}