{"id":132713,"date":"2025-05-18T22:32:42","date_gmt":"2025-05-18T22:32:42","guid":{"rendered":"https:\/\/staging2.stylingagenten.com\/fi\/produkt\/make-up-store-nail-polish-lucy\/"},"modified":"2025-11-19T12:07:45","modified_gmt":"2025-11-19T12:07:45","slug":"make-up-store-nail-polish-lucy","status":"publish","type":"product","link":"https:\/\/stylingagenten.com\/fi\/tuote\/make-up-store-nail-polish-lucy\/","title":{"rendered":"Make Up Store Nail Polish Lucy"},"content":{"rendered":"<p>Make Up Store Kynsilakka 9 ml<br \/>Ainutlaatuinen kynsilakka, joka kuivuu nopeasti ja kest\u00e4\u00e4 pitk\u00e4\u00e4n. Leve\u00e4mpi harja helpottaa tuomista; tasainen lopputulos ilman raitoja.<\/p>\n","protected":false},"excerpt":{"rendered":"<p>Make Up Store Kynsilakka 9 mlAinutlaatuinen kynsilakka, joka kuivuu nopeasti ja kest\u00e4\u00e4 pitk\u00e4\u00e4n. Leve\u00e4mpi harja helpottaa tuomista; tasainen lopputulos ilman raitoja.<\/p>\n","protected":false},"featured_media":132712,"comment_status":"open","ping_status":"closed","template":"","meta":{"_trash_the_other_posts":false},"product_brand":[],"product_cat":[569,1005],"product_tag":[3285],"berocket_brand":[1271],"class_list":{"0":"post-132713","1":"product","2":"type-product","3":"status-publish","4":"has-post-thumbnail","6":"product_cat-kynsilakka","7":"product_cat-outlet","8":"product_tag-make-up-store-nail-polish","9":"pa_brand-make-up-store","10":"pa_variantti-lucy","11":"berocket_brand-make-up-store","13":"first","14":"instock","15":"sale","16":"taxable","17":"shipping-taxable","18":"purchasable","19":"product-type-simple"},"_links":{"self":[{"href":"https:\/\/stylingagenten.com\/fi\/wp-json\/wp\/v2\/product\/132713","targetHints":{"allow":["GET"]}}],"collection":[{"href":"https:\/\/stylingagenten.com\/fi\/wp-json\/wp\/v2\/product"}],"about":[{"href":"https:\/\/stylingagenten.com\/fi\/wp-json\/wp\/v2\/types\/product"}],"replies":[{"embeddable":true,"href":"https:\/\/stylingagenten.com\/fi\/wp-json\/wp\/v2\/comments?post=132713"}],"version-history":[{"count":0,"href":"https:\/\/stylingagenten.com\/fi\/wp-json\/wp\/v2\/product\/132713\/revisions"}],"wp:featuredmedia":[{"embeddable":true,"href":"https:\/\/stylingagenten.com\/fi\/wp-json\/wp\/v2\/media\/132712"}],"wp:attachment":[{"href":"https:\/\/stylingagenten.com\/fi\/wp-json\/wp\/v2\/media?parent=132713"}],"wp:term":[{"taxonomy":"product_brand","embeddable":true,"href":"https:\/\/stylingagenten.com\/fi\/wp-json\/wp\/v2\/product_brand?post=132713"},{"taxonomy":"product_cat","embeddable":true,"href":"https:\/\/stylingagenten.com\/fi\/wp-json\/wp\/v2\/product_cat?post=132713"},{"taxonomy":"product_tag","embeddable":true,"href":"https:\/\/stylingagenten.com\/fi\/wp-json\/wp\/v2\/product_tag?post=132713"},{"taxonomy":"berocket_brand","embeddable":true,"href":"https:\/\/stylingagenten.com\/fi\/wp-json\/wp\/v2\/berocket_brand?post=132713"}],"curies":[{"name":"wp","href":"https:\/\/api.w.org\/{rel}","templated":true}]}}