{"id":132695,"date":"2025-05-18T22:32:36","date_gmt":"2025-05-18T22:32:36","guid":{"rendered":"https:\/\/staging2.stylingagenten.com\/fi\/produkt\/make-up-store-nail-polish-malin\/"},"modified":"2026-04-09T04:29:23","modified_gmt":"2026-04-09T04:29:23","slug":"make-up-store-nail-polish-malin","status":"publish","type":"product","link":"https:\/\/stylingagenten.com\/fi\/tuote\/make-up-store-nail-polish-malin\/","title":{"rendered":"Make Up Store Nail Polish Malin"},"content":{"rendered":"<p>Make Up Store Kynsilakka 9 ml<br \/>Ainutlaatuinen kynsilakka, joka kuivuu nopeasti ja kest\u00e4\u00e4 pitk\u00e4\u00e4n. Leve\u00e4mpi harja helpottaa tuomista; tasainen lopputulos ilman raitoja.<\/p>\n","protected":false},"excerpt":{"rendered":"<p>Make Up Store Kynsilakka 9 mlAinutlaatuinen kynsilakka, joka kuivuu nopeasti ja kest\u00e4\u00e4 pitk\u00e4\u00e4n. Leve\u00e4mpi harja helpottaa tuomista; tasainen lopputulos ilman raitoja.<\/p>\n","protected":false},"featured_media":132694,"comment_status":"open","ping_status":"closed","template":"","meta":{"_trash_the_other_posts":false},"product_brand":[],"product_cat":[569],"product_tag":[3285],"berocket_brand":[1271],"class_list":{"0":"post-132695","1":"product","2":"type-product","3":"status-publish","4":"has-post-thumbnail","6":"product_cat-kynsilakka","7":"product_tag-make-up-store-nail-polish","8":"pa_brand-make-up-store","9":"pa_variantti-malin","10":"berocket_brand-make-up-store","12":"first","13":"instock","14":"sale","15":"taxable","16":"shipping-taxable","17":"purchasable","18":"product-type-simple"},"_links":{"self":[{"href":"https:\/\/stylingagenten.com\/fi\/wp-json\/wp\/v2\/product\/132695","targetHints":{"allow":["GET"]}}],"collection":[{"href":"https:\/\/stylingagenten.com\/fi\/wp-json\/wp\/v2\/product"}],"about":[{"href":"https:\/\/stylingagenten.com\/fi\/wp-json\/wp\/v2\/types\/product"}],"replies":[{"embeddable":true,"href":"https:\/\/stylingagenten.com\/fi\/wp-json\/wp\/v2\/comments?post=132695"}],"version-history":[{"count":0,"href":"https:\/\/stylingagenten.com\/fi\/wp-json\/wp\/v2\/product\/132695\/revisions"}],"wp:featuredmedia":[{"embeddable":true,"href":"https:\/\/stylingagenten.com\/fi\/wp-json\/wp\/v2\/media\/132694"}],"wp:attachment":[{"href":"https:\/\/stylingagenten.com\/fi\/wp-json\/wp\/v2\/media?parent=132695"}],"wp:term":[{"taxonomy":"product_brand","embeddable":true,"href":"https:\/\/stylingagenten.com\/fi\/wp-json\/wp\/v2\/product_brand?post=132695"},{"taxonomy":"product_cat","embeddable":true,"href":"https:\/\/stylingagenten.com\/fi\/wp-json\/wp\/v2\/product_cat?post=132695"},{"taxonomy":"product_tag","embeddable":true,"href":"https:\/\/stylingagenten.com\/fi\/wp-json\/wp\/v2\/product_tag?post=132695"},{"taxonomy":"berocket_brand","embeddable":true,"href":"https:\/\/stylingagenten.com\/fi\/wp-json\/wp\/v2\/berocket_brand?post=132695"}],"curies":[{"name":"wp","href":"https:\/\/api.w.org\/{rel}","templated":true}]}}