{"id":132663,"date":"2025-05-18T22:32:27","date_gmt":"2025-05-18T22:32:27","guid":{"rendered":"https:\/\/staging2.stylingagenten.com\/fi\/produkt\/beauty-uk-nail-polish-it-takes-two-to-mango\/"},"modified":"2026-01-12T13:17:15","modified_gmt":"2026-01-12T13:17:15","slug":"beauty-uk-nail-polish-it-takes-two-to-mango","status":"publish","type":"product","link":"https:\/\/stylingagenten.com\/fi\/tuote\/beauty-uk-nail-polish-it-takes-two-to-mango\/","title":{"rendered":"Beauty UK Nail Polish &#8211; It takes two to mango"},"content":{"rendered":"<p>Beauty UK esittelee uuden valikoiman kynsilakkas\u00e4vyj\u00e4. Kauniita pinkkej\u00e4, eritt\u00e4in pigmentoituja neoneja ja suloisia v\u00e4ris\u00e4vyj\u00e4 superkiilt\u00e4v\u00e4ll\u00e4 viimeistelyll\u00e4. Uudesta kynsilakkakokoelmasta l\u00f6ytyy varmasti mielialaasi sopiva s\u00e4vy.<br \/>100 % vegaaninen. V\u00e4kivallaton. Valmistettu Isossa-Britanniassa<\/p>\n","protected":false},"excerpt":{"rendered":"<p>Beauty UK esittelee uuden valikoiman kynsilakkas\u00e4vyj\u00e4. Kauniita pinkkej\u00e4, eritt\u00e4in pigmentoituja neoneja ja suloisia v\u00e4ris\u00e4vyj\u00e4 superkiilt\u00e4v\u00e4ll\u00e4 viimeistelyll\u00e4. Uudesta kynsilakkakokoelmasta l\u00f6ytyy varmasti mielialaasi sopiva s\u00e4vy.100 % vegaaninen. V\u00e4kivallaton. Valmistettu Isossa-Britanniassa<\/p>\n","protected":false},"featured_media":132662,"comment_status":"open","ping_status":"closed","template":"","meta":{"_trash_the_other_posts":false},"product_brand":[],"product_cat":[569],"product_tag":[2484],"berocket_brand":[1059],"class_list":{"0":"post-132663","1":"product","2":"type-product","3":"status-publish","4":"has-post-thumbnail","6":"product_cat-kynsilakka","7":"product_tag-beauty-uk-nail-polish","8":"pa_brand-beautyuk","9":"pa_variantti-it-takes-two-to-mango","10":"berocket_brand-beautyuk","12":"first","13":"instock","14":"sale","15":"taxable","16":"shipping-taxable","17":"purchasable","18":"product-type-simple"},"_links":{"self":[{"href":"https:\/\/stylingagenten.com\/fi\/wp-json\/wp\/v2\/product\/132663","targetHints":{"allow":["GET"]}}],"collection":[{"href":"https:\/\/stylingagenten.com\/fi\/wp-json\/wp\/v2\/product"}],"about":[{"href":"https:\/\/stylingagenten.com\/fi\/wp-json\/wp\/v2\/types\/product"}],"replies":[{"embeddable":true,"href":"https:\/\/stylingagenten.com\/fi\/wp-json\/wp\/v2\/comments?post=132663"}],"version-history":[{"count":0,"href":"https:\/\/stylingagenten.com\/fi\/wp-json\/wp\/v2\/product\/132663\/revisions"}],"wp:featuredmedia":[{"embeddable":true,"href":"https:\/\/stylingagenten.com\/fi\/wp-json\/wp\/v2\/media\/132662"}],"wp:attachment":[{"href":"https:\/\/stylingagenten.com\/fi\/wp-json\/wp\/v2\/media?parent=132663"}],"wp:term":[{"taxonomy":"product_brand","embeddable":true,"href":"https:\/\/stylingagenten.com\/fi\/wp-json\/wp\/v2\/product_brand?post=132663"},{"taxonomy":"product_cat","embeddable":true,"href":"https:\/\/stylingagenten.com\/fi\/wp-json\/wp\/v2\/product_cat?post=132663"},{"taxonomy":"product_tag","embeddable":true,"href":"https:\/\/stylingagenten.com\/fi\/wp-json\/wp\/v2\/product_tag?post=132663"},{"taxonomy":"berocket_brand","embeddable":true,"href":"https:\/\/stylingagenten.com\/fi\/wp-json\/wp\/v2\/berocket_brand?post=132663"}],"curies":[{"name":"wp","href":"https:\/\/api.w.org\/{rel}","templated":true}]}}