{"id":132473,"date":"2025-05-18T22:31:31","date_gmt":"2025-05-18T22:31:31","guid":{"rendered":"https:\/\/staging2.stylingagenten.com\/fi\/produkt\/sally-hansen-miracle-gel-051-peach-please\/"},"modified":"2025-11-19T12:22:31","modified_gmt":"2025-11-19T12:22:31","slug":"sally-hansen-miracle-gel-051-peach-please","status":"publish","type":"product","link":"https:\/\/stylingagenten.com\/fi\/tuote\/sally-hansen-miracle-gel-051-peach-please\/","title":{"rendered":"Sally Hansen Miracle Gel #051 Peach Please"},"content":{"rendered":"<p>Sally Hansen on maailman johtava kynsilakka-innovaatioiden valmistaja, ja heid\u00e4n uusi patentoitu Miracle Gel on ensimm\u00e4inen manikyyri, jossa tavallinen kynsilakka yhdistyy korkean teknologian geeliin. Miracle Gelin patentoitu teknologia tarjoaa pidemm\u00e4n s\u00e4ilyvyyden eik\u00e4 vaadi UV-lamppua.<\/p>\n<p>1 Varmista, ett\u00e4 kynnet ovat puhtaat ja kuivat.<br \/>2 K\u00e4yt\u00e4 kynsilakanpoistoainetta kynsist\u00e4 mahdollisten j\u00e4\u00e4nn\u00f6sten poistamiseen. <br \/>3 Levit\u00e4 2 kerrosta Miracle Gel Coloria.<br \/>4 Anna v\u00e4rin kuivua 5 minuuttia.<br \/>5 Levit\u00e4 kerros Miracle Gel Top Coatia.<\/p>\n<p>Helppo poistaa tavallisella kynsilakanpoistoaineella. .<\/p>\n","protected":false},"excerpt":{"rendered":"<p>Sally Hansen on maailman johtava kynsilakka-innovaatioiden valmistaja, ja heid\u00e4n uusi patentoitu Miracle Gel on ensimm\u00e4inen manikyyri, jossa tavallinen kynsilakka yhdistyy korkean teknologian geeliin. Miracle Gelin patentoitu teknologia tarjoaa pidemm\u00e4n s\u00e4ilyvyyden eik\u00e4 vaadi UV-lamppua. 1 Varmista, ett\u00e4 kynnet ovat puhtaat ja kuivat.2 K\u00e4yt\u00e4 kynsilakanpoistoainetta kynsist\u00e4 mahdollisten j\u00e4\u00e4nn\u00f6sten poistamiseen. 3 Levit\u00e4 2 kerrosta Miracle Gel Coloria.4 Anna [&hellip;]<\/p>\n","protected":false},"featured_media":132469,"comment_status":"open","ping_status":"closed","template":"","meta":{"_trash_the_other_posts":false},"product_brand":[],"product_cat":[569],"product_tag":[3965],"berocket_brand":[1155],"class_list":{"0":"post-132473","1":"product","2":"type-product","3":"status-publish","4":"has-post-thumbnail","6":"product_cat-kynsilakka","7":"product_tag-sally-hansen-miracle-gel","8":"pa_brand-sally-hansen","9":"pa_variantti-051-peach-please","10":"berocket_brand-sally-hansen","12":"first","13":"instock","14":"sale","15":"taxable","16":"shipping-taxable","17":"purchasable","18":"product-type-simple"},"_links":{"self":[{"href":"https:\/\/stylingagenten.com\/fi\/wp-json\/wp\/v2\/product\/132473","targetHints":{"allow":["GET"]}}],"collection":[{"href":"https:\/\/stylingagenten.com\/fi\/wp-json\/wp\/v2\/product"}],"about":[{"href":"https:\/\/stylingagenten.com\/fi\/wp-json\/wp\/v2\/types\/product"}],"replies":[{"embeddable":true,"href":"https:\/\/stylingagenten.com\/fi\/wp-json\/wp\/v2\/comments?post=132473"}],"version-history":[{"count":0,"href":"https:\/\/stylingagenten.com\/fi\/wp-json\/wp\/v2\/product\/132473\/revisions"}],"wp:featuredmedia":[{"embeddable":true,"href":"https:\/\/stylingagenten.com\/fi\/wp-json\/wp\/v2\/media\/132469"}],"wp:attachment":[{"href":"https:\/\/stylingagenten.com\/fi\/wp-json\/wp\/v2\/media?parent=132473"}],"wp:term":[{"taxonomy":"product_brand","embeddable":true,"href":"https:\/\/stylingagenten.com\/fi\/wp-json\/wp\/v2\/product_brand?post=132473"},{"taxonomy":"product_cat","embeddable":true,"href":"https:\/\/stylingagenten.com\/fi\/wp-json\/wp\/v2\/product_cat?post=132473"},{"taxonomy":"product_tag","embeddable":true,"href":"https:\/\/stylingagenten.com\/fi\/wp-json\/wp\/v2\/product_tag?post=132473"},{"taxonomy":"berocket_brand","embeddable":true,"href":"https:\/\/stylingagenten.com\/fi\/wp-json\/wp\/v2\/berocket_brand?post=132473"}],"curies":[{"name":"wp","href":"https:\/\/api.w.org\/{rel}","templated":true}]}}