{"id":132178,"date":"2025-05-18T22:29:37","date_gmt":"2025-05-18T22:29:37","guid":{"rendered":"https:\/\/staging2.stylingagenten.com\/fi\/produkt\/sally-hansen-color-therapy-270-mauve-mantra\/"},"modified":"2026-03-16T15:01:30","modified_gmt":"2026-03-16T15:01:30","slug":"sally-hansen-color-therapy-270-mauve-mantra","status":"publish","type":"product","link":"https:\/\/stylingagenten.com\/fi\/tuote\/sally-hansen-color-therapy-270-mauve-mantra\/","title":{"rendered":"Sally Hansen Color Therapy #270 Mauve Mantra"},"content":{"rendered":"<p>Sally Hansen Therapy -kynsilakka Mauve Mantra 14,7 ml<br \/>Saa salonkiin sopiva manikyyri kotona Sally Hansen Color Therapy\u2122 -kynsilakkalla, joka on nopeasti kuivuva koostumus, joka liukuu helposti kynsille ammattimaisen lopputuloksen saavuttamiseksi.<br \/>Kynsi. lakka on rikastettu argan\u00f6ljyll\u00e4, joka hoitaa kynsi\u00e4 ja antaa niille terveen ulkon\u00e4\u00f6n. V\u00e4ri ei hilseile eik\u00e4 haalistu, ja kest\u00e4\u00e4 jopa kymmenen p\u00e4iv\u00e4\u00e4. Mukana tarkkuusharja hallittua ja tarkkaa levityst\u00e4 varten.<\/p>\n","protected":false},"excerpt":{"rendered":"<p>Sally Hansen Therapy -kynsilakka Mauve Mantra 14,7 mlSaa salonkiin sopiva manikyyri kotona Sally Hansen Color Therapy\u2122 -kynsilakkalla, joka on nopeasti kuivuva koostumus, joka liukuu helposti kynsille ammattimaisen lopputuloksen saavuttamiseksi.Kynsi. lakka on rikastettu argan\u00f6ljyll\u00e4, joka hoitaa kynsi\u00e4 ja antaa niille terveen ulkon\u00e4\u00f6n. V\u00e4ri ei hilseile eik\u00e4 haalistu, ja kest\u00e4\u00e4 jopa kymmenen p\u00e4iv\u00e4\u00e4. Mukana tarkkuusharja hallittua ja [&hellip;]<\/p>\n","protected":false},"featured_media":132170,"comment_status":"open","ping_status":"closed","template":"","meta":{"_trash_the_other_posts":false},"product_brand":[],"product_cat":[569],"product_tag":[3963],"berocket_brand":[1155],"class_list":{"0":"post-132178","1":"product","2":"type-product","3":"status-publish","4":"has-post-thumbnail","6":"product_cat-kynsilakka","7":"product_tag-sally-hansen-color-therapy","8":"pa_brand-sally-hansen","9":"pa_variantti-270-mauve-mantra","10":"berocket_brand-sally-hansen","12":"first","13":"instock","14":"sale","15":"taxable","16":"shipping-taxable","17":"purchasable","18":"product-type-simple"},"_links":{"self":[{"href":"https:\/\/stylingagenten.com\/fi\/wp-json\/wp\/v2\/product\/132178","targetHints":{"allow":["GET"]}}],"collection":[{"href":"https:\/\/stylingagenten.com\/fi\/wp-json\/wp\/v2\/product"}],"about":[{"href":"https:\/\/stylingagenten.com\/fi\/wp-json\/wp\/v2\/types\/product"}],"replies":[{"embeddable":true,"href":"https:\/\/stylingagenten.com\/fi\/wp-json\/wp\/v2\/comments?post=132178"}],"version-history":[{"count":0,"href":"https:\/\/stylingagenten.com\/fi\/wp-json\/wp\/v2\/product\/132178\/revisions"}],"wp:featuredmedia":[{"embeddable":true,"href":"https:\/\/stylingagenten.com\/fi\/wp-json\/wp\/v2\/media\/132170"}],"wp:attachment":[{"href":"https:\/\/stylingagenten.com\/fi\/wp-json\/wp\/v2\/media?parent=132178"}],"wp:term":[{"taxonomy":"product_brand","embeddable":true,"href":"https:\/\/stylingagenten.com\/fi\/wp-json\/wp\/v2\/product_brand?post=132178"},{"taxonomy":"product_cat","embeddable":true,"href":"https:\/\/stylingagenten.com\/fi\/wp-json\/wp\/v2\/product_cat?post=132178"},{"taxonomy":"product_tag","embeddable":true,"href":"https:\/\/stylingagenten.com\/fi\/wp-json\/wp\/v2\/product_tag?post=132178"},{"taxonomy":"berocket_brand","embeddable":true,"href":"https:\/\/stylingagenten.com\/fi\/wp-json\/wp\/v2\/berocket_brand?post=132178"}],"curies":[{"name":"wp","href":"https:\/\/api.w.org\/{rel}","templated":true}]}}