{"id":132152,"date":"2025-05-18T22:29:24","date_gmt":"2025-05-18T22:29:24","guid":{"rendered":"https:\/\/staging2.stylingagenten.com\/fi\/produkt\/sally-hansen-color-therapy-554-nail-cuticle-serum\/"},"modified":"2026-03-31T17:38:51","modified_gmt":"2026-03-31T17:38:51","slug":"sally-hansen-color-therapy-554-nail-cuticle-serum","status":"publish","type":"product","link":"https:\/\/stylingagenten.com\/fi\/tuote\/sally-hansen-color-therapy-554-nail-cuticle-serum\/","title":{"rendered":"Sally Hansen Color Therapy #554 Nail Cuticle Serum"},"content":{"rendered":"<p>Sally Hansen Therapy kynsilakka kynsilakka 14,7 ml farvetapi \u2122, kaunis v\u00e4ri, joka katkeaa k\u00e4ytt\u00e4ess\u00e4si! Patentoidussa argan\u00f6ljykoostumuksessa yhdistyv\u00e4t intensiivinen ravinto ja v\u00e4lit\u00f6n kosteus, jotta kynnet n\u00e4ytt\u00e4v\u00e4t terveilt\u00e4. V\u00e4ri + hoito! Kauniit argan\u00f6ljyll\u00e4 t\u00e4ytetyt v\u00e4rit tarjoavat intensiivist\u00e4 ravintoa. K\u00e4yt\u00f6n my\u00f6t\u00e4 9 naista 10:st\u00e4 koki luonnollisen kynnen luonnollisen paranemisen. Yhdist\u00e4 pintamaalin kanssa kiiltoa ja liukumista varten. \u00c4l\u00e4 unohda kynsilakkaasi saadaksesi v\u00e4litt\u00f6m\u00e4sti terveemm\u00e4t kynnet ja kynsilakka.<\/p>\n","protected":false},"excerpt":{"rendered":"<p>Sally Hansen Therapy kynsilakka kynsilakka 14,7 ml farvetapi \u2122, kaunis v\u00e4ri, joka katkeaa k\u00e4ytt\u00e4ess\u00e4si! Patentoidussa argan\u00f6ljykoostumuksessa yhdistyv\u00e4t intensiivinen ravinto ja v\u00e4lit\u00f6n kosteus, jotta kynnet n\u00e4ytt\u00e4v\u00e4t terveilt\u00e4. V\u00e4ri + hoito! Kauniit argan\u00f6ljyll\u00e4 t\u00e4ytetyt v\u00e4rit tarjoavat intensiivist\u00e4 ravintoa. K\u00e4yt\u00f6n my\u00f6t\u00e4 9 naista 10:st\u00e4 koki luonnollisen kynnen luonnollisen paranemisen. Yhdist\u00e4 pintamaalin kanssa kiiltoa ja liukumista varten. \u00c4l\u00e4 unohda [&hellip;]<\/p>\n","protected":false},"featured_media":132148,"comment_status":"open","ping_status":"closed","template":"","meta":{"_trash_the_other_posts":false},"product_brand":[],"product_cat":[569],"product_tag":[3963],"berocket_brand":[1155],"class_list":{"0":"post-132152","1":"product","2":"type-product","3":"status-publish","4":"has-post-thumbnail","6":"product_cat-kynsilakka","7":"product_tag-sally-hansen-color-therapy","8":"pa_brand-sally-hansen","9":"pa_variantti-554-nail-cuticle-serum","10":"berocket_brand-sally-hansen","12":"first","13":"instock","14":"sale","15":"taxable","16":"shipping-taxable","17":"purchasable","18":"product-type-simple"},"_links":{"self":[{"href":"https:\/\/stylingagenten.com\/fi\/wp-json\/wp\/v2\/product\/132152","targetHints":{"allow":["GET"]}}],"collection":[{"href":"https:\/\/stylingagenten.com\/fi\/wp-json\/wp\/v2\/product"}],"about":[{"href":"https:\/\/stylingagenten.com\/fi\/wp-json\/wp\/v2\/types\/product"}],"replies":[{"embeddable":true,"href":"https:\/\/stylingagenten.com\/fi\/wp-json\/wp\/v2\/comments?post=132152"}],"version-history":[{"count":0,"href":"https:\/\/stylingagenten.com\/fi\/wp-json\/wp\/v2\/product\/132152\/revisions"}],"wp:featuredmedia":[{"embeddable":true,"href":"https:\/\/stylingagenten.com\/fi\/wp-json\/wp\/v2\/media\/132148"}],"wp:attachment":[{"href":"https:\/\/stylingagenten.com\/fi\/wp-json\/wp\/v2\/media?parent=132152"}],"wp:term":[{"taxonomy":"product_brand","embeddable":true,"href":"https:\/\/stylingagenten.com\/fi\/wp-json\/wp\/v2\/product_brand?post=132152"},{"taxonomy":"product_cat","embeddable":true,"href":"https:\/\/stylingagenten.com\/fi\/wp-json\/wp\/v2\/product_cat?post=132152"},{"taxonomy":"product_tag","embeddable":true,"href":"https:\/\/stylingagenten.com\/fi\/wp-json\/wp\/v2\/product_tag?post=132152"},{"taxonomy":"berocket_brand","embeddable":true,"href":"https:\/\/stylingagenten.com\/fi\/wp-json\/wp\/v2\/berocket_brand?post=132152"}],"curies":[{"name":"wp","href":"https:\/\/api.w.org\/{rel}","templated":true}]}}