{"id":132082,"date":"2025-05-18T22:28:39","date_gmt":"2025-05-18T22:28:39","guid":{"rendered":"https:\/\/staging2.stylingagenten.com\/fi\/produkt\/zmile-cosmetics-nail-polish-baby-pink-sparkle-5ml\/"},"modified":"2025-12-05T13:32:57","modified_gmt":"2025-12-05T13:32:57","slug":"zmile-cosmetics-nail-polish-baby-pink-sparkle-5ml","status":"publish","type":"product","link":"https:\/\/stylingagenten.com\/fi\/tuote\/zmile-cosmetics-nail-polish-baby-pink-sparkle-5ml\/","title":{"rendered":"Zmile Cosmetics Nail Polish &#8211; Baby Pink Sparkle 5ml"},"content":{"rendered":"<p>Anna kynsillesi ripaus glamouria Zmile Cosmetics Nail Polish -kynsilakalla s\u00e4vyss\u00e4 Baby Pink Sparkle. Kynsilakka tarjoaa pehme\u00e4n vaaleanpunaisen v\u00e4rin, joka valaisee jokaista sormea! Pehme\u00e4 koostumus takaa tasaisen ja kest\u00e4v\u00e4n tuloksen.<br \/>\n<br \/>5ml<\/p>\n","protected":false},"excerpt":{"rendered":"<p>Anna kynsillesi ripaus glamouria Zmile Cosmetics Nail Polish -kynsilakalla s\u00e4vyss\u00e4 Baby Pink Sparkle. Kynsilakka tarjoaa pehme\u00e4n vaaleanpunaisen v\u00e4rin, joka valaisee jokaista sormea! Pehme\u00e4 koostumus takaa tasaisen ja kest\u00e4v\u00e4n tuloksen. 5ml<\/p>\n","protected":false},"featured_media":132081,"comment_status":"open","ping_status":"closed","template":"","meta":{"_trash_the_other_posts":false},"product_brand":[],"product_cat":[569],"product_tag":[],"berocket_brand":[1179],"class_list":{"0":"post-132082","1":"product","2":"type-product","3":"status-publish","4":"has-post-thumbnail","6":"product_cat-kynsilakka","7":"pa_brand-zmile-cosmetics","8":"berocket_brand-zmile-cosmetics","10":"first","11":"instock","12":"taxable","13":"shipping-taxable","14":"purchasable","15":"product-type-simple"},"_links":{"self":[{"href":"https:\/\/stylingagenten.com\/fi\/wp-json\/wp\/v2\/product\/132082","targetHints":{"allow":["GET"]}}],"collection":[{"href":"https:\/\/stylingagenten.com\/fi\/wp-json\/wp\/v2\/product"}],"about":[{"href":"https:\/\/stylingagenten.com\/fi\/wp-json\/wp\/v2\/types\/product"}],"replies":[{"embeddable":true,"href":"https:\/\/stylingagenten.com\/fi\/wp-json\/wp\/v2\/comments?post=132082"}],"version-history":[{"count":0,"href":"https:\/\/stylingagenten.com\/fi\/wp-json\/wp\/v2\/product\/132082\/revisions"}],"wp:featuredmedia":[{"embeddable":true,"href":"https:\/\/stylingagenten.com\/fi\/wp-json\/wp\/v2\/media\/132081"}],"wp:attachment":[{"href":"https:\/\/stylingagenten.com\/fi\/wp-json\/wp\/v2\/media?parent=132082"}],"wp:term":[{"taxonomy":"product_brand","embeddable":true,"href":"https:\/\/stylingagenten.com\/fi\/wp-json\/wp\/v2\/product_brand?post=132082"},{"taxonomy":"product_cat","embeddable":true,"href":"https:\/\/stylingagenten.com\/fi\/wp-json\/wp\/v2\/product_cat?post=132082"},{"taxonomy":"product_tag","embeddable":true,"href":"https:\/\/stylingagenten.com\/fi\/wp-json\/wp\/v2\/product_tag?post=132082"},{"taxonomy":"berocket_brand","embeddable":true,"href":"https:\/\/stylingagenten.com\/fi\/wp-json\/wp\/v2\/berocket_brand?post=132082"}],"curies":[{"name":"wp","href":"https:\/\/api.w.org\/{rel}","templated":true}]}}