{"id":132080,"date":"2025-05-18T22:28:38","date_gmt":"2025-05-18T22:28:38","guid":{"rendered":"https:\/\/staging2.stylingagenten.com\/fi\/produkt\/cutex-bb-nail-concealer-13-6ml\/"},"modified":"2026-04-08T15:28:45","modified_gmt":"2026-04-08T15:28:45","slug":"cutex-bb-nail-concealer-13-6ml","status":"publish","type":"product","link":"https:\/\/stylingagenten.com\/fi\/tuote\/cutex-bb-nail-concealer-13-6ml\/","title":{"rendered":"Cutex BB Nail Concealer 13.6ml"},"content":{"rendered":"<p>Pid\u00e4 kyntesi tervein\u00e4 ja luonnollisina t\u00e4ll\u00e4 peitevoideella. Cutex on kynsien taiteen asiantuntija, jonka innovatiiviset ratkaisut pit\u00e4v\u00e4t huolta k\u00e4sist\u00e4si ja jaloistasi. Mustaherukansiemen\u00f6ljy\u00e4 ja silkkijauhetta sis\u00e4lt\u00e4v\u00e4 koostumus kosteuttaa ja ravitsee kynsi\u00e4 torjuen heikkoutta. T\u00e4m\u00e4 luonnollinen kynsilakka my\u00f6s t\u00e4ytt\u00e4\u00e4 ep\u00e4tasaiset pinnat ja piilottaa ep\u00e4tasaisuudet kiillotetumman ilmeen saamiseksi. T\u00e4m\u00e4 peitevoide on ihanteellinen niille, jotka haluavat luonnolliset yhten\u00e4iset kynnet, jotka on suojattu ja korjattu samanaikaisesti.<\/p>\n","protected":false},"excerpt":{"rendered":"<p>Pid\u00e4 kyntesi tervein\u00e4 ja luonnollisina t\u00e4ll\u00e4 peitevoideella. Cutex on kynsien taiteen asiantuntija, jonka innovatiiviset ratkaisut pit\u00e4v\u00e4t huolta k\u00e4sist\u00e4si ja jaloistasi. Mustaherukansiemen\u00f6ljy\u00e4 ja silkkijauhetta sis\u00e4lt\u00e4v\u00e4 koostumus kosteuttaa ja ravitsee kynsi\u00e4 torjuen heikkoutta. T\u00e4m\u00e4 luonnollinen kynsilakka my\u00f6s t\u00e4ytt\u00e4\u00e4 ep\u00e4tasaiset pinnat ja piilottaa ep\u00e4tasaisuudet kiillotetumman ilmeen saamiseksi. T\u00e4m\u00e4 peitevoide on ihanteellinen niille, jotka haluavat luonnolliset yhten\u00e4iset kynnet, jotka [&hellip;]<\/p>\n","protected":false},"featured_media":132067,"comment_status":"open","ping_status":"closed","template":"","meta":{"_trash_the_other_posts":false},"product_brand":[],"product_cat":[569],"product_tag":[],"berocket_brand":[1154],"class_list":{"0":"post-132080","1":"product","2":"type-product","3":"status-publish","4":"has-post-thumbnail","6":"product_cat-kynsilakka","7":"pa_brand-cutex","8":"berocket_brand-cutex","10":"first","11":"instock","12":"sale","13":"taxable","14":"shipping-taxable","15":"purchasable","16":"product-type-simple"},"_links":{"self":[{"href":"https:\/\/stylingagenten.com\/fi\/wp-json\/wp\/v2\/product\/132080","targetHints":{"allow":["GET"]}}],"collection":[{"href":"https:\/\/stylingagenten.com\/fi\/wp-json\/wp\/v2\/product"}],"about":[{"href":"https:\/\/stylingagenten.com\/fi\/wp-json\/wp\/v2\/types\/product"}],"replies":[{"embeddable":true,"href":"https:\/\/stylingagenten.com\/fi\/wp-json\/wp\/v2\/comments?post=132080"}],"version-history":[{"count":0,"href":"https:\/\/stylingagenten.com\/fi\/wp-json\/wp\/v2\/product\/132080\/revisions"}],"wp:featuredmedia":[{"embeddable":true,"href":"https:\/\/stylingagenten.com\/fi\/wp-json\/wp\/v2\/media\/132067"}],"wp:attachment":[{"href":"https:\/\/stylingagenten.com\/fi\/wp-json\/wp\/v2\/media?parent=132080"}],"wp:term":[{"taxonomy":"product_brand","embeddable":true,"href":"https:\/\/stylingagenten.com\/fi\/wp-json\/wp\/v2\/product_brand?post=132080"},{"taxonomy":"product_cat","embeddable":true,"href":"https:\/\/stylingagenten.com\/fi\/wp-json\/wp\/v2\/product_cat?post=132080"},{"taxonomy":"product_tag","embeddable":true,"href":"https:\/\/stylingagenten.com\/fi\/wp-json\/wp\/v2\/product_tag?post=132080"},{"taxonomy":"berocket_brand","embeddable":true,"href":"https:\/\/stylingagenten.com\/fi\/wp-json\/wp\/v2\/berocket_brand?post=132080"}],"curies":[{"name":"wp","href":"https:\/\/api.w.org\/{rel}","templated":true}]}}