{"id":132076,"date":"2025-05-18T22:28:38","date_gmt":"2025-05-18T22:28:38","guid":{"rendered":"https:\/\/staging2.stylingagenten.com\/fi\/produkt\/sally-hansen-miracle-gel-211-one-shell-of-a-party\/"},"modified":"2026-03-30T12:58:32","modified_gmt":"2026-03-30T12:58:32","slug":"sally-hansen-miracle-gel-211-one-shell-of-a-party","status":"publish","type":"product","link":"https:\/\/stylingagenten.com\/fi\/tuote\/sally-hansen-miracle-gel-211-one-shell-of-a-party\/","title":{"rendered":"Sally Hansen Miracle Gel #211 One Shell of a Party"},"content":{"rendered":"<p>Sally Hansen Miracle Gel #211 One Shell of a Party<br \/>on uraauurtava innovaatio kynsilakkauksessa ja manikyyriss\u00e4. Kynsilakka kovettuu ilman UV- tai LED-lamppua ja on ensimm\u00e4inen osa kaksivaiheista manikyyri\u00e4. Miracle Gel tarjoaa kest\u00e4v\u00e4n, kulutusta kest\u00e4v\u00e4n ja kiilt\u00e4v\u00e4n v\u00e4rin, joka kest\u00e4\u00e4 jopa 14 p\u00e4iv\u00e4\u00e4. Mik\u00e4 parasta, lakka on nopea ja helppo poistaa tavallisella kynsilakanpoistoaineella.<br \/>Edut:<br \/>\u2022V\u00e4ri kest\u00e4\u00e4 jopa 14 p\u00e4iv\u00e4\u00e4.<br \/>\u2022Yht\u00e4 helppo poistaa kuin tavallinen kynsilakka.<\/p>\n","protected":false},"excerpt":{"rendered":"<p>Sally Hansen Miracle Gel #211 One Shell of a Partyon uraauurtava innovaatio kynsilakkauksessa ja manikyyriss\u00e4. Kynsilakka kovettuu ilman UV- tai LED-lamppua ja on ensimm\u00e4inen osa kaksivaiheista manikyyri\u00e4. Miracle Gel tarjoaa kest\u00e4v\u00e4n, kulutusta kest\u00e4v\u00e4n ja kiilt\u00e4v\u00e4n v\u00e4rin, joka kest\u00e4\u00e4 jopa 14 p\u00e4iv\u00e4\u00e4. Mik\u00e4 parasta, lakka on nopea ja helppo poistaa tavallisella kynsilakanpoistoaineella.Edut:\u2022V\u00e4ri kest\u00e4\u00e4 jopa 14 p\u00e4iv\u00e4\u00e4.\u2022Yht\u00e4 [&hellip;]<\/p>\n","protected":false},"featured_media":132063,"comment_status":"open","ping_status":"closed","template":"","meta":{"_trash_the_other_posts":false},"product_brand":[],"product_cat":[569],"product_tag":[3965],"berocket_brand":[1155],"class_list":{"0":"post-132076","1":"product","2":"type-product","3":"status-publish","4":"has-post-thumbnail","6":"product_cat-kynsilakka","7":"product_tag-sally-hansen-miracle-gel","8":"pa_brand-sally-hansen","9":"pa_variantti-211-one-shell-of-a-party","10":"berocket_brand-sally-hansen","12":"first","13":"instock","14":"sale","15":"taxable","16":"shipping-taxable","17":"purchasable","18":"product-type-simple"},"_links":{"self":[{"href":"https:\/\/stylingagenten.com\/fi\/wp-json\/wp\/v2\/product\/132076","targetHints":{"allow":["GET"]}}],"collection":[{"href":"https:\/\/stylingagenten.com\/fi\/wp-json\/wp\/v2\/product"}],"about":[{"href":"https:\/\/stylingagenten.com\/fi\/wp-json\/wp\/v2\/types\/product"}],"replies":[{"embeddable":true,"href":"https:\/\/stylingagenten.com\/fi\/wp-json\/wp\/v2\/comments?post=132076"}],"version-history":[{"count":0,"href":"https:\/\/stylingagenten.com\/fi\/wp-json\/wp\/v2\/product\/132076\/revisions"}],"wp:featuredmedia":[{"embeddable":true,"href":"https:\/\/stylingagenten.com\/fi\/wp-json\/wp\/v2\/media\/132063"}],"wp:attachment":[{"href":"https:\/\/stylingagenten.com\/fi\/wp-json\/wp\/v2\/media?parent=132076"}],"wp:term":[{"taxonomy":"product_brand","embeddable":true,"href":"https:\/\/stylingagenten.com\/fi\/wp-json\/wp\/v2\/product_brand?post=132076"},{"taxonomy":"product_cat","embeddable":true,"href":"https:\/\/stylingagenten.com\/fi\/wp-json\/wp\/v2\/product_cat?post=132076"},{"taxonomy":"product_tag","embeddable":true,"href":"https:\/\/stylingagenten.com\/fi\/wp-json\/wp\/v2\/product_tag?post=132076"},{"taxonomy":"berocket_brand","embeddable":true,"href":"https:\/\/stylingagenten.com\/fi\/wp-json\/wp\/v2\/berocket_brand?post=132076"}],"curies":[{"name":"wp","href":"https:\/\/api.w.org\/{rel}","templated":true}]}}