{"id":132073,"date":"2025-05-18T22:28:37","date_gmt":"2025-05-18T22:28:37","guid":{"rendered":"https:\/\/staging2.stylingagenten.com\/fi\/produkt\/sally-hansen-miracle-gel-212-mocha-me-crazy\/"},"modified":"2026-03-30T12:58:37","modified_gmt":"2026-03-30T12:58:37","slug":"sally-hansen-miracle-gel-212-mocha-me-crazy","status":"publish","type":"product","link":"https:\/\/stylingagenten.com\/fi\/tuote\/sally-hansen-miracle-gel-212-mocha-me-crazy\/","title":{"rendered":"Sally Hansen Miracle Gel #212 Mocha Me Crazy"},"content":{"rendered":"<p>Sally Hansen Miracle Gel #212 Mocha Me Crazy on l\u00e4pimurto kynsilakan ja manikyyrin alalla. Kynsilakka kovettuu ilman UV- tai LED-lamppua ja se on ensimm\u00e4inen vaihe kahden vaiheen manikyyriss\u00e4. Miracle Gel antaa kest\u00e4v\u00e4n, sirpaleettoman ja kiilt\u00e4v\u00e4n v\u00e4rin, joka kest\u00e4\u00e4 jopa 14 p\u00e4iv\u00e4\u00e4. Parasta on, ett\u00e4 lakka on nopea ja helppo poistaa tavallisella kynsilakanpoistoaineella.<\/p>\n<p>Hy\u00f6dyt:<\/p>\n<p>V\u00e4ri kest\u00e4\u00e4 jopa 14 p\u00e4iv\u00e4\u00e4.<br \/>\n<br \/>Poistetaan yht\u00e4 helposti kuin tavallinen kynsilakka.<\/p>\n","protected":false},"excerpt":{"rendered":"<p>Sally Hansen Miracle Gel #212 Mocha Me Crazy on l\u00e4pimurto kynsilakan ja manikyyrin alalla. Kynsilakka kovettuu ilman UV- tai LED-lamppua ja se on ensimm\u00e4inen vaihe kahden vaiheen manikyyriss\u00e4. Miracle Gel antaa kest\u00e4v\u00e4n, sirpaleettoman ja kiilt\u00e4v\u00e4n v\u00e4rin, joka kest\u00e4\u00e4 jopa 14 p\u00e4iv\u00e4\u00e4. Parasta on, ett\u00e4 lakka on nopea ja helppo poistaa tavallisella kynsilakanpoistoaineella. Hy\u00f6dyt: V\u00e4ri kest\u00e4\u00e4 [&hellip;]<\/p>\n","protected":false},"featured_media":132062,"comment_status":"open","ping_status":"closed","template":"","meta":{"_trash_the_other_posts":false},"product_brand":[],"product_cat":[569],"product_tag":[3965],"berocket_brand":[1155],"class_list":{"0":"post-132073","1":"product","2":"type-product","3":"status-publish","4":"has-post-thumbnail","6":"product_cat-kynsilakka","7":"product_tag-sally-hansen-miracle-gel","8":"pa_brand-sally-hansen","9":"pa_variantti-212-mocha-me-crazy","10":"berocket_brand-sally-hansen","12":"first","13":"instock","14":"sale","15":"taxable","16":"shipping-taxable","17":"purchasable","18":"product-type-simple"},"_links":{"self":[{"href":"https:\/\/stylingagenten.com\/fi\/wp-json\/wp\/v2\/product\/132073","targetHints":{"allow":["GET"]}}],"collection":[{"href":"https:\/\/stylingagenten.com\/fi\/wp-json\/wp\/v2\/product"}],"about":[{"href":"https:\/\/stylingagenten.com\/fi\/wp-json\/wp\/v2\/types\/product"}],"replies":[{"embeddable":true,"href":"https:\/\/stylingagenten.com\/fi\/wp-json\/wp\/v2\/comments?post=132073"}],"version-history":[{"count":0,"href":"https:\/\/stylingagenten.com\/fi\/wp-json\/wp\/v2\/product\/132073\/revisions"}],"wp:featuredmedia":[{"embeddable":true,"href":"https:\/\/stylingagenten.com\/fi\/wp-json\/wp\/v2\/media\/132062"}],"wp:attachment":[{"href":"https:\/\/stylingagenten.com\/fi\/wp-json\/wp\/v2\/media?parent=132073"}],"wp:term":[{"taxonomy":"product_brand","embeddable":true,"href":"https:\/\/stylingagenten.com\/fi\/wp-json\/wp\/v2\/product_brand?post=132073"},{"taxonomy":"product_cat","embeddable":true,"href":"https:\/\/stylingagenten.com\/fi\/wp-json\/wp\/v2\/product_cat?post=132073"},{"taxonomy":"product_tag","embeddable":true,"href":"https:\/\/stylingagenten.com\/fi\/wp-json\/wp\/v2\/product_tag?post=132073"},{"taxonomy":"berocket_brand","embeddable":true,"href":"https:\/\/stylingagenten.com\/fi\/wp-json\/wp\/v2\/berocket_brand?post=132073"}],"curies":[{"name":"wp","href":"https:\/\/api.w.org\/{rel}","templated":true}]}}