{"id":132024,"date":"2025-05-18T22:28:28","date_gmt":"2025-05-18T22:28:28","guid":{"rendered":"https:\/\/staging2.stylingagenten.com\/fi\/produkt\/wet-n-wild-max-volume-plus-mascara-black-e1501\/"},"modified":"2026-03-24T17:07:55","modified_gmt":"2026-03-24T17:07:55","slug":"wet-n-wild-max-volume-plus-mascara-black-e1501","status":"publish","type":"product","link":"https:\/\/stylingagenten.com\/fi\/tuote\/wet-n-wild-max-volume-plus-mascara-black-e1501\/","title":{"rendered":"Wet n Wild Max Volume Plus Mascara Black E1501"},"content":{"rendered":"<p>Wet n Wild Max Volume Plus Mascara E1501 on volyymia lis\u00e4\u00e4v\u00e4 ripsiv\u00e4ri, jossa on makadamia\u00f6ljy\u00e4 ja erikoisharja, joka saa sinut tavoittamaan jokaisen ripsen.<\/p>\n<p><strong>Sis\u00e4lt\u00f6:<\/p>\n<p> vahva&gt; 8 ml<\/p>\n<p> p&gt;<\/p>\n","protected":false},"excerpt":{"rendered":"<p>Wet n Wild Max Volume Plus Mascara E1501 on volyymia lis\u00e4\u00e4v\u00e4 ripsiv\u00e4ri, jossa on makadamia\u00f6ljy\u00e4 ja erikoisharja, joka saa sinut tavoittamaan jokaisen ripsen. Sis\u00e4lt\u00f6: vahva&gt; 8 ml p&gt;<\/p>\n","protected":false},"featured_media":132021,"comment_status":"open","ping_status":"closed","template":"","meta":{"_trash_the_other_posts":false},"product_brand":[],"product_cat":[618],"product_tag":[],"berocket_brand":[1035],"class_list":{"0":"post-132024","1":"product","2":"type-product","3":"status-publish","4":"has-post-thumbnail","6":"product_cat-ripsivari","7":"pa_brand-wet-n-wild","8":"berocket_brand-wet-n-wild","10":"first","11":"outofstock","12":"sale","13":"taxable","14":"shipping-taxable","15":"purchasable","16":"product-type-simple"},"_links":{"self":[{"href":"https:\/\/stylingagenten.com\/fi\/wp-json\/wp\/v2\/product\/132024","targetHints":{"allow":["GET"]}}],"collection":[{"href":"https:\/\/stylingagenten.com\/fi\/wp-json\/wp\/v2\/product"}],"about":[{"href":"https:\/\/stylingagenten.com\/fi\/wp-json\/wp\/v2\/types\/product"}],"replies":[{"embeddable":true,"href":"https:\/\/stylingagenten.com\/fi\/wp-json\/wp\/v2\/comments?post=132024"}],"version-history":[{"count":0,"href":"https:\/\/stylingagenten.com\/fi\/wp-json\/wp\/v2\/product\/132024\/revisions"}],"wp:featuredmedia":[{"embeddable":true,"href":"https:\/\/stylingagenten.com\/fi\/wp-json\/wp\/v2\/media\/132021"}],"wp:attachment":[{"href":"https:\/\/stylingagenten.com\/fi\/wp-json\/wp\/v2\/media?parent=132024"}],"wp:term":[{"taxonomy":"product_brand","embeddable":true,"href":"https:\/\/stylingagenten.com\/fi\/wp-json\/wp\/v2\/product_brand?post=132024"},{"taxonomy":"product_cat","embeddable":true,"href":"https:\/\/stylingagenten.com\/fi\/wp-json\/wp\/v2\/product_cat?post=132024"},{"taxonomy":"product_tag","embeddable":true,"href":"https:\/\/stylingagenten.com\/fi\/wp-json\/wp\/v2\/product_tag?post=132024"},{"taxonomy":"berocket_brand","embeddable":true,"href":"https:\/\/stylingagenten.com\/fi\/wp-json\/wp\/v2\/berocket_brand?post=132024"}],"curies":[{"name":"wp","href":"https:\/\/api.w.org\/{rel}","templated":true}]}}