{"id":132013,"date":"2025-05-18T22:28:25","date_gmt":"2025-05-18T22:28:25","guid":{"rendered":"https:\/\/staging2.stylingagenten.com\/fi\/produkt\/beauty-uk-lash-fx-waterproof-mascara-black\/"},"modified":"2026-03-30T07:18:30","modified_gmt":"2026-03-30T07:18:30","slug":"beauty-uk-lash-fx-waterproof-mascara-black","status":"publish","type":"product","link":"https:\/\/stylingagenten.com\/fi\/tuote\/beauty-uk-lash-fx-waterproof-mascara-black\/","title":{"rendered":"Beauty UK Lash Fx Waterproof Mascara Black"},"content":{"rendered":"<p>Beauty UK Define FX Mascara. F&aring; T\u00e4ytel\u00e4iset, paksut ripset \u00e4\u00e4rimm\u00e4isen volyymi- ja pident\u00e4vill\u00e4 ripsiv\u00e4rill\u00e4mme!<\/p>\n<p>Ripsiv\u00e4ri on vedenpit\u00e4v\u00e4.<\/p>\n","protected":false},"excerpt":{"rendered":"<p>Beauty UK Define FX Mascara. F&aring; T\u00e4ytel\u00e4iset, paksut ripset \u00e4\u00e4rimm\u00e4isen volyymi- ja pident\u00e4vill\u00e4 ripsiv\u00e4rill\u00e4mme! Ripsiv\u00e4ri on vedenpit\u00e4v\u00e4.<\/p>\n","protected":false},"featured_media":132012,"comment_status":"open","ping_status":"closed","template":"","meta":{"_trash_the_other_posts":false},"product_brand":[],"product_cat":[618],"product_tag":[],"berocket_brand":[1059],"class_list":{"0":"post-132013","1":"product","2":"type-product","3":"status-publish","4":"has-post-thumbnail","6":"product_cat-ripsivari","7":"pa_brand-beautyuk","8":"berocket_brand-beautyuk","10":"first","11":"instock","12":"sale","13":"taxable","14":"shipping-taxable","15":"purchasable","16":"product-type-simple"},"_links":{"self":[{"href":"https:\/\/stylingagenten.com\/fi\/wp-json\/wp\/v2\/product\/132013","targetHints":{"allow":["GET"]}}],"collection":[{"href":"https:\/\/stylingagenten.com\/fi\/wp-json\/wp\/v2\/product"}],"about":[{"href":"https:\/\/stylingagenten.com\/fi\/wp-json\/wp\/v2\/types\/product"}],"replies":[{"embeddable":true,"href":"https:\/\/stylingagenten.com\/fi\/wp-json\/wp\/v2\/comments?post=132013"}],"version-history":[{"count":0,"href":"https:\/\/stylingagenten.com\/fi\/wp-json\/wp\/v2\/product\/132013\/revisions"}],"wp:featuredmedia":[{"embeddable":true,"href":"https:\/\/stylingagenten.com\/fi\/wp-json\/wp\/v2\/media\/132012"}],"wp:attachment":[{"href":"https:\/\/stylingagenten.com\/fi\/wp-json\/wp\/v2\/media?parent=132013"}],"wp:term":[{"taxonomy":"product_brand","embeddable":true,"href":"https:\/\/stylingagenten.com\/fi\/wp-json\/wp\/v2\/product_brand?post=132013"},{"taxonomy":"product_cat","embeddable":true,"href":"https:\/\/stylingagenten.com\/fi\/wp-json\/wp\/v2\/product_cat?post=132013"},{"taxonomy":"product_tag","embeddable":true,"href":"https:\/\/stylingagenten.com\/fi\/wp-json\/wp\/v2\/product_tag?post=132013"},{"taxonomy":"berocket_brand","embeddable":true,"href":"https:\/\/stylingagenten.com\/fi\/wp-json\/wp\/v2\/berocket_brand?post=132013"}],"curies":[{"name":"wp","href":"https:\/\/api.w.org\/{rel}","templated":true}]}}