{"id":132001,"date":"2025-05-18T22:28:23","date_gmt":"2025-05-18T22:28:23","guid":{"rendered":"https:\/\/staging2.stylingagenten.com\/fi\/produkt\/max-factor-2000-calorie-curl-addict-mascara\/"},"modified":"2025-11-19T11:20:16","modified_gmt":"2025-11-19T11:20:16","slug":"max-factor-2000-calorie-curl-addict-mascara","status":"publish","type":"product","link":"https:\/\/stylingagenten.com\/fi\/tuote\/max-factor-2000-calorie-curl-addict-mascara\/","title":{"rendered":"Max Factor 2000 Calorie Curl Addict Mascara"},"content":{"rendered":"<p>T\u00e4m\u00e4 ihana Max Factorin ripsiv\u00e4ri tekee sen, mit\u00e4 monet muut ripsiv\u00e4rit eiv\u00e4t pysty; antaa sinulle kauniita k\u00e4yri\u00e4 ja \u00e4\u00e4nenvoimakkuutta samaan aikaan! <br \/>2000 Calorie Curl Addict Mascara on kaareva harja, joka levitt\u00e4\u00e4 kevyen koostumuksen juurista alkaen t\u00e4ydellisesti k\u00e4pristyneisiin ripsiin, jotka s\u00e4ilytt\u00e4v\u00e4t muotonsa ja volyyminsa koko p\u00e4iv\u00e4n. ;n ilman painoa.<\/p>\n","protected":false},"excerpt":{"rendered":"<p>T\u00e4m\u00e4 ihana Max Factorin ripsiv\u00e4ri tekee sen, mit\u00e4 monet muut ripsiv\u00e4rit eiv\u00e4t pysty; antaa sinulle kauniita k\u00e4yri\u00e4 ja \u00e4\u00e4nenvoimakkuutta samaan aikaan! 2000 Calorie Curl Addict Mascara on kaareva harja, joka levitt\u00e4\u00e4 kevyen koostumuksen juurista alkaen t\u00e4ydellisesti k\u00e4pristyneisiin ripsiin, jotka s\u00e4ilytt\u00e4v\u00e4t muotonsa ja volyyminsa koko p\u00e4iv\u00e4n. ;n ilman painoa.<\/p>\n","protected":false},"featured_media":131982,"comment_status":"open","ping_status":"closed","template":"","meta":{"_trash_the_other_posts":false},"product_brand":[],"product_cat":[618],"product_tag":[],"berocket_brand":[1013],"class_list":{"0":"post-132001","1":"product","2":"type-product","3":"status-publish","4":"has-post-thumbnail","6":"product_cat-ripsivari","7":"pa_brand-max-factor","8":"berocket_brand-max-factor","10":"first","11":"outofstock","12":"sale","13":"taxable","14":"shipping-taxable","15":"purchasable","16":"product-type-simple"},"_links":{"self":[{"href":"https:\/\/stylingagenten.com\/fi\/wp-json\/wp\/v2\/product\/132001","targetHints":{"allow":["GET"]}}],"collection":[{"href":"https:\/\/stylingagenten.com\/fi\/wp-json\/wp\/v2\/product"}],"about":[{"href":"https:\/\/stylingagenten.com\/fi\/wp-json\/wp\/v2\/types\/product"}],"replies":[{"embeddable":true,"href":"https:\/\/stylingagenten.com\/fi\/wp-json\/wp\/v2\/comments?post=132001"}],"version-history":[{"count":0,"href":"https:\/\/stylingagenten.com\/fi\/wp-json\/wp\/v2\/product\/132001\/revisions"}],"wp:featuredmedia":[{"embeddable":true,"href":"https:\/\/stylingagenten.com\/fi\/wp-json\/wp\/v2\/media\/131982"}],"wp:attachment":[{"href":"https:\/\/stylingagenten.com\/fi\/wp-json\/wp\/v2\/media?parent=132001"}],"wp:term":[{"taxonomy":"product_brand","embeddable":true,"href":"https:\/\/stylingagenten.com\/fi\/wp-json\/wp\/v2\/product_brand?post=132001"},{"taxonomy":"product_cat","embeddable":true,"href":"https:\/\/stylingagenten.com\/fi\/wp-json\/wp\/v2\/product_cat?post=132001"},{"taxonomy":"product_tag","embeddable":true,"href":"https:\/\/stylingagenten.com\/fi\/wp-json\/wp\/v2\/product_tag?post=132001"},{"taxonomy":"berocket_brand","embeddable":true,"href":"https:\/\/stylingagenten.com\/fi\/wp-json\/wp\/v2\/berocket_brand?post=132001"}],"curies":[{"name":"wp","href":"https:\/\/api.w.org\/{rel}","templated":true}]}}