{"id":131980,"date":"2025-05-18T22:28:19","date_gmt":"2025-05-18T22:28:19","guid":{"rendered":"https:\/\/staging2.stylingagenten.com\/fi\/produkt\/max-factor-2000-calorie-mascara-black-9ml\/"},"modified":"2026-04-14T18:18:29","modified_gmt":"2026-04-14T18:18:29","slug":"max-factor-2000-calorie-mascara-black-9ml","status":"publish","type":"product","link":"https:\/\/stylingagenten.com\/fi\/tuote\/max-factor-2000-calorie-mascara-black-9ml\/","title":{"rendered":"Max Factor 2000 Calorie Mascara Black 9ml"},"content":{"rendered":"<p>Max Factor 2000 Calorie Mascara Musta ripsiv\u00e4ri tuo jopa 300 % enemm\u00e4n ripsi\u00e4. Haluatko draamaa? Kolminkertaista ripsien volyymi t\u00e4ll\u00e4 supervolyymilla ripsiv\u00e4rill\u00e4. Rakennuskoostumus paksuntaa ohuimmatkin ripset antamalla niille v\u00e4litt\u00f6m\u00e4sti jopa 300 % lis\u00e4\u00e4 volyymia! Pohjustetta ei tarvita, mutta ensimm\u00e4inen k\u00e4ytt\u00f6kerta kest\u00e4\u00e4 niin kauan kuin niin kauan kuin kest\u00e4\u00e4. Se on helppo poistaa miedolla meikinpoistoaineella, kuten; ett\u00e4 kaikki sukupuoliherk\u00e4t ihmiset ja piilolinssej\u00e4 k\u00e4ytt\u00e4v\u00e4t voivat nauttia t\u00e4ytel\u00e4isist\u00e4 ripsist\u00e4!<\/p>\n<p><strong>V\u00e4ri:<\/strong> Musta<\/p>\n<p><\/p>\n","protected":false},"excerpt":{"rendered":"<p>Max Factor 2000 Calorie Mascara Musta ripsiv\u00e4ri tuo jopa 300 % enemm\u00e4n ripsi\u00e4. Haluatko draamaa? Kolminkertaista ripsien volyymi t\u00e4ll\u00e4 supervolyymilla ripsiv\u00e4rill\u00e4. Rakennuskoostumus paksuntaa ohuimmatkin ripset antamalla niille v\u00e4litt\u00f6m\u00e4sti jopa 300 % lis\u00e4\u00e4 volyymia! Pohjustetta ei tarvita, mutta ensimm\u00e4inen k\u00e4ytt\u00f6kerta kest\u00e4\u00e4 niin kauan kuin niin kauan kuin kest\u00e4\u00e4. Se on helppo poistaa miedolla meikinpoistoaineella, kuten; ett\u00e4 [&hellip;]<\/p>\n","protected":false},"featured_media":131960,"comment_status":"open","ping_status":"closed","template":"","meta":{"_trash_the_other_posts":false},"product_brand":[],"product_cat":[1003,618],"product_tag":[3462],"berocket_brand":[1013],"class_list":{"0":"post-131980","1":"product","2":"type-product","3":"status-publish","4":"has-post-thumbnail","6":"product_cat-myydyimmat","7":"product_cat-ripsivari","8":"product_tag-max-factor-2000-calorie-mascara","9":"pa_brand-max-factor","10":"pa_variantti-black","11":"berocket_brand-max-factor","13":"first","14":"instock","15":"sale","16":"taxable","17":"shipping-taxable","18":"purchasable","19":"product-type-simple"},"_links":{"self":[{"href":"https:\/\/stylingagenten.com\/fi\/wp-json\/wp\/v2\/product\/131980","targetHints":{"allow":["GET"]}}],"collection":[{"href":"https:\/\/stylingagenten.com\/fi\/wp-json\/wp\/v2\/product"}],"about":[{"href":"https:\/\/stylingagenten.com\/fi\/wp-json\/wp\/v2\/types\/product"}],"replies":[{"embeddable":true,"href":"https:\/\/stylingagenten.com\/fi\/wp-json\/wp\/v2\/comments?post=131980"}],"version-history":[{"count":0,"href":"https:\/\/stylingagenten.com\/fi\/wp-json\/wp\/v2\/product\/131980\/revisions"}],"wp:featuredmedia":[{"embeddable":true,"href":"https:\/\/stylingagenten.com\/fi\/wp-json\/wp\/v2\/media\/131960"}],"wp:attachment":[{"href":"https:\/\/stylingagenten.com\/fi\/wp-json\/wp\/v2\/media?parent=131980"}],"wp:term":[{"taxonomy":"product_brand","embeddable":true,"href":"https:\/\/stylingagenten.com\/fi\/wp-json\/wp\/v2\/product_brand?post=131980"},{"taxonomy":"product_cat","embeddable":true,"href":"https:\/\/stylingagenten.com\/fi\/wp-json\/wp\/v2\/product_cat?post=131980"},{"taxonomy":"product_tag","embeddable":true,"href":"https:\/\/stylingagenten.com\/fi\/wp-json\/wp\/v2\/product_tag?post=131980"},{"taxonomy":"berocket_brand","embeddable":true,"href":"https:\/\/stylingagenten.com\/fi\/wp-json\/wp\/v2\/berocket_brand?post=131980"}],"curies":[{"name":"wp","href":"https:\/\/api.w.org\/{rel}","templated":true}]}}