{"id":131963,"date":"2025-05-18T22:28:15","date_gmt":"2025-05-18T22:28:15","guid":{"rendered":"https:\/\/staging2.stylingagenten.com\/fi\/produkt\/maybelline-colossal-mascara-waterproof-black-10ml\/"},"modified":"2026-04-06T13:28:45","modified_gmt":"2026-04-06T13:28:45","slug":"maybelline-colossal-mascara-waterproof-black-10ml","status":"publish","type":"product","link":"https:\/\/stylingagenten.com\/fi\/tuote\/maybelline-colossal-mascara-waterproof-black-10ml\/","title":{"rendered":"Maybelline Colossal Mascara Waterproof Black 10ml"},"content":{"rendered":"<p>Kollageenikoostumus ja ainutlaatuinen megaharja, joka antaa ripsille maksimaalisen volyymin.<\/p>\n<p>Kollageenia sis\u00e4lt\u00e4v\u00e4 volyymiripsiv\u00e4ri, joka rakentaa volyymia alusta alkaen. Ainutlaatuinen megaharja rakentaa ripsi\u00e4 ripselt\u00e4 j\u00e4tt\u00e4m\u00e4tt\u00e4 kokkareita. Lopputuloksena on dramaattinen look.<\/p>\n<p>K\u00e4ytt\u00f6: Sikkel\u00e4 ripsiripsiharja l\u00e4himp\u00e4n\u00e4 hapsuja ja muotoile sitten sis\u00e4ripset sis\u00e4\u00e4np\u00e4in, keskiripset yl\u00f6sp\u00e4in ja ulkoripset ulosp\u00e4in. T\u00e4m\u00e4 levent\u00e4\u00e4 ripsien rajaa ja n\u00e4ytt\u00e4\u00e4 silt\u00e4, \u200b\u200b\u200b\u200bett\u00e4 sinulla on enemm\u00e4n ripsi\u00e4.<\/p>\n<p>V\u00e4ri: Musta<\/p>\n<p>10 ml<\/p>\n","protected":false},"excerpt":{"rendered":"<p>Kollageenikoostumus ja ainutlaatuinen megaharja, joka antaa ripsille maksimaalisen volyymin. Kollageenia sis\u00e4lt\u00e4v\u00e4 volyymiripsiv\u00e4ri, joka rakentaa volyymia alusta alkaen. Ainutlaatuinen megaharja rakentaa ripsi\u00e4 ripselt\u00e4 j\u00e4tt\u00e4m\u00e4tt\u00e4 kokkareita. Lopputuloksena on dramaattinen look. K\u00e4ytt\u00f6: Sikkel\u00e4 ripsiripsiharja l\u00e4himp\u00e4n\u00e4 hapsuja ja muotoile sitten sis\u00e4ripset sis\u00e4\u00e4np\u00e4in, keskiripset yl\u00f6sp\u00e4in ja ulkoripset ulosp\u00e4in. T\u00e4m\u00e4 levent\u00e4\u00e4 ripsien rajaa ja n\u00e4ytt\u00e4\u00e4 silt\u00e4, \u200b\u200b\u200b\u200bett\u00e4 sinulla on enemm\u00e4n ripsi\u00e4. [&hellip;]<\/p>\n","protected":false},"featured_media":131961,"comment_status":"open","ping_status":"closed","template":"","meta":{"_trash_the_other_posts":false},"product_brand":[],"product_cat":[618],"product_tag":[],"berocket_brand":[1016],"class_list":{"0":"post-131963","1":"product","2":"type-product","3":"status-publish","4":"has-post-thumbnail","6":"product_cat-ripsivari","7":"pa_brand-maybelline","8":"berocket_brand-maybelline","10":"first","11":"instock","12":"sale","13":"taxable","14":"shipping-taxable","15":"purchasable","16":"product-type-simple"},"_links":{"self":[{"href":"https:\/\/stylingagenten.com\/fi\/wp-json\/wp\/v2\/product\/131963","targetHints":{"allow":["GET"]}}],"collection":[{"href":"https:\/\/stylingagenten.com\/fi\/wp-json\/wp\/v2\/product"}],"about":[{"href":"https:\/\/stylingagenten.com\/fi\/wp-json\/wp\/v2\/types\/product"}],"replies":[{"embeddable":true,"href":"https:\/\/stylingagenten.com\/fi\/wp-json\/wp\/v2\/comments?post=131963"}],"version-history":[{"count":0,"href":"https:\/\/stylingagenten.com\/fi\/wp-json\/wp\/v2\/product\/131963\/revisions"}],"wp:featuredmedia":[{"embeddable":true,"href":"https:\/\/stylingagenten.com\/fi\/wp-json\/wp\/v2\/media\/131961"}],"wp:attachment":[{"href":"https:\/\/stylingagenten.com\/fi\/wp-json\/wp\/v2\/media?parent=131963"}],"wp:term":[{"taxonomy":"product_brand","embeddable":true,"href":"https:\/\/stylingagenten.com\/fi\/wp-json\/wp\/v2\/product_brand?post=131963"},{"taxonomy":"product_cat","embeddable":true,"href":"https:\/\/stylingagenten.com\/fi\/wp-json\/wp\/v2\/product_cat?post=131963"},{"taxonomy":"product_tag","embeddable":true,"href":"https:\/\/stylingagenten.com\/fi\/wp-json\/wp\/v2\/product_tag?post=131963"},{"taxonomy":"berocket_brand","embeddable":true,"href":"https:\/\/stylingagenten.com\/fi\/wp-json\/wp\/v2\/berocket_brand?post=131963"}],"curies":[{"name":"wp","href":"https:\/\/api.w.org\/{rel}","templated":true}]}}