{"id":131959,"date":"2025-05-18T22:28:14","date_gmt":"2025-05-18T22:28:14","guid":{"rendered":"https:\/\/staging2.stylingagenten.com\/fi\/produkt\/max-factor-masterpiece-max-mascara-black-72ml\/"},"modified":"2026-04-09T19:08:32","modified_gmt":"2026-04-09T19:08:32","slug":"max-factor-masterpiece-max-mascara-black-72ml","status":"publish","type":"product","link":"https:\/\/stylingagenten.com\/fi\/tuote\/max-factor-masterpiece-max-mascara-black-72ml\/","title":{"rendered":"Max Factor Masterpiece Max Mascara Black 7,2ml"},"content":{"rendered":"<p>Max Factor Masterpiece Max Mascara antaa jopa 400 % volyymia! Tehokkaan volyymia antavan ripsiv\u00e4rin l\u00f6yt\u00e4minen, joka ei j\u00e4t\u00e4 ripsi\u00e4 kokkareiksi ja tahmeiksi, voi olla haaste. Masterpiece Max Mascara on seuraavan sukupolven ripsiv\u00e4ri. Se antaa t\u00e4ytel\u00e4iset, paksut ripset jopa 400 % volyymilla, mutta m\u00e4\u00e4rittelee ja pehment\u00e4\u00e4 samanaikaisesti ja antaa eritt\u00e4in tyylikk\u00e4\u00e4n vaikutelman. Yhdell\u00e4 vedolla korkean teknologian iFX-siveltimell\u00e4 saat tyylikk\u00e4\u00e4n, catwalk-tuloksen sekunneissa.<\/p>\n<p><strong>Sis\u00e4lt\u00f6:<\/strong> 7,2 ml<\/p>\n","protected":false},"excerpt":{"rendered":"<p>Max Factor Masterpiece Max Mascara antaa jopa 400 % volyymia! Tehokkaan volyymia antavan ripsiv\u00e4rin l\u00f6yt\u00e4minen, joka ei j\u00e4t\u00e4 ripsi\u00e4 kokkareiksi ja tahmeiksi, voi olla haaste. Masterpiece Max Mascara on seuraavan sukupolven ripsiv\u00e4ri. Se antaa t\u00e4ytel\u00e4iset, paksut ripset jopa 400 % volyymilla, mutta m\u00e4\u00e4rittelee ja pehment\u00e4\u00e4 samanaikaisesti ja antaa eritt\u00e4in tyylikk\u00e4\u00e4n vaikutelman. Yhdell\u00e4 vedolla korkean teknologian [&hellip;]<\/p>\n","protected":false},"featured_media":131958,"comment_status":"open","ping_status":"closed","template":"","meta":{"_trash_the_other_posts":false},"product_brand":[],"product_cat":[1003,618],"product_tag":[],"berocket_brand":[1013],"class_list":{"0":"post-131959","1":"product","2":"type-product","3":"status-publish","4":"has-post-thumbnail","6":"product_cat-myydyimmat","7":"product_cat-ripsivari","8":"pa_brand-max-factor","9":"berocket_brand-max-factor","11":"first","12":"instock","13":"sale","14":"taxable","15":"shipping-taxable","16":"purchasable","17":"product-type-simple"},"_links":{"self":[{"href":"https:\/\/stylingagenten.com\/fi\/wp-json\/wp\/v2\/product\/131959","targetHints":{"allow":["GET"]}}],"collection":[{"href":"https:\/\/stylingagenten.com\/fi\/wp-json\/wp\/v2\/product"}],"about":[{"href":"https:\/\/stylingagenten.com\/fi\/wp-json\/wp\/v2\/types\/product"}],"replies":[{"embeddable":true,"href":"https:\/\/stylingagenten.com\/fi\/wp-json\/wp\/v2\/comments?post=131959"}],"version-history":[{"count":0,"href":"https:\/\/stylingagenten.com\/fi\/wp-json\/wp\/v2\/product\/131959\/revisions"}],"wp:featuredmedia":[{"embeddable":true,"href":"https:\/\/stylingagenten.com\/fi\/wp-json\/wp\/v2\/media\/131958"}],"wp:attachment":[{"href":"https:\/\/stylingagenten.com\/fi\/wp-json\/wp\/v2\/media?parent=131959"}],"wp:term":[{"taxonomy":"product_brand","embeddable":true,"href":"https:\/\/stylingagenten.com\/fi\/wp-json\/wp\/v2\/product_brand?post=131959"},{"taxonomy":"product_cat","embeddable":true,"href":"https:\/\/stylingagenten.com\/fi\/wp-json\/wp\/v2\/product_cat?post=131959"},{"taxonomy":"product_tag","embeddable":true,"href":"https:\/\/stylingagenten.com\/fi\/wp-json\/wp\/v2\/product_tag?post=131959"},{"taxonomy":"berocket_brand","embeddable":true,"href":"https:\/\/stylingagenten.com\/fi\/wp-json\/wp\/v2\/berocket_brand?post=131959"}],"curies":[{"name":"wp","href":"https:\/\/api.w.org\/{rel}","templated":true}]}}