{"id":131956,"date":"2025-05-18T22:28:14","date_gmt":"2025-05-18T22:28:14","guid":{"rendered":"https:\/\/staging2.stylingagenten.com\/fi\/produkt\/maybelline-colossal-mascara-glam-black\/"},"modified":"2026-04-07T20:08:42","modified_gmt":"2026-04-07T20:08:42","slug":"maybelline-colossal-mascara-glam-black","status":"publish","type":"product","link":"https:\/\/stylingagenten.com\/fi\/tuote\/maybelline-colossal-mascara-glam-black\/","title":{"rendered":"Maybelline Colossal Mascara Glam Black"},"content":{"rendered":"<p>Kollageenikoostumus ja ainutlaatuinen megaharja, joka antaa ripsille jopa 9 kertaa enemm\u00e4n. Volyymiripsiv\u00e4ri, joka sis\u00e4lt\u00e4\u00e4 kollageenia ja lis\u00e4\u00e4 volyymia alusta alkaen. Ainutlaatuinen megaharja rakentaa ripsi\u00e4 ripselt\u00e4 j\u00e4tt\u00e4m\u00e4tt\u00e4 kokkareita. Lopputuloksena on dramaattinen look, jossa on jopa 9 kertaa volyymi.<\/p>\n<p>K\u00e4ytt\u00f6: Sikerr\u00e4 ripsiv\u00e4riharja l\u00e4himp\u00e4n\u00e4 ripsien rajaa ja muotoile sitten sis\u00e4ripset yl\u00e4kulmassa, keskiripset yl\u00f6sp\u00e4in. ulkoripset ulos. T\u00e4m\u00e4 levent\u00e4\u00e4 ripsien rajaa ja n\u00e4ytt\u00e4\u00e4 silt\u00e4, \u200b\u200b\u200b\u200bett\u00e4 sinulla on enemm\u00e4n ripsi\u00e4.<\/p>\n<p>V\u00e4ri: Musta<\/p>\n<p>10,7 ml<\/p>\n","protected":false},"excerpt":{"rendered":"<p>Kollageenikoostumus ja ainutlaatuinen megaharja, joka antaa ripsille jopa 9 kertaa enemm\u00e4n. Volyymiripsiv\u00e4ri, joka sis\u00e4lt\u00e4\u00e4 kollageenia ja lis\u00e4\u00e4 volyymia alusta alkaen. Ainutlaatuinen megaharja rakentaa ripsi\u00e4 ripselt\u00e4 j\u00e4tt\u00e4m\u00e4tt\u00e4 kokkareita. Lopputuloksena on dramaattinen look, jossa on jopa 9 kertaa volyymi. K\u00e4ytt\u00f6: Sikerr\u00e4 ripsiv\u00e4riharja l\u00e4himp\u00e4n\u00e4 ripsien rajaa ja muotoile sitten sis\u00e4ripset yl\u00e4kulmassa, keskiripset yl\u00f6sp\u00e4in. ulkoripset ulos. T\u00e4m\u00e4 levent\u00e4\u00e4 ripsien [&hellip;]<\/p>\n","protected":false},"featured_media":131951,"comment_status":"open","ping_status":"closed","template":"","meta":{"_trash_the_other_posts":false},"product_brand":[],"product_cat":[618],"product_tag":[],"berocket_brand":[1016],"class_list":{"0":"post-131956","1":"product","2":"type-product","3":"status-publish","4":"has-post-thumbnail","6":"product_cat-ripsivari","7":"pa_brand-maybelline","8":"berocket_brand-maybelline","10":"first","11":"instock","12":"sale","13":"taxable","14":"shipping-taxable","15":"purchasable","16":"product-type-simple"},"_links":{"self":[{"href":"https:\/\/stylingagenten.com\/fi\/wp-json\/wp\/v2\/product\/131956","targetHints":{"allow":["GET"]}}],"collection":[{"href":"https:\/\/stylingagenten.com\/fi\/wp-json\/wp\/v2\/product"}],"about":[{"href":"https:\/\/stylingagenten.com\/fi\/wp-json\/wp\/v2\/types\/product"}],"replies":[{"embeddable":true,"href":"https:\/\/stylingagenten.com\/fi\/wp-json\/wp\/v2\/comments?post=131956"}],"version-history":[{"count":0,"href":"https:\/\/stylingagenten.com\/fi\/wp-json\/wp\/v2\/product\/131956\/revisions"}],"wp:featuredmedia":[{"embeddable":true,"href":"https:\/\/stylingagenten.com\/fi\/wp-json\/wp\/v2\/media\/131951"}],"wp:attachment":[{"href":"https:\/\/stylingagenten.com\/fi\/wp-json\/wp\/v2\/media?parent=131956"}],"wp:term":[{"taxonomy":"product_brand","embeddable":true,"href":"https:\/\/stylingagenten.com\/fi\/wp-json\/wp\/v2\/product_brand?post=131956"},{"taxonomy":"product_cat","embeddable":true,"href":"https:\/\/stylingagenten.com\/fi\/wp-json\/wp\/v2\/product_cat?post=131956"},{"taxonomy":"product_tag","embeddable":true,"href":"https:\/\/stylingagenten.com\/fi\/wp-json\/wp\/v2\/product_tag?post=131956"},{"taxonomy":"berocket_brand","embeddable":true,"href":"https:\/\/stylingagenten.com\/fi\/wp-json\/wp\/v2\/berocket_brand?post=131956"}],"curies":[{"name":"wp","href":"https:\/\/api.w.org\/{rel}","templated":true}]}}