{"id":131949,"date":"2025-05-18T22:28:12","date_gmt":"2025-05-18T22:28:12","guid":{"rendered":"https:\/\/staging2.stylingagenten.com\/fi\/produkt\/lancome-hypnose-doll-eyes-mascara-01-so-black-65ml\/"},"modified":"2025-11-19T10:51:15","modified_gmt":"2025-11-19T10:51:15","slug":"lancome-hypnose-doll-eyes-mascara-01-so-black-65ml","status":"publish","type":"product","link":"https:\/\/stylingagenten.com\/fi\/tuote\/lancome-hypnose-doll-eyes-mascara-01-so-black-65ml\/","title":{"rendered":"Lancome Hypnose Doll Eyes Mascara 01 So Black 6,5ml"},"content":{"rendered":"<p>Lancome Hypnose Doll Eyes Mascara on saanut inspiraationsa jokaisen nuoren tyt\u00f6n unelmasta pitkist\u00e4, paksuista ja erotetuista ripsist\u00e4. Yksinkertaisesti aidot koiran ripset! Ripsiv\u00e4rin upean siveltimen ja uuden koostumuksen ansiosta se t\u00e4ytt\u00e4\u00e4 odotukset ja antaa silm\u00e4lle kauniin ja intensiivisen ilmeen. Miellytt\u00e4v\u00e4\u00e4 levityst\u00e4 varten ripsiv\u00e4ri on rikastettu &#8221;fiber shine&#8221; -koostumuksella, joka antaa ripsille lis\u00e4kiiltoa. Koostumus sis\u00e4lt\u00e4\u00e4 sek\u00e4 pehme\u00e4\u00e4 ett\u00e4 kovaa vahaa. Toinen lis\u00e4\u00e4 \u00e4\u00e4nenvoimakkuutta ja toinen luo t\u00e4ydellisen k\u00e4yr\u00e4n ripset. Lopuksi &#8221;ultrastretch&#8221;-kompleksi lis\u00e4polymeereilla varmistaa, ett\u00e4 ripsiss\u00e4 on v\u00e4litt\u00f6m\u00e4sti luonnollisten ripsien tuntu. Tulos on vaikuttava!<\/p>\n<p><strong>V\u00e4ri:<\/strong> Musta<\/p>\n","protected":false},"excerpt":{"rendered":"<p>Lancome Hypnose Doll Eyes Mascara on saanut inspiraationsa jokaisen nuoren tyt\u00f6n unelmasta pitkist\u00e4, paksuista ja erotetuista ripsist\u00e4. Yksinkertaisesti aidot koiran ripset! Ripsiv\u00e4rin upean siveltimen ja uuden koostumuksen ansiosta se t\u00e4ytt\u00e4\u00e4 odotukset ja antaa silm\u00e4lle kauniin ja intensiivisen ilmeen. Miellytt\u00e4v\u00e4\u00e4 levityst\u00e4 varten ripsiv\u00e4ri on rikastettu &#8221;fiber shine&#8221; -koostumuksella, joka antaa ripsille lis\u00e4kiiltoa. Koostumus sis\u00e4lt\u00e4\u00e4 sek\u00e4 pehme\u00e4\u00e4 [&hellip;]<\/p>\n","protected":false},"featured_media":131948,"comment_status":"open","ping_status":"closed","template":"","meta":{"_trash_the_other_posts":false},"product_brand":[],"product_cat":[618],"product_tag":[],"berocket_brand":[1128],"class_list":{"0":"post-131949","1":"product","2":"type-product","3":"status-publish","4":"has-post-thumbnail","6":"product_cat-ripsivari","7":"pa_brand-lancome","8":"berocket_brand-lancome","10":"first","11":"outofstock","12":"taxable","13":"shipping-taxable","14":"purchasable","15":"product-type-simple"},"_links":{"self":[{"href":"https:\/\/stylingagenten.com\/fi\/wp-json\/wp\/v2\/product\/131949","targetHints":{"allow":["GET"]}}],"collection":[{"href":"https:\/\/stylingagenten.com\/fi\/wp-json\/wp\/v2\/product"}],"about":[{"href":"https:\/\/stylingagenten.com\/fi\/wp-json\/wp\/v2\/types\/product"}],"replies":[{"embeddable":true,"href":"https:\/\/stylingagenten.com\/fi\/wp-json\/wp\/v2\/comments?post=131949"}],"version-history":[{"count":0,"href":"https:\/\/stylingagenten.com\/fi\/wp-json\/wp\/v2\/product\/131949\/revisions"}],"wp:featuredmedia":[{"embeddable":true,"href":"https:\/\/stylingagenten.com\/fi\/wp-json\/wp\/v2\/media\/131948"}],"wp:attachment":[{"href":"https:\/\/stylingagenten.com\/fi\/wp-json\/wp\/v2\/media?parent=131949"}],"wp:term":[{"taxonomy":"product_brand","embeddable":true,"href":"https:\/\/stylingagenten.com\/fi\/wp-json\/wp\/v2\/product_brand?post=131949"},{"taxonomy":"product_cat","embeddable":true,"href":"https:\/\/stylingagenten.com\/fi\/wp-json\/wp\/v2\/product_cat?post=131949"},{"taxonomy":"product_tag","embeddable":true,"href":"https:\/\/stylingagenten.com\/fi\/wp-json\/wp\/v2\/product_tag?post=131949"},{"taxonomy":"berocket_brand","embeddable":true,"href":"https:\/\/stylingagenten.com\/fi\/wp-json\/wp\/v2\/berocket_brand?post=131949"}],"curies":[{"name":"wp","href":"https:\/\/api.w.org\/{rel}","templated":true}]}}