{"id":131947,"date":"2025-05-18T22:28:11","date_gmt":"2025-05-18T22:28:11","guid":{"rendered":"https:\/\/staging2.stylingagenten.com\/fi\/produkt\/loreal-paris-mega-volume-collagen-24h-mascara-extra-black-9ml\/"},"modified":"2026-04-14T07:08:43","modified_gmt":"2026-04-14T07:08:43","slug":"loreal-paris-mega-volume-collagen-24h-mascara-extra-black-9ml","status":"publish","type":"product","link":"https:\/\/stylingagenten.com\/fi\/tuote\/loreal-paris-mega-volume-collagen-24h-mascara-extra-black-9ml\/","title":{"rendered":"L&#8217;Oreal Paris Mega Volume Collagen 24h Mascara Extra Black 9m"},"content":{"rendered":"<p>L&#8217;Or\u00e9al ParisMega Volume Collagen Mascara on joustava volyymiripsiv\u00e4ri, joka tekee ripsist\u00e4si t\u00e4ytel\u00e4isemm\u00e4t ja erityisen mustat.<\/p>\n<p>V\u00e4ri: Extra Black.<\/p>\n","protected":false},"excerpt":{"rendered":"<p>L&#8217;Or\u00e9al ParisMega Volume Collagen Mascara on joustava volyymiripsiv\u00e4ri, joka tekee ripsist\u00e4si t\u00e4ytel\u00e4isemm\u00e4t ja erityisen mustat. V\u00e4ri: Extra Black.<\/p>\n","protected":false},"featured_media":131945,"comment_status":"open","ping_status":"closed","template":"","meta":{"_trash_the_other_posts":false},"product_brand":[],"product_cat":[1003,618],"product_tag":[],"berocket_brand":[2000],"class_list":{"0":"post-131947","1":"product","2":"type-product","3":"status-publish","4":"has-post-thumbnail","6":"product_cat-myydyimmat","7":"product_cat-ripsivari","8":"pa_brand-loreal-paris-2","9":"berocket_brand-loreal-paris","11":"first","12":"instock","13":"sale","14":"taxable","15":"shipping-taxable","16":"purchasable","17":"product-type-simple"},"_links":{"self":[{"href":"https:\/\/stylingagenten.com\/fi\/wp-json\/wp\/v2\/product\/131947","targetHints":{"allow":["GET"]}}],"collection":[{"href":"https:\/\/stylingagenten.com\/fi\/wp-json\/wp\/v2\/product"}],"about":[{"href":"https:\/\/stylingagenten.com\/fi\/wp-json\/wp\/v2\/types\/product"}],"replies":[{"embeddable":true,"href":"https:\/\/stylingagenten.com\/fi\/wp-json\/wp\/v2\/comments?post=131947"}],"version-history":[{"count":1,"href":"https:\/\/stylingagenten.com\/fi\/wp-json\/wp\/v2\/product\/131947\/revisions"}],"predecessor-version":[{"id":443143,"href":"https:\/\/stylingagenten.com\/fi\/wp-json\/wp\/v2\/product\/131947\/revisions\/443143"}],"wp:featuredmedia":[{"embeddable":true,"href":"https:\/\/stylingagenten.com\/fi\/wp-json\/wp\/v2\/media\/131945"}],"wp:attachment":[{"href":"https:\/\/stylingagenten.com\/fi\/wp-json\/wp\/v2\/media?parent=131947"}],"wp:term":[{"taxonomy":"product_brand","embeddable":true,"href":"https:\/\/stylingagenten.com\/fi\/wp-json\/wp\/v2\/product_brand?post=131947"},{"taxonomy":"product_cat","embeddable":true,"href":"https:\/\/stylingagenten.com\/fi\/wp-json\/wp\/v2\/product_cat?post=131947"},{"taxonomy":"product_tag","embeddable":true,"href":"https:\/\/stylingagenten.com\/fi\/wp-json\/wp\/v2\/product_tag?post=131947"},{"taxonomy":"berocket_brand","embeddable":true,"href":"https:\/\/stylingagenten.com\/fi\/wp-json\/wp\/v2\/berocket_brand?post=131947"}],"curies":[{"name":"wp","href":"https:\/\/api.w.org\/{rel}","templated":true}]}}