{"id":131928,"date":"2025-05-18T22:28:06","date_gmt":"2025-05-18T22:28:06","guid":{"rendered":"https:\/\/staging2.stylingagenten.com\/fi\/produkt\/loreal-paris-volume-million-lashes-mascara-waterproof-black-9ml\/"},"modified":"2026-03-29T01:08:59","modified_gmt":"2026-03-29T01:08:59","slug":"loreal-paris-volume-million-lashes-mascara-waterproof-black-9ml","status":"publish","type":"product","link":"https:\/\/stylingagenten.com\/fi\/tuote\/loreal-paris-volume-million-lashes-mascara-waterproof-black-9ml\/","title":{"rendered":"L&#8217;Oreal Paris Volume Million Lashes Mascara Waterproof Black"},"content":{"rendered":"<p>L&#8217;Or\u00e9al Paris Volume Million Lashes Mascara Waterproof Black L&acute;Oreal Paris Volume Million Lashes Mascara Waterproof antaa ripsille enemm\u00e4n kuin volyymia. Miljoonastavassa harjassa on erityisen pehme\u00e4t harjakset, jotka saavuttavat jokaisen ripsen. Uusi \u00e4lyk\u00e4s s\u00e4ili\u00f6 tarkoittaa, ett\u00e4 saat juuri oikean m\u00e4\u00e4r\u00e4n ripsiv\u00e4ri\u00e4 harjalle, jolloin lopputulos on 100 % paakkuuntumaton. Huomaa, ett\u00e4 ripsiv\u00e4ri on vedenpit\u00e4v\u00e4 ja tarvitset poistoaineen vedenkest\u00e4v\u00e4\u00e4 silm\u00e4meikki\u00e4 varten. V\u00e4ri: Musta<\/p>\n","protected":false},"excerpt":{"rendered":"<p>L&#8217;Or\u00e9al Paris Volume Million Lashes Mascara Waterproof Black L&acute;Oreal Paris Volume Million Lashes Mascara Waterproof antaa ripsille enemm\u00e4n kuin volyymia. Miljoonastavassa harjassa on erityisen pehme\u00e4t harjakset, jotka saavuttavat jokaisen ripsen. Uusi \u00e4lyk\u00e4s s\u00e4ili\u00f6 tarkoittaa, ett\u00e4 saat juuri oikean m\u00e4\u00e4r\u00e4n ripsiv\u00e4ri\u00e4 harjalle, jolloin lopputulos on 100 % paakkuuntumaton. Huomaa, ett\u00e4 ripsiv\u00e4ri on vedenpit\u00e4v\u00e4 ja tarvitset poistoaineen [&hellip;]<\/p>\n","protected":false},"featured_media":131927,"comment_status":"open","ping_status":"closed","template":"","meta":{"_trash_the_other_posts":false},"product_brand":[],"product_cat":[1003,618],"product_tag":[],"berocket_brand":[2000],"class_list":{"0":"post-131928","1":"product","2":"type-product","3":"status-publish","4":"has-post-thumbnail","6":"product_cat-myydyimmat","7":"product_cat-ripsivari","8":"pa_brand-loreal-paris-2","9":"berocket_brand-loreal-paris","11":"first","12":"instock","13":"sale","14":"taxable","15":"shipping-taxable","16":"purchasable","17":"product-type-simple"},"_links":{"self":[{"href":"https:\/\/stylingagenten.com\/fi\/wp-json\/wp\/v2\/product\/131928","targetHints":{"allow":["GET"]}}],"collection":[{"href":"https:\/\/stylingagenten.com\/fi\/wp-json\/wp\/v2\/product"}],"about":[{"href":"https:\/\/stylingagenten.com\/fi\/wp-json\/wp\/v2\/types\/product"}],"replies":[{"embeddable":true,"href":"https:\/\/stylingagenten.com\/fi\/wp-json\/wp\/v2\/comments?post=131928"}],"version-history":[{"count":0,"href":"https:\/\/stylingagenten.com\/fi\/wp-json\/wp\/v2\/product\/131928\/revisions"}],"wp:featuredmedia":[{"embeddable":true,"href":"https:\/\/stylingagenten.com\/fi\/wp-json\/wp\/v2\/media\/131927"}],"wp:attachment":[{"href":"https:\/\/stylingagenten.com\/fi\/wp-json\/wp\/v2\/media?parent=131928"}],"wp:term":[{"taxonomy":"product_brand","embeddable":true,"href":"https:\/\/stylingagenten.com\/fi\/wp-json\/wp\/v2\/product_brand?post=131928"},{"taxonomy":"product_cat","embeddable":true,"href":"https:\/\/stylingagenten.com\/fi\/wp-json\/wp\/v2\/product_cat?post=131928"},{"taxonomy":"product_tag","embeddable":true,"href":"https:\/\/stylingagenten.com\/fi\/wp-json\/wp\/v2\/product_tag?post=131928"},{"taxonomy":"berocket_brand","embeddable":true,"href":"https:\/\/stylingagenten.com\/fi\/wp-json\/wp\/v2\/berocket_brand?post=131928"}],"curies":[{"name":"wp","href":"https:\/\/api.w.org\/{rel}","templated":true}]}}