{"id":131922,"date":"2025-05-18T22:28:05","date_gmt":"2025-05-18T22:28:05","guid":{"rendered":"https:\/\/staging2.stylingagenten.com\/fi\/produkt\/loreal-paris-volume-million-lashes-so-couture-black-95ml\/"},"modified":"2026-03-21T19:17:38","modified_gmt":"2026-03-21T19:17:38","slug":"loreal-paris-volume-million-lashes-so-couture-black-95ml","status":"publish","type":"product","link":"https:\/\/stylingagenten.com\/fi\/tuote\/loreal-paris-volume-million-lashes-so-couture-black-95ml\/","title":{"rendered":"L&#8217;Oreal Paris Volume Million Lashes So Couture Black 9,5ml"},"content":{"rendered":"<p>L&#8217;Or\u00e9al Paris Volume Million Lashes So Couture Black antaa erottuvan, luonnollisen ilmeen pehme\u00e4n kumiharjan ja lyhyiden harjasten avulla. Volume Million Lashes So Couture tarjoaa upean volyymin hienostuneella tarkkuudella. Harja m\u00e4\u00e4rittelee ja korostaa jokaista ripsi\u00e4, jotta voit muokata ulkoasuasi. Yksi pyyhk\u00e4isy luonnollisille ripsille tai kerros kerrokselle saadaksesi intensiivisen lookin. Ihana ripsiv\u00e4ri, joka antaa upean couture-volyymin ripsille samalla, kun se antaa intensiivisen s\u00e4vyn ilman kokkareita! V\u00e4ri: Musta<\/p>\n","protected":false},"excerpt":{"rendered":"<p>L&#8217;Or\u00e9al Paris Volume Million Lashes So Couture Black antaa erottuvan, luonnollisen ilmeen pehme\u00e4n kumiharjan ja lyhyiden harjasten avulla. Volume Million Lashes So Couture tarjoaa upean volyymin hienostuneella tarkkuudella. Harja m\u00e4\u00e4rittelee ja korostaa jokaista ripsi\u00e4, jotta voit muokata ulkoasuasi. Yksi pyyhk\u00e4isy luonnollisille ripsille tai kerros kerrokselle saadaksesi intensiivisen lookin. Ihana ripsiv\u00e4ri, joka antaa upean couture-volyymin ripsille [&hellip;]<\/p>\n","protected":false},"featured_media":131921,"comment_status":"open","ping_status":"closed","template":"","meta":{"_trash_the_other_posts":false},"product_brand":[],"product_cat":[618],"product_tag":[],"berocket_brand":[2000],"class_list":{"0":"post-131922","1":"product","2":"type-product","3":"status-publish","4":"has-post-thumbnail","6":"product_cat-ripsivari","7":"pa_brand-loreal-paris-2","8":"berocket_brand-loreal-paris","10":"first","11":"instock","12":"sale","13":"taxable","14":"shipping-taxable","15":"purchasable","16":"product-type-simple"},"_links":{"self":[{"href":"https:\/\/stylingagenten.com\/fi\/wp-json\/wp\/v2\/product\/131922","targetHints":{"allow":["GET"]}}],"collection":[{"href":"https:\/\/stylingagenten.com\/fi\/wp-json\/wp\/v2\/product"}],"about":[{"href":"https:\/\/stylingagenten.com\/fi\/wp-json\/wp\/v2\/types\/product"}],"replies":[{"embeddable":true,"href":"https:\/\/stylingagenten.com\/fi\/wp-json\/wp\/v2\/comments?post=131922"}],"version-history":[{"count":0,"href":"https:\/\/stylingagenten.com\/fi\/wp-json\/wp\/v2\/product\/131922\/revisions"}],"wp:featuredmedia":[{"embeddable":true,"href":"https:\/\/stylingagenten.com\/fi\/wp-json\/wp\/v2\/media\/131921"}],"wp:attachment":[{"href":"https:\/\/stylingagenten.com\/fi\/wp-json\/wp\/v2\/media?parent=131922"}],"wp:term":[{"taxonomy":"product_brand","embeddable":true,"href":"https:\/\/stylingagenten.com\/fi\/wp-json\/wp\/v2\/product_brand?post=131922"},{"taxonomy":"product_cat","embeddable":true,"href":"https:\/\/stylingagenten.com\/fi\/wp-json\/wp\/v2\/product_cat?post=131922"},{"taxonomy":"product_tag","embeddable":true,"href":"https:\/\/stylingagenten.com\/fi\/wp-json\/wp\/v2\/product_tag?post=131922"},{"taxonomy":"berocket_brand","embeddable":true,"href":"https:\/\/stylingagenten.com\/fi\/wp-json\/wp\/v2\/berocket_brand?post=131922"}],"curies":[{"name":"wp","href":"https:\/\/api.w.org\/{rel}","templated":true}]}}