{"id":131920,"date":"2025-05-18T22:28:03","date_gmt":"2025-05-18T22:28:03","guid":{"rendered":"https:\/\/staging2.stylingagenten.com\/fi\/produkt\/loreal-mascara-lash-paradise\/"},"modified":"2026-04-14T13:57:27","modified_gmt":"2026-04-14T13:57:27","slug":"loreal-mascara-lash-paradise","status":"publish","type":"product","link":"https:\/\/stylingagenten.com\/fi\/tuote\/loreal-mascara-lash-paradise\/","title":{"rendered":"L&#8217;Oreal Mascara Lash Paradise"},"content":{"rendered":"<p>Vie ripset paratiisiin Lash Paradisen avulla! Pehme\u00e4 ja hieman aaltoileva harja imee maksimaalisen koostumuksen ja vangitsee jokaisen ripsen dramaattisen volyymivaikutelman aikaansaamiseksi. Ripsiv\u00e4ri antaa ripsille pituuden sek\u00e4 rakennettavan ja t\u00e4yden volyymin. 6,4 ml<\/p>\n","protected":false},"excerpt":{"rendered":"<p>Vie ripset paratiisiin Lash Paradisen avulla! Pehme\u00e4 ja hieman aaltoileva harja imee maksimaalisen koostumuksen ja vangitsee jokaisen ripsen dramaattisen volyymivaikutelman aikaansaamiseksi. Ripsiv\u00e4ri antaa ripsille pituuden sek\u00e4 rakennettavan ja t\u00e4yden volyymin. 6,4 ml<\/p>\n","protected":false},"featured_media":131915,"comment_status":"open","ping_status":"closed","template":"","meta":{"_trash_the_other_posts":false},"product_brand":[],"product_cat":[618],"product_tag":[],"berocket_brand":[2000],"class_list":{"0":"post-131920","1":"product","2":"type-product","3":"status-publish","4":"has-post-thumbnail","6":"product_cat-ripsivari","7":"pa_brand-loreal-paris-2","8":"berocket_brand-loreal-paris","10":"first","11":"instock","12":"sale","13":"taxable","14":"shipping-taxable","15":"purchasable","16":"product-type-simple"},"_links":{"self":[{"href":"https:\/\/stylingagenten.com\/fi\/wp-json\/wp\/v2\/product\/131920","targetHints":{"allow":["GET"]}}],"collection":[{"href":"https:\/\/stylingagenten.com\/fi\/wp-json\/wp\/v2\/product"}],"about":[{"href":"https:\/\/stylingagenten.com\/fi\/wp-json\/wp\/v2\/types\/product"}],"replies":[{"embeddable":true,"href":"https:\/\/stylingagenten.com\/fi\/wp-json\/wp\/v2\/comments?post=131920"}],"version-history":[{"count":1,"href":"https:\/\/stylingagenten.com\/fi\/wp-json\/wp\/v2\/product\/131920\/revisions"}],"predecessor-version":[{"id":443169,"href":"https:\/\/stylingagenten.com\/fi\/wp-json\/wp\/v2\/product\/131920\/revisions\/443169"}],"wp:featuredmedia":[{"embeddable":true,"href":"https:\/\/stylingagenten.com\/fi\/wp-json\/wp\/v2\/media\/131915"}],"wp:attachment":[{"href":"https:\/\/stylingagenten.com\/fi\/wp-json\/wp\/v2\/media?parent=131920"}],"wp:term":[{"taxonomy":"product_brand","embeddable":true,"href":"https:\/\/stylingagenten.com\/fi\/wp-json\/wp\/v2\/product_brand?post=131920"},{"taxonomy":"product_cat","embeddable":true,"href":"https:\/\/stylingagenten.com\/fi\/wp-json\/wp\/v2\/product_cat?post=131920"},{"taxonomy":"product_tag","embeddable":true,"href":"https:\/\/stylingagenten.com\/fi\/wp-json\/wp\/v2\/product_tag?post=131920"},{"taxonomy":"berocket_brand","embeddable":true,"href":"https:\/\/stylingagenten.com\/fi\/wp-json\/wp\/v2\/berocket_brand?post=131920"}],"curies":[{"name":"wp","href":"https:\/\/api.w.org\/{rel}","templated":true}]}}